{"id":4,"date":"2016-09-19T20:43:38","date_gmt":"2016-09-19T18:43:38","guid":{"rendered":"http:\/\/la-maison-chabbert.com\/?page_id=4"},"modified":"2016-12-04T20:16:14","modified_gmt":"2016-12-04T19:16:14","slug":"welkom","status":"publish","type":"page","link":"https:\/\/la-maison-chabbert.com\/de\/","title":{"rendered":"Wilkommen"},"content":{"rendered":"<h1>Bonjour!<\/h1>\n<p><img loading=\"lazy\" decoding=\"async\" class=\"img-rand alignnone wp-image-126\" src=\"http:\/\/la-maison-chabbert.com\/wp-content\/uploads\/la-maison-chabbert-entrer.jpg\" alt=\"la-maison-chabbert-entrer\" width=\"810\" height=\"158\" srcset=\"https:\/\/la-maison-chabbert.com\/wp-content\/uploads\/la-maison-chabbert-entrer.jpg 770w, https:\/\/la-maison-chabbert.com\/wp-content\/uploads\/la-maison-chabbert-entrer-300x58.jpg 300w, https:\/\/la-maison-chabbert.com\/wp-content\/uploads\/la-maison-chabbert-entrer-768x150.jpg 768w\" sizes=\"auto, (max-width: 810px) 85vw, 810px\" \/><\/p>\n<p style=\"text-align: justify;\">Mit Freude und gro\u00dfem Stolz pr\u00e4sentieren wir Ihnen das Zimmer mit Fr\u00fchst\u00fcck<em>&nbsp;La Maison Chabbert<\/em>, eingebettet in das liebliche \u00d6rtchen Beaufort im Weinbaugebiet Minervois, gelegen an der Grenze der Departements Aude und Herault in der s\u00fcdfranz\u00f6sischen Provinz Okzitanien (bis 1. Oktober 2016 Languedoc-Roussillon).<\/p>\n<p style=\"text-align: justify;\">Wir haben unser &#8218;chambre d&#8217;h\u00f4tes&#8216; (\u00dcbernachtung mit Fr\u00fchst\u00fcck) in einem sch\u00f6nen Herrenhaus aus dem Jahre 1863 eingerichtet. Nach sorgf\u00e4ltiger Renovierung verf\u00fcgt <em>La Maison Chabbert <\/em>jetzt \u00fcber moderne Anlagen unter Beibehaltung des originalen historischen Charmes und Stils. Wie immer das Wetter sein mag, findet man viele perfekte Pl\u00e4tze um auszuspannen und abzuschalten, entweder draussen im herrlich belaubten Garten oder in den einladenden und grossz\u00fcgigen R\u00e4umlichkeiten im Haus.<\/p>\n<p style=\"text-align: justify;\">Beaufort mit seinen etwa 200 Einwohnern liegt mitten in den sonnendurchfluteten Weinfeldern des geschichtstr\u00e4chtigen Minervois. \u00dcber dem Dorf thront eine Burg, die einst der Verteidigung des malerischen Dorfes Minerve diente. W\u00e4hrend des 18.Jahrhunderts wurde die Burg auf den mittelalterlichen Fundamenten des Dorfes teilweise wieder aufgebaut. Pr\u00e4historische Ausgrabungen haben \u00dcberreste aus der neolithischen und gallo-romanischen Periode freigelegt. Ein alter von Pilgern von Santiago de Campostella benutzter Weg (<em>Cami Romieu)<\/em> besteht heute noch. Ein Teil der Kirche <em>St. Martin<\/em> stammt aus dem 11.Jahrhundert.<\/p>\n<p style=\"text-align: justify;\">Das lebhafte \u00d6rtchen <em>Olonzac<\/em> liegt weniger als drei Kilometer entfernt und hat viel zu bieten. Jeden Dienstagvormittag findet dort ein Wochenmarkt statt. Etwa 30 Kilometer Richtung K\u00fcste liegt Narbonne, eine Stadt mit 50.000 Einwohnern und mediterranem Flair. Von hier aus kann man bequem die wundervollen Str\u00e4nde von Narbonne entdecken.<\/p>\n<p style=\"text-align: justify;\"><em>Beauforts<\/em> Umgebung bietet viele M\u00f6glichkeiten f\u00fcr phantastische Wanderungen, Radtouren und Sehensw\u00fcrdigkeiten, die man auf eigene Faust entdecken kann. Mehr Informationen \u00fcber Olonzac und andere Orte findet man an anderer Stelle unserer Website.<\/p>\n<p style=\"text-align: justify;\">Wir freuen uns darauf, Sie als Gast begr\u00fcssen zu d\u00fcrfen und Ihnen den Aufenthalt so erfreulich wie m\u00f6glich zu gestalten. Vor unserem Umzug von Holland nach Frankreich war Dick Patissier und Annemarie Hotel-Rezeptionistin und Franz\u00f6sisch-Lehrerin. Unsere Liebe zu Frankreich begann vor vielen Jahren und wir empfinden es als grosses Privileg, diese gemeinsame Leidenschaft im La Maison Chabbert lebendig werden zu lassen.<\/p>\n<p style=\"text-align: justify;\">Wir freuen uns auf Ihren Besuch!<\/p>\n<p style=\"text-align: justify;\">Dick und Annemarie<\/p>\n<p style=\"text-align: justify;\">&nbsp;<\/p>\nngg_shortcode_0_placeholder\n","protected":false},"excerpt":{"rendered":"<p>Bonjour! Mit Freude und gro\u00dfem Stolz pr\u00e4sentieren wir Ihnen das Zimmer mit Fr\u00fchst\u00fcck&nbsp;La Maison Chabbert, eingebettet in das liebliche \u00d6rtchen Beaufort im Weinbaugebiet Minervois, gelegen an der Grenze der Departements Aude und Herault in der s\u00fcdfranz\u00f6sischen Provinz Okzitanien (bis 1. Oktober 2016 Languedoc-Roussillon). Wir haben unser &#8218;chambre d&#8217;h\u00f4tes&#8216; (\u00dcbernachtung mit Fr\u00fchst\u00fcck) in einem sch\u00f6nen Herrenhaus &hellip; <a href=\"https:\/\/la-maison-chabbert.com\/de\/\" class=\"more-link\"><span class=\"screen-reader-text\">\u201eWilkommen\u201c<\/span> weiterlesen<\/a><\/p>\n","protected":false},"author":1,"featured_media":254,"parent":0,"menu_order":0,"comment_status":"closed","ping_status":"closed","template":"","meta":{"ngg_post_thumbnail":0,"footnotes":""},"class_list":["post-4","page","type-page","status-publish","has-post-thumbnail","hentry"],"translation":{"provider":"WPGlobus","version":"3.0.0","language":"de","enabled_languages":["nl","fr","gb","de"],"languages":{"nl":{"title":true,"content":true,"excerpt":false},"fr":{"title":true,"content":true,"excerpt":false},"gb":{"title":true,"content":true,"excerpt":false},"de":{"title":true,"content":true,"excerpt":false}}},"yoast_head":"<!-- This site is optimized with the Yoast SEO plugin v24.4 - https:\/\/yoast.com\/wordpress\/plugins\/seo\/ -->\n<title>Zimmer und Fr\u00fcst\u00fcck in Beaufort-Minervois-Fr | La Maison Chabbert<\/title>\n<meta name=\"description\" content=\"Zimmer und Fr\u00fcst\u00fcck La Maison Chabbert in Beaufort \u2013 B&amp;B mit originalem historischem Charme und Stil im Minervois, Provinz Occitania (Languedoc), Frankreich\" \/>\n<meta name=\"robots\" content=\"index, follow, max-snippet:-1, max-image-preview:large, max-video-preview:-1\" \/>\n<link rel=\"canonical\" href=\"https:\/\/la-maison-chabbert.com\/\" \/>\n<meta property=\"og:locale\" content=\"de_DE\" \/>\n<meta property=\"og:type\" content=\"article\" \/>\n<meta property=\"og:title\" content=\"Zimmer und Fr\u00fcst\u00fcck in Beaufort-Minervois-Fr | La Maison Chabbert\" \/>\n<meta property=\"og:description\" content=\"Zimmer und Fr\u00fcst\u00fcck La Maison Chabbert in Beaufort \u2013 B&amp;B mit originalem historischem Charme und Stil im Minervois, Provinz Occitania (Languedoc), Frankreich\" \/>\n<meta property=\"og:url\" content=\"https:\/\/la-maison-chabbert.com\/\" \/>\n<meta property=\"og:site_name\" content=\"La Maison Chabbert\" \/>\n<meta property=\"article:publisher\" content=\"https:\/\/www.facebook.com\/search\/top?q=lamaisonchabbert\" \/>\n<meta property=\"article:modified_time\" content=\"2016-12-04T19:16:14+00:00\" \/>\n<meta property=\"og:image\" content=\"https:\/\/la-maison-chabbert.com\/wp-content\/uploads\/banner8.png\" \/>\n\t<meta property=\"og:image:width\" content=\"1200\" \/>\n\t<meta property=\"og:image:height\" content=\"216\" \/>\n\t<meta property=\"og:image:type\" content=\"image\/png\" \/>\n<meta name=\"twitter:card\" content=\"summary_large_image\" \/>\n<meta name=\"twitter:label1\" content=\"Gesch\u00e4tzte Lesezeit\" \/>\n\t<meta name=\"twitter:data1\" content=\"8\u00a0Minuten\" \/>\n<script type=\"application\/ld+json\" class=\"yoast-schema-graph\">{\"@context\":\"https:\/\/schema.org\",\"@graph\":[{\"@type\":\"WebPage\",\"@id\":\"https:\/\/la-maison-chabbert.com\/\",\"url\":\"https:\/\/la-maison-chabbert.com\/\",\"name\":\"Zimmer und Fr\u00fcst\u00fcck in Beaufort-Minervois-Fr | La Maison Chabbert\",\"isPartOf\":{\"@id\":\"https:\/\/la-maison-chabbert.com\/#website\"},\"primaryImageOfPage\":{\"@id\":\"https:\/\/la-maison-chabbert.com\/#primaryimage\"},\"image\":{\"@id\":\"https:\/\/la-maison-chabbert.com\/#primaryimage\"},\"thumbnailUrl\":\"https:\/\/la-maison-chabbert.com\/wp-content\/uploads\/banner8.png\",\"datePublished\":\"2016-09-19T18:43:38+00:00\",\"dateModified\":\"2016-12-04T19:16:14+00:00\",\"description\":\"Zimmer und Fr\u00fcst\u00fcck La Maison Chabbert in Beaufort \u2013 B&B mit originalem historischem Charme und Stil im Minervois, Provinz Occitania (Languedoc), Frankreich\",\"breadcrumb\":{\"@id\":\"https:\/\/la-maison-chabbert.com\/#breadcrumb\"},\"inLanguage\":\"de\",\"potentialAction\":[{\"@type\":\"ReadAction\",\"target\":[\"https:\/\/la-maison-chabbert.com\/\"]}]},{\"@type\":\"ImageObject\",\"inLanguage\":\"de\",\"@id\":\"https:\/\/la-maison-chabbert.com\/#primaryimage\",\"url\":\"https:\/\/la-maison-chabbert.com\/wp-content\/uploads\/banner8.png\",\"contentUrl\":\"https:\/\/la-maison-chabbert.com\/wp-content\/uploads\/banner8.png\",\"width\":1200,\"height\":216},{\"@type\":\"BreadcrumbList\",\"@id\":\"https:\/\/la-maison-chabbert.com\/#breadcrumb\",\"itemListElement\":[{\"@type\":\"ListItem\",\"position\":1,\"name\":\"Home\",\"item\":\"https:\/\/la-maison-chabbert.com\/\"},{\"@type\":\"ListItem\",\"position\":2,\"name\":\"Welkom\"}]},{\"@type\":\"WebSite\",\"@id\":\"https:\/\/la-maison-chabbert.com\/#website\",\"url\":\"https:\/\/la-maison-chabbert.com\/\",\"name\":\"La Maison Chabbert\",\"description\":\"schepje\",\"publisher\":{\"@id\":\"https:\/\/la-maison-chabbert.com\/#organization\"},\"potentialAction\":[{\"@type\":\"SearchAction\",\"target\":{\"@type\":\"EntryPoint\",\"urlTemplate\":\"https:\/\/la-maison-chabbert.com\/?s={search_term_string}\"},\"query-input\":{\"@type\":\"PropertyValueSpecification\",\"valueRequired\":true,\"valueName\":\"search_term_string\"}}],\"inLanguage\":\"de\"},{\"@type\":\"Organization\",\"@id\":\"https:\/\/la-maison-chabbert.com\/#organization\",\"name\":\"La Maison Chabbert\",\"url\":\"https:\/\/la-maison-chabbert.com\/\",\"logo\":{\"@type\":\"ImageObject\",\"inLanguage\":\"de\",\"@id\":\"https:\/\/la-maison-chabbert.com\/#\/schema\/logo\/image\/\",\"url\":\"https:\/\/la-maison-chabbert.com\/wp-content\/uploads\/chabbert.png\",\"contentUrl\":\"https:\/\/la-maison-chabbert.com\/wp-content\/uploads\/chabbert.png\",\"width\":421,\"height\":432,\"caption\":\"La Maison Chabbert\"},\"image\":{\"@id\":\"https:\/\/la-maison-chabbert.com\/#\/schema\/logo\/image\/\"},\"sameAs\":[\"https:\/\/www.facebook.com\/search\/top?q=lamaisonchabbert\",\"https:\/\/www.instagram.com\/lamaisonchabbert\/\"]}]}<\/script>\n<!-- \/ Yoast SEO plugin. -->","yoast_head_json":{"title":"Zimmer und Fr\u00fcst\u00fcck in Beaufort-Minervois-Fr | La Maison Chabbert","description":"Zimmer und Fr\u00fcst\u00fcck La Maison Chabbert in Beaufort \u2013 B&B mit originalem historischem Charme und Stil im Minervois, Provinz Occitania (Languedoc), Frankreich","robots":{"index":"index","follow":"follow","max-snippet":"max-snippet:-1","max-image-preview":"max-image-preview:large","max-video-preview":"max-video-preview:-1"},"canonical":"https:\/\/la-maison-chabbert.com\/","og_locale":"de_DE","og_type":"article","og_title":"Zimmer und Fr\u00fcst\u00fcck in Beaufort-Minervois-Fr | La Maison Chabbert","og_description":"Zimmer und Fr\u00fcst\u00fcck La Maison Chabbert in Beaufort \u2013 B&B mit originalem historischem Charme und Stil im Minervois, Provinz Occitania (Languedoc), Frankreich","og_url":"https:\/\/la-maison-chabbert.com\/","og_site_name":"La Maison Chabbert","article_publisher":"https:\/\/www.facebook.com\/search\/top?q=lamaisonchabbert","article_modified_time":"2016-12-04T19:16:14+00:00","og_image":[{"width":1200,"height":216,"url":"https:\/\/la-maison-chabbert.com\/wp-content\/uploads\/banner8.png","type":"image\/png"}],"twitter_card":"summary_large_image","twitter_misc":{"Gesch\u00e4tzte Lesezeit":"8\u00a0Minuten"},"schema":{"@context":"https:\/\/schema.org","@graph":[{"@type":"WebPage","@id":"https:\/\/la-maison-chabbert.com\/","url":"https:\/\/la-maison-chabbert.com\/","name":"Zimmer und Fr\u00fcst\u00fcck in Beaufort-Minervois-Fr | La Maison Chabbert","isPartOf":{"@id":"https:\/\/la-maison-chabbert.com\/#website"},"primaryImageOfPage":{"@id":"https:\/\/la-maison-chabbert.com\/#primaryimage"},"image":{"@id":"https:\/\/la-maison-chabbert.com\/#primaryimage"},"thumbnailUrl":"https:\/\/la-maison-chabbert.com\/wp-content\/uploads\/banner8.png","datePublished":"2016-09-19T18:43:38+00:00","dateModified":"2016-12-04T19:16:14+00:00","description":"Zimmer und Fr\u00fcst\u00fcck La Maison Chabbert in Beaufort \u2013 B&B mit originalem historischem Charme und Stil im Minervois, Provinz Occitania (Languedoc), Frankreich","breadcrumb":{"@id":"https:\/\/la-maison-chabbert.com\/#breadcrumb"},"inLanguage":"de","potentialAction":[{"@type":"ReadAction","target":["https:\/\/la-maison-chabbert.com\/"]}]},{"@type":"ImageObject","inLanguage":"de","@id":"https:\/\/la-maison-chabbert.com\/#primaryimage","url":"https:\/\/la-maison-chabbert.com\/wp-content\/uploads\/banner8.png","contentUrl":"https:\/\/la-maison-chabbert.com\/wp-content\/uploads\/banner8.png","width":1200,"height":216},{"@type":"BreadcrumbList","@id":"https:\/\/la-maison-chabbert.com\/#breadcrumb","itemListElement":[{"@type":"ListItem","position":1,"name":"Home","item":"https:\/\/la-maison-chabbert.com\/"},{"@type":"ListItem","position":2,"name":"Welkom"}]},{"@type":"WebSite","@id":"https:\/\/la-maison-chabbert.com\/#website","url":"https:\/\/la-maison-chabbert.com\/","name":"La Maison Chabbert","description":"schepje","publisher":{"@id":"https:\/\/la-maison-chabbert.com\/#organization"},"potentialAction":[{"@type":"SearchAction","target":{"@type":"EntryPoint","urlTemplate":"https:\/\/la-maison-chabbert.com\/?s={search_term_string}"},"query-input":{"@type":"PropertyValueSpecification","valueRequired":true,"valueName":"search_term_string"}}],"inLanguage":"de"},{"@type":"Organization","@id":"https:\/\/la-maison-chabbert.com\/#organization","name":"La Maison Chabbert","url":"https:\/\/la-maison-chabbert.com\/","logo":{"@type":"ImageObject","inLanguage":"de","@id":"https:\/\/la-maison-chabbert.com\/#\/schema\/logo\/image\/","url":"https:\/\/la-maison-chabbert.com\/wp-content\/uploads\/chabbert.png","contentUrl":"https:\/\/la-maison-chabbert.com\/wp-content\/uploads\/chabbert.png","width":421,"height":432,"caption":"La Maison Chabbert"},"image":{"@id":"https:\/\/la-maison-chabbert.com\/#\/schema\/logo\/image\/"},"sameAs":["https:\/\/www.facebook.com\/search\/top?q=lamaisonchabbert","https:\/\/www.instagram.com\/lamaisonchabbert\/"]}]}},"_links":{"self":[{"href":"https:\/\/la-maison-chabbert.com\/de\/wp-json\/wp\/v2\/pages\/4","targetHints":{"allow":["GET"]}}],"collection":[{"href":"https:\/\/la-maison-chabbert.com\/de\/wp-json\/wp\/v2\/pages"}],"about":[{"href":"https:\/\/la-maison-chabbert.com\/de\/wp-json\/wp\/v2\/types\/page"}],"author":[{"embeddable":true,"href":"https:\/\/la-maison-chabbert.com\/de\/wp-json\/wp\/v2\/users\/1"}],"replies":[{"embeddable":true,"href":"https:\/\/la-maison-chabbert.com\/de\/wp-json\/wp\/v2\/comments?post=4"}],"version-history":[{"count":104,"href":"https:\/\/la-maison-chabbert.com\/de\/wp-json\/wp\/v2\/pages\/4\/revisions"}],"predecessor-version":[{"id":5481,"href":"https:\/\/la-maison-chabbert.com\/de\/wp-json\/wp\/v2\/pages\/4\/revisions\/5481"}],"wp:featuredmedia":[{"embeddable":true,"href":"https:\/\/la-maison-chabbert.com\/de\/wp-json\/wp\/v2\/media\/254"}],"wp:attachment":[{"href":"https:\/\/la-maison-chabbert.com\/de\/wp-json\/wp\/v2\/media?parent=4"}],"curies":[{"name":"wp","href":"https:\/\/api.w.org\/{rel}","templated":true}]}}