{"id":82,"date":"2016-10-05T21:35:29","date_gmt":"2016-10-05T19:35:29","guid":{"rendered":"http:\/\/la-maison-chabbert.com\/?page_id=82"},"modified":"2025-06-10T09:11:46","modified_gmt":"2025-06-10T07:11:46","slug":"route","status":"publish","type":"page","link":"https:\/\/la-maison-chabbert.com\/de\/route\/","title":{"rendered":"Route"},"content":{"rendered":"<h1>Karte<\/h1>\n<p>GPS Koordinaten: 43.298549, 2.758699<\/p>\n<p><iframe loading=\"lazy\" src=\"https:\/\/maps.google.de\/maps?f=q&amp;source=s_q&amp;hl=de&amp;geocode=&amp;q=2+Rue+Centrale,+34210+Beaufort,+Frankrijk&amp;aq=0&amp;oq=2+rue+Centrale+34210+Beaufort&amp;sll=43.298877,2.758534&amp;sspn=0.006208,0.009645&amp;ie=UTF8&amp;hq=&amp;hnear=2+Rue+Centrale,+34210+Beaufort,+H%C3%A9rault,+Languedoc-Roussillon,+Frankrijk&amp;t=m&amp;ll=44.063907,4.185791&amp;spn=3.789261,7.03125&amp;z=7&amp;iwloc=A&amp;output=embed\" width=\"640\" height=\"480\" frameborder=\"0\" marginwidth=\"0\" marginheight=\"0\" scrolling=\"no\"><\/iframe><br \/>\n<small><a style=\"color: #0000ff; text-align: left;\" href=\"https:\/\/maps.google.nl\/maps?f=q&amp;source=embed&amp;hl=nl&amp;geocode=&amp;q=2+Rue+Centrale,+34210+Beaufort,+Frankrijk&amp;aq=0&amp;oq=2+rue+Centrale+34210+Beaufort&amp;sll=43.298877,2.758534&amp;sspn=0.006208,0.009645&amp;ie=UTF8&amp;hq=&amp;hnear=2+Rue+Centrale,+34210+Beaufort,+H%C3%A9rault,+Languedoc-Roussillon,+Frankrijk&amp;t=m&amp;ll=44.063907,4.185791&amp;spn=3.789261,7.03125&amp;z=7&amp;iwloc=A\">Gr\u00f6\u00dfere karte ansehen<\/a><\/small><\/p>\n<h3><strong>Mit dem Auto<\/strong><\/h3>\n<p>Aus Deutschland \u00fcber Luxemburg oder M\u00fchlhausen. Bitte nutzen Sie z. B.l google maps f\u00fcr Ihre Routenplanung.<\/p>\n<p>Einige n\u00fctzliche websites:<br \/>\n<a href=\"http:\/\/www.bison-fute.gouv.fr\/index,langen.html\" target=\"_blank\" rel=\"noopener\">www.bison-fute.gouv.fr<br \/>\n<\/a><a href=\"http:\/\/www.bison-fute.gouv.fr\/IMG\/pdf\/18223_Calendrier_2019_Bison_Fute_A3_Simple.pdf\" target=\"_blank\" rel=\"noopener\">Calendar traffic forecast 2019<\/a><\/p>\n<h3><strong>Mit dem Flugzeug<\/strong><\/h3>\n<p>Von vielen deutschen Flugh\u00e4fen nach Toulouse.<\/p>\n<p>Von D\u00fcsseldorf-Weeze nach B\u00e9ziers, jeweils Montag und Freitag vom 26.&nbsp;M\u00e4rz&nbsp;bis einschlie\u00dflich Oktober 2018.&nbsp;<\/p>\n","protected":false},"excerpt":{"rendered":"<p>Karte GPS Koordinaten: 43.298549, 2.758699 Gr\u00f6\u00dfere karte ansehen Mit dem Auto Aus Deutschland \u00fcber Luxemburg oder M\u00fchlhausen. Bitte nutzen Sie z. B.l google maps f\u00fcr Ihre Routenplanung. Einige n\u00fctzliche websites: www.bison-fute.gouv.fr Calendar traffic forecast 2019 Mit dem Flugzeug Von vielen deutschen Flugh\u00e4fen nach Toulouse. Von D\u00fcsseldorf-Weeze nach B\u00e9ziers, jeweils Montag und Freitag vom 26.&nbsp;M\u00e4rz&nbsp;bis einschlie\u00dflich &hellip; <a href=\"https:\/\/la-maison-chabbert.com\/de\/route\/\" class=\"more-link\"><span class=\"screen-reader-text\">\u201eRoute\u201c<\/span> weiterlesen<\/a><\/p>\n","protected":false},"author":1,"featured_media":1399,"parent":0,"menu_order":7,"comment_status":"closed","ping_status":"closed","template":"","meta":{"ngg_post_thumbnail":0,"footnotes":""},"class_list":["post-82","page","type-page","status-publish","has-post-thumbnail","hentry"],"translation":{"provider":"WPGlobus","version":"3.0.0","language":"de","enabled_languages":["nl","fr","gb","de"],"languages":{"nl":{"title":true,"content":true,"excerpt":false},"fr":{"title":true,"content":true,"excerpt":false},"gb":{"title":true,"content":true,"excerpt":false},"de":{"title":true,"content":true,"excerpt":false}}},"yoast_head":"<!-- This site is optimized with the Yoast SEO plugin v24.4 - https:\/\/yoast.com\/wordpress\/plugins\/seo\/ -->\n<title>Route - La Maison Chabbert<\/title>\n<meta name=\"robots\" content=\"index, follow, max-snippet:-1, max-image-preview:large, max-video-preview:-1\" \/>\n<link rel=\"canonical\" href=\"https:\/\/la-maison-chabbert.com\/route\/\" \/>\n<meta property=\"og:locale\" content=\"de_DE\" \/>\n<meta property=\"og:type\" content=\"article\" \/>\n<meta property=\"og:title\" content=\"Route - La Maison Chabbert\" \/>\n<meta property=\"og:url\" content=\"https:\/\/la-maison-chabbert.com\/route\/\" \/>\n<meta property=\"og:site_name\" content=\"La Maison Chabbert\" \/>\n<meta property=\"article:publisher\" content=\"https:\/\/www.facebook.com\/search\/top?q=lamaisonchabbert\" \/>\n<meta property=\"article:modified_time\" content=\"2025-06-10T07:11:46+00:00\" \/>\n<meta property=\"og:image\" content=\"https:\/\/la-maison-chabbert.com\/wp-content\/uploads\/Banner-2.jpg\" \/>\n\t<meta property=\"og:image:width\" content=\"1200\" \/>\n\t<meta property=\"og:image:height\" content=\"216\" \/>\n\t<meta property=\"og:image:type\" content=\"image\/jpeg\" \/>\n<meta name=\"twitter:card\" content=\"summary_large_image\" \/>\n<meta name=\"twitter:label1\" content=\"Gesch\u00e4tzte Lesezeit\" \/>\n\t<meta name=\"twitter:data1\" content=\"3\u00a0Minuten\" \/>\n<script type=\"application\/ld+json\" class=\"yoast-schema-graph\">{\"@context\":\"https:\/\/schema.org\",\"@graph\":[{\"@type\":\"WebPage\",\"@id\":\"https:\/\/la-maison-chabbert.com\/route\/\",\"url\":\"https:\/\/la-maison-chabbert.com\/route\/\",\"name\":\"Route - La Maison Chabbert\",\"isPartOf\":{\"@id\":\"https:\/\/la-maison-chabbert.com\/#website\"},\"primaryImageOfPage\":{\"@id\":\"https:\/\/la-maison-chabbert.com\/route\/#primaryimage\"},\"image\":{\"@id\":\"https:\/\/la-maison-chabbert.com\/route\/#primaryimage\"},\"thumbnailUrl\":\"https:\/\/la-maison-chabbert.com\/wp-content\/uploads\/Banner-2.jpg\",\"datePublished\":\"2016-10-05T19:35:29+00:00\",\"dateModified\":\"2025-06-10T07:11:46+00:00\",\"breadcrumb\":{\"@id\":\"https:\/\/la-maison-chabbert.com\/route\/#breadcrumb\"},\"inLanguage\":\"de\",\"potentialAction\":[{\"@type\":\"ReadAction\",\"target\":[\"https:\/\/la-maison-chabbert.com\/route\/\"]}]},{\"@type\":\"ImageObject\",\"inLanguage\":\"de\",\"@id\":\"https:\/\/la-maison-chabbert.com\/route\/#primaryimage\",\"url\":\"https:\/\/la-maison-chabbert.com\/wp-content\/uploads\/Banner-2.jpg\",\"contentUrl\":\"https:\/\/la-maison-chabbert.com\/wp-content\/uploads\/Banner-2.jpg\",\"width\":1200,\"height\":216},{\"@type\":\"BreadcrumbList\",\"@id\":\"https:\/\/la-maison-chabbert.com\/route\/#breadcrumb\",\"itemListElement\":[{\"@type\":\"ListItem\",\"position\":1,\"name\":\"Home\",\"item\":\"https:\/\/la-maison-chabbert.com\/\"},{\"@type\":\"ListItem\",\"position\":2,\"name\":\"Route\"}]},{\"@type\":\"WebSite\",\"@id\":\"https:\/\/la-maison-chabbert.com\/#website\",\"url\":\"https:\/\/la-maison-chabbert.com\/\",\"name\":\"La Maison Chabbert\",\"description\":\"schepje\",\"publisher\":{\"@id\":\"https:\/\/la-maison-chabbert.com\/#organization\"},\"potentialAction\":[{\"@type\":\"SearchAction\",\"target\":{\"@type\":\"EntryPoint\",\"urlTemplate\":\"https:\/\/la-maison-chabbert.com\/?s={search_term_string}\"},\"query-input\":{\"@type\":\"PropertyValueSpecification\",\"valueRequired\":true,\"valueName\":\"search_term_string\"}}],\"inLanguage\":\"de\"},{\"@type\":\"Organization\",\"@id\":\"https:\/\/la-maison-chabbert.com\/#organization\",\"name\":\"La Maison Chabbert\",\"url\":\"https:\/\/la-maison-chabbert.com\/\",\"logo\":{\"@type\":\"ImageObject\",\"inLanguage\":\"de\",\"@id\":\"https:\/\/la-maison-chabbert.com\/#\/schema\/logo\/image\/\",\"url\":\"https:\/\/la-maison-chabbert.com\/wp-content\/uploads\/chabbert.png\",\"contentUrl\":\"https:\/\/la-maison-chabbert.com\/wp-content\/uploads\/chabbert.png\",\"width\":421,\"height\":432,\"caption\":\"La Maison Chabbert\"},\"image\":{\"@id\":\"https:\/\/la-maison-chabbert.com\/#\/schema\/logo\/image\/\"},\"sameAs\":[\"https:\/\/www.facebook.com\/search\/top?q=lamaisonchabbert\",\"https:\/\/www.instagram.com\/lamaisonchabbert\/\"]}]}<\/script>\n<!-- \/ Yoast SEO plugin. -->","yoast_head_json":{"title":"Route - La Maison Chabbert","robots":{"index":"index","follow":"follow","max-snippet":"max-snippet:-1","max-image-preview":"max-image-preview:large","max-video-preview":"max-video-preview:-1"},"canonical":"https:\/\/la-maison-chabbert.com\/route\/","og_locale":"de_DE","og_type":"article","og_title":"Route - La Maison Chabbert","og_url":"https:\/\/la-maison-chabbert.com\/route\/","og_site_name":"La Maison Chabbert","article_publisher":"https:\/\/www.facebook.com\/search\/top?q=lamaisonchabbert","article_modified_time":"2025-06-10T07:11:46+00:00","og_image":[{"width":1200,"height":216,"url":"https:\/\/la-maison-chabbert.com\/wp-content\/uploads\/Banner-2.jpg","type":"image\/jpeg"}],"twitter_card":"summary_large_image","twitter_misc":{"Gesch\u00e4tzte Lesezeit":"3\u00a0Minuten"},"schema":{"@context":"https:\/\/schema.org","@graph":[{"@type":"WebPage","@id":"https:\/\/la-maison-chabbert.com\/route\/","url":"https:\/\/la-maison-chabbert.com\/route\/","name":"Route - La Maison Chabbert","isPartOf":{"@id":"https:\/\/la-maison-chabbert.com\/#website"},"primaryImageOfPage":{"@id":"https:\/\/la-maison-chabbert.com\/route\/#primaryimage"},"image":{"@id":"https:\/\/la-maison-chabbert.com\/route\/#primaryimage"},"thumbnailUrl":"https:\/\/la-maison-chabbert.com\/wp-content\/uploads\/Banner-2.jpg","datePublished":"2016-10-05T19:35:29+00:00","dateModified":"2025-06-10T07:11:46+00:00","breadcrumb":{"@id":"https:\/\/la-maison-chabbert.com\/route\/#breadcrumb"},"inLanguage":"de","potentialAction":[{"@type":"ReadAction","target":["https:\/\/la-maison-chabbert.com\/route\/"]}]},{"@type":"ImageObject","inLanguage":"de","@id":"https:\/\/la-maison-chabbert.com\/route\/#primaryimage","url":"https:\/\/la-maison-chabbert.com\/wp-content\/uploads\/Banner-2.jpg","contentUrl":"https:\/\/la-maison-chabbert.com\/wp-content\/uploads\/Banner-2.jpg","width":1200,"height":216},{"@type":"BreadcrumbList","@id":"https:\/\/la-maison-chabbert.com\/route\/#breadcrumb","itemListElement":[{"@type":"ListItem","position":1,"name":"Home","item":"https:\/\/la-maison-chabbert.com\/"},{"@type":"ListItem","position":2,"name":"Route"}]},{"@type":"WebSite","@id":"https:\/\/la-maison-chabbert.com\/#website","url":"https:\/\/la-maison-chabbert.com\/","name":"La Maison Chabbert","description":"schepje","publisher":{"@id":"https:\/\/la-maison-chabbert.com\/#organization"},"potentialAction":[{"@type":"SearchAction","target":{"@type":"EntryPoint","urlTemplate":"https:\/\/la-maison-chabbert.com\/?s={search_term_string}"},"query-input":{"@type":"PropertyValueSpecification","valueRequired":true,"valueName":"search_term_string"}}],"inLanguage":"de"},{"@type":"Organization","@id":"https:\/\/la-maison-chabbert.com\/#organization","name":"La Maison Chabbert","url":"https:\/\/la-maison-chabbert.com\/","logo":{"@type":"ImageObject","inLanguage":"de","@id":"https:\/\/la-maison-chabbert.com\/#\/schema\/logo\/image\/","url":"https:\/\/la-maison-chabbert.com\/wp-content\/uploads\/chabbert.png","contentUrl":"https:\/\/la-maison-chabbert.com\/wp-content\/uploads\/chabbert.png","width":421,"height":432,"caption":"La Maison Chabbert"},"image":{"@id":"https:\/\/la-maison-chabbert.com\/#\/schema\/logo\/image\/"},"sameAs":["https:\/\/www.facebook.com\/search\/top?q=lamaisonchabbert","https:\/\/www.instagram.com\/lamaisonchabbert\/"]}]}},"_links":{"self":[{"href":"https:\/\/la-maison-chabbert.com\/de\/wp-json\/wp\/v2\/pages\/82","targetHints":{"allow":["GET"]}}],"collection":[{"href":"https:\/\/la-maison-chabbert.com\/de\/wp-json\/wp\/v2\/pages"}],"about":[{"href":"https:\/\/la-maison-chabbert.com\/de\/wp-json\/wp\/v2\/types\/page"}],"author":[{"embeddable":true,"href":"https:\/\/la-maison-chabbert.com\/de\/wp-json\/wp\/v2\/users\/1"}],"replies":[{"embeddable":true,"href":"https:\/\/la-maison-chabbert.com\/de\/wp-json\/wp\/v2\/comments?post=82"}],"version-history":[{"count":51,"href":"https:\/\/la-maison-chabbert.com\/de\/wp-json\/wp\/v2\/pages\/82\/revisions"}],"predecessor-version":[{"id":6747,"href":"https:\/\/la-maison-chabbert.com\/de\/wp-json\/wp\/v2\/pages\/82\/revisions\/6747"}],"wp:featuredmedia":[{"embeddable":true,"href":"https:\/\/la-maison-chabbert.com\/de\/wp-json\/wp\/v2\/media\/1399"}],"wp:attachment":[{"href":"https:\/\/la-maison-chabbert.com\/de\/wp-json\/wp\/v2\/media?parent=82"}],"curies":[{"name":"wp","href":"https:\/\/api.w.org\/{rel}","templated":true}]}}