{"id":3277,"date":"2019-08-24T18:42:50","date_gmt":"2019-08-24T16:42:50","guid":{"rendered":"https:\/\/la-maison-chabbert.com\/?page_id=3277"},"modified":"2025-11-21T18:56:10","modified_gmt":"2025-11-21T17:56:10","slug":"wandelen","status":"publish","type":"page","link":"https:\/\/la-maison-chabbert.com\/fr\/wandelen\/","title":{"rendered":"Partir en randonn\u00e9e"},"content":{"rendered":"ngg_shortcode_0_placeholder<div class=\"su-spacer\" style=\"height:30px\"><\/div>\n<h3><strong>Un choix parmi les randonn\u00e9es p\u00e9destres:<\/strong><\/h3>\n<h3>Autour de la Maison Chabbert<\/h3>\n<p>Vous partez de la maison et explorez le village et les environs imm\u00e9diats. Possibilit\u00e9 de quelques kilom\u00e8tres \u00e0 16,5 km et de diff\u00e9rentes distances entre les deux.<\/p>\n<h3>La Malvoisine, 6 km, d\u00e9part \u00e0 Minerve<\/h3>\n<p>Cette randonn\u00e9e peut \u00eatre combin\u00e9e avec une visite du beau village de Minerve, o\u00f9 vous d\u00e9couvrez l&rsquo;histoire des Cathares et le si\u00e8ge du village en 1210.<br \/>\nMinerve est \u00e9galement connu pour sa situation g\u00e9ographique particuli\u00e8re, car il est entour\u00e9 par les gorges de la Cesse et du Brian. Il y a deux ponts (ou tunnels) impressionnants, qui sont naturellement \u00e9rod\u00e9s par la Cesse. Une partie de l&rsquo;ann\u00e9e, la rivi\u00e8re est \u00e0 sec en surface et vous pouvez marcher dans les tunnels.<\/p>\n<h3>Font Galine, 11 km, d\u00e9part \u00e0 Cesseras<\/h3>\n<p>Pendant la randonn\u00e9e, vous aurez une vue imprenable sur les gorges et les falaises. Dans ces environs sauvages et calmes, des vignes et de la garrigue alternent avec des for\u00eats de pins et des prairies.<\/p>\n<h3>Le Causse, 14 km, d\u00e9part \u00e0 La Caunette&nbsp;<\/h3>\n<p>La Promenade Le Causse vous emm\u00e8ne \u00e0 travers des sentiers limitrophe \u00e0 des falaises calcaires. Vous d\u00e9couvrirez les magnifiques paysages des causses (plateaux calcaires) du Minervois. Par temps clair, les Pyr\u00e9n\u00e9es et la M\u00e9diterran\u00e9e sont visibles en arri\u00e8re-plan.<\/p>\n<h3><strong>Jour 3<\/strong>, L\u2019\u00c9cluse de l\u2019Aiguille, 12 km, d\u00e9part \u00e0 Puich\u00e9ric<\/h3>\n<p>Cette journ\u00e9e, une randon\u00e9e tr\u00e8s diff\u00e9rente et plus plate autour du Canal du Midi, inscrit au patrimoine mondial de l&rsquo;UNESCO.&nbsp;<br \/>\nDe Puich\u00e9ric vous marchez vers le canal o\u00f9 vous rencontrerez un pont-canal (aqueduc) et la double \u00e9cluse de l&rsquo;Aiguille. Il est toujours agr\u00e9able de regarder les bateaux qui sont \u00e9clus\u00e9s et il y a aussi une exposition sp\u00e9ciale et dr\u00f4le de sculptures en fer, faites par l\u2019\u00e9clusier.&nbsp;<br \/>\nLa randonn\u00e9e se poursuit \u00e0 l\u2019\u00e9tang ass\u00e9ch\u00e9 de Marseillette, qui a c\u00e9d\u00e9 la place aux vignobles, aux pommeraies et aux rizi\u00e8res! Dans la derni\u00e8re partie de la randonn\u00e9e, vous marchez le long du Canal du Midi.<\/p>\n<h3>L\u2019\u00c9panchoir et les Douze Ponts, 15,5 km, d\u00e9part \u00e0 La Redorte-Port de la Fabrique<\/h3>\n<p>Cette Randonn\u00e9e se compose de deux boucles : 3,2 km et 12,3 km, qui partent toutes les deux de l&rsquo;ancien port de La Redorte, un port important \u00e0 l\u2019\u00e9poque.&nbsp;<br \/>\nPendant la petite boucle. vous verrez plusieurs ouvrages ing\u00e9nieuses du Canal du Midi, comme l&rsquo;\u00c9panchoir, qui permet d&rsquo;\u00e9vacuer automatiquement le trop plein du canal dans la rivi\u00e8re Argent Double qui passe en contrebas.<\/p>\n<h3><strong>Bon \u00e0 savoir<\/strong><\/h3>\n<p>Souvent, il est conseill\u00e9 de sortir avec quelque chose \u00e0 manger et \u00e0 boire. Nous proposons la possibilit\u00e9 de pr\u00e9parer votre casse-cro\u00fbte \u00e0 un co\u00fbt suppl\u00e9mentaire de \u20ac 5.00 p.p.<\/p>\n<p>Nous pouvons vous d\u00e9poser et\/ou venir vous chercher \u00e0 un certain endroit, d\u2019o\u00f9 vous voulez partir ou arriver. Par exemple, vous pourriez emprunter une partie du GR77.&nbsp;<br \/>\nEn 2019, Beaufort est devenu une \u00e9tape officielle du chemin de p\u00e8lerinage le plus m\u00e9ridional vers Saint-Jacques-de-Compostelle, le Chemin d&rsquo;Arles ou la Via Tolosana. Au premier semestre 2020, les marquages seront plac\u00e9s pour cette nouvelle variante sur le chemin Montpellier &#8211; Carcassonne, qui est en ligne avec le GR78.<\/p>\n<p>&nbsp;<\/p>\n","protected":false},"excerpt":{"rendered":"<p>\u00a0\u00bb order_by=\u00a0\u00bbsortorder\u00a0\u00bb order_direction=\u00a0\u00bbASC\u00a0\u00bb returns=\u00a0\u00bbincluded\u00a0\u00bb maximum_entity_count=\u00a0\u00bb500&Prime;] Un choix parmi les randonn\u00e9es p\u00e9destres: Autour de la Maison Chabbert Vous partez de la maison et explorez le village et les environs imm\u00e9diats. Possibilit\u00e9 de quelques kilom\u00e8tres \u00e0 16,5 km et de diff\u00e9rentes distances entre les deux. La Malvoisine, 6 km, d\u00e9part \u00e0 Minerve Cette randonn\u00e9e peut \u00eatre combin\u00e9e &hellip; <a href=\"https:\/\/la-maison-chabbert.com\/fr\/wandelen\/\" class=\"more-link\">Continuer la lecture<span class=\"screen-reader-text\"> de &laquo;&nbsp;Partir en randonn\u00e9e&nbsp;&raquo;<\/span><\/a><\/p>\n","protected":false},"author":2,"featured_media":4515,"parent":0,"menu_order":0,"comment_status":"closed","ping_status":"closed","template":"","meta":{"ngg_post_thumbnail":0,"footnotes":""},"class_list":["post-3277","page","type-page","status-publish","has-post-thumbnail","hentry"],"translation":{"provider":"WPGlobus","version":"3.0.0","language":"fr","enabled_languages":["nl","fr","gb","de"],"languages":{"nl":{"title":true,"content":true,"excerpt":false},"fr":{"title":true,"content":true,"excerpt":false},"gb":{"title":false,"content":true,"excerpt":false},"de":{"title":false,"content":true,"excerpt":false}}},"yoast_head":"<!-- This site is optimized with the Yoast SEO plugin v24.4 - https:\/\/yoast.com\/wordpress\/plugins\/seo\/ -->\n<title>Partir en randonn\u00e9e - La Maison Chabbert<\/title>\n<meta name=\"robots\" content=\"index, follow, max-snippet:-1, max-image-preview:large, max-video-preview:-1\" \/>\n<link rel=\"canonical\" href=\"https:\/\/la-maison-chabbert.com\/wandelen\/\" \/>\n<meta property=\"og:locale\" content=\"fr_FR\" \/>\n<meta property=\"og:type\" content=\"article\" \/>\n<meta property=\"og:title\" content=\"Partir en randonn\u00e9e - La Maison Chabbert\" \/>\n<meta property=\"og:url\" content=\"https:\/\/la-maison-chabbert.com\/wandelen\/\" \/>\n<meta property=\"og:site_name\" content=\"La Maison Chabbert\" \/>\n<meta property=\"article:publisher\" content=\"https:\/\/www.facebook.com\/search\/top?q=lamaisonchabbert\" \/>\n<meta property=\"article:modified_time\" content=\"2025-11-21T17:56:10+00:00\" \/>\n<meta property=\"og:image\" content=\"https:\/\/la-maison-chabbert.com\/wp-content\/uploads\/panorama-wandelfoto-verkleind.jpg\" \/>\n\t<meta property=\"og:image:width\" content=\"1920\" \/>\n\t<meta property=\"og:image:height\" content=\"422\" \/>\n\t<meta property=\"og:image:type\" content=\"image\/jpeg\" \/>\n<meta name=\"twitter:card\" content=\"summary_large_image\" \/>\n<meta name=\"twitter:label1\" content=\"Dur\u00e9e de lecture estim\u00e9e\" \/>\n\t<meta name=\"twitter:data1\" content=\"3 minutes\" \/>\n<script type=\"application\/ld+json\" class=\"yoast-schema-graph\">{\"@context\":\"https:\/\/schema.org\",\"@graph\":[{\"@type\":\"WebPage\",\"@id\":\"https:\/\/la-maison-chabbert.com\/wandelen\/\",\"url\":\"https:\/\/la-maison-chabbert.com\/wandelen\/\",\"name\":\"Partir en randonn\u00e9e - La Maison Chabbert\",\"isPartOf\":{\"@id\":\"https:\/\/la-maison-chabbert.com\/#website\"},\"primaryImageOfPage\":{\"@id\":\"https:\/\/la-maison-chabbert.com\/wandelen\/#primaryimage\"},\"image\":{\"@id\":\"https:\/\/la-maison-chabbert.com\/wandelen\/#primaryimage\"},\"thumbnailUrl\":\"https:\/\/la-maison-chabbert.com\/wp-content\/uploads\/panorama-wandelfoto-verkleind.jpg\",\"datePublished\":\"2019-08-24T16:42:50+00:00\",\"dateModified\":\"2025-11-21T17:56:10+00:00\",\"breadcrumb\":{\"@id\":\"https:\/\/la-maison-chabbert.com\/wandelen\/#breadcrumb\"},\"inLanguage\":\"fr-FR\",\"potentialAction\":[{\"@type\":\"ReadAction\",\"target\":[\"https:\/\/la-maison-chabbert.com\/wandelen\/\"]}]},{\"@type\":\"ImageObject\",\"inLanguage\":\"fr-FR\",\"@id\":\"https:\/\/la-maison-chabbert.com\/wandelen\/#primaryimage\",\"url\":\"https:\/\/la-maison-chabbert.com\/wp-content\/uploads\/panorama-wandelfoto-verkleind.jpg\",\"contentUrl\":\"https:\/\/la-maison-chabbert.com\/wp-content\/uploads\/panorama-wandelfoto-verkleind.jpg\",\"width\":1920,\"height\":422},{\"@type\":\"BreadcrumbList\",\"@id\":\"https:\/\/la-maison-chabbert.com\/wandelen\/#breadcrumb\",\"itemListElement\":[{\"@type\":\"ListItem\",\"position\":1,\"name\":\"Home\",\"item\":\"https:\/\/la-maison-chabbert.com\/\"},{\"@type\":\"ListItem\",\"position\":2,\"name\":\"Wandelen\"}]},{\"@type\":\"WebSite\",\"@id\":\"https:\/\/la-maison-chabbert.com\/#website\",\"url\":\"https:\/\/la-maison-chabbert.com\/\",\"name\":\"La Maison Chabbert\",\"description\":\"schepje\",\"publisher\":{\"@id\":\"https:\/\/la-maison-chabbert.com\/#organization\"},\"potentialAction\":[{\"@type\":\"SearchAction\",\"target\":{\"@type\":\"EntryPoint\",\"urlTemplate\":\"https:\/\/la-maison-chabbert.com\/?s={search_term_string}\"},\"query-input\":{\"@type\":\"PropertyValueSpecification\",\"valueRequired\":true,\"valueName\":\"search_term_string\"}}],\"inLanguage\":\"fr-FR\"},{\"@type\":\"Organization\",\"@id\":\"https:\/\/la-maison-chabbert.com\/#organization\",\"name\":\"La Maison Chabbert\",\"url\":\"https:\/\/la-maison-chabbert.com\/\",\"logo\":{\"@type\":\"ImageObject\",\"inLanguage\":\"fr-FR\",\"@id\":\"https:\/\/la-maison-chabbert.com\/#\/schema\/logo\/image\/\",\"url\":\"https:\/\/la-maison-chabbert.com\/wp-content\/uploads\/chabbert.png\",\"contentUrl\":\"https:\/\/la-maison-chabbert.com\/wp-content\/uploads\/chabbert.png\",\"width\":421,\"height\":432,\"caption\":\"La Maison Chabbert\"},\"image\":{\"@id\":\"https:\/\/la-maison-chabbert.com\/#\/schema\/logo\/image\/\"},\"sameAs\":[\"https:\/\/www.facebook.com\/search\/top?q=lamaisonchabbert\",\"https:\/\/www.instagram.com\/lamaisonchabbert\/\"]}]}<\/script>\n<!-- \/ Yoast SEO plugin. -->","yoast_head_json":{"title":"Partir en randonn\u00e9e - La Maison Chabbert","robots":{"index":"index","follow":"follow","max-snippet":"max-snippet:-1","max-image-preview":"max-image-preview:large","max-video-preview":"max-video-preview:-1"},"canonical":"https:\/\/la-maison-chabbert.com\/wandelen\/","og_locale":"fr_FR","og_type":"article","og_title":"Partir en randonn\u00e9e - La Maison Chabbert","og_url":"https:\/\/la-maison-chabbert.com\/wandelen\/","og_site_name":"La Maison Chabbert","article_publisher":"https:\/\/www.facebook.com\/search\/top?q=lamaisonchabbert","article_modified_time":"2025-11-21T17:56:10+00:00","og_image":[{"width":1920,"height":422,"url":"https:\/\/la-maison-chabbert.com\/wp-content\/uploads\/panorama-wandelfoto-verkleind.jpg","type":"image\/jpeg"}],"twitter_card":"summary_large_image","twitter_misc":{"Dur\u00e9e de lecture estim\u00e9e":"3 minutes"},"schema":{"@context":"https:\/\/schema.org","@graph":[{"@type":"WebPage","@id":"https:\/\/la-maison-chabbert.com\/wandelen\/","url":"https:\/\/la-maison-chabbert.com\/wandelen\/","name":"Partir en randonn\u00e9e - La Maison Chabbert","isPartOf":{"@id":"https:\/\/la-maison-chabbert.com\/#website"},"primaryImageOfPage":{"@id":"https:\/\/la-maison-chabbert.com\/wandelen\/#primaryimage"},"image":{"@id":"https:\/\/la-maison-chabbert.com\/wandelen\/#primaryimage"},"thumbnailUrl":"https:\/\/la-maison-chabbert.com\/wp-content\/uploads\/panorama-wandelfoto-verkleind.jpg","datePublished":"2019-08-24T16:42:50+00:00","dateModified":"2025-11-21T17:56:10+00:00","breadcrumb":{"@id":"https:\/\/la-maison-chabbert.com\/wandelen\/#breadcrumb"},"inLanguage":"fr-FR","potentialAction":[{"@type":"ReadAction","target":["https:\/\/la-maison-chabbert.com\/wandelen\/"]}]},{"@type":"ImageObject","inLanguage":"fr-FR","@id":"https:\/\/la-maison-chabbert.com\/wandelen\/#primaryimage","url":"https:\/\/la-maison-chabbert.com\/wp-content\/uploads\/panorama-wandelfoto-verkleind.jpg","contentUrl":"https:\/\/la-maison-chabbert.com\/wp-content\/uploads\/panorama-wandelfoto-verkleind.jpg","width":1920,"height":422},{"@type":"BreadcrumbList","@id":"https:\/\/la-maison-chabbert.com\/wandelen\/#breadcrumb","itemListElement":[{"@type":"ListItem","position":1,"name":"Home","item":"https:\/\/la-maison-chabbert.com\/"},{"@type":"ListItem","position":2,"name":"Wandelen"}]},{"@type":"WebSite","@id":"https:\/\/la-maison-chabbert.com\/#website","url":"https:\/\/la-maison-chabbert.com\/","name":"La Maison Chabbert","description":"schepje","publisher":{"@id":"https:\/\/la-maison-chabbert.com\/#organization"},"potentialAction":[{"@type":"SearchAction","target":{"@type":"EntryPoint","urlTemplate":"https:\/\/la-maison-chabbert.com\/?s={search_term_string}"},"query-input":{"@type":"PropertyValueSpecification","valueRequired":true,"valueName":"search_term_string"}}],"inLanguage":"fr-FR"},{"@type":"Organization","@id":"https:\/\/la-maison-chabbert.com\/#organization","name":"La Maison Chabbert","url":"https:\/\/la-maison-chabbert.com\/","logo":{"@type":"ImageObject","inLanguage":"fr-FR","@id":"https:\/\/la-maison-chabbert.com\/#\/schema\/logo\/image\/","url":"https:\/\/la-maison-chabbert.com\/wp-content\/uploads\/chabbert.png","contentUrl":"https:\/\/la-maison-chabbert.com\/wp-content\/uploads\/chabbert.png","width":421,"height":432,"caption":"La Maison Chabbert"},"image":{"@id":"https:\/\/la-maison-chabbert.com\/#\/schema\/logo\/image\/"},"sameAs":["https:\/\/www.facebook.com\/search\/top?q=lamaisonchabbert","https:\/\/www.instagram.com\/lamaisonchabbert\/"]}]}},"_links":{"self":[{"href":"https:\/\/la-maison-chabbert.com\/fr\/wp-json\/wp\/v2\/pages\/3277","targetHints":{"allow":["GET"]}}],"collection":[{"href":"https:\/\/la-maison-chabbert.com\/fr\/wp-json\/wp\/v2\/pages"}],"about":[{"href":"https:\/\/la-maison-chabbert.com\/fr\/wp-json\/wp\/v2\/types\/page"}],"author":[{"embeddable":true,"href":"https:\/\/la-maison-chabbert.com\/fr\/wp-json\/wp\/v2\/users\/2"}],"replies":[{"embeddable":true,"href":"https:\/\/la-maison-chabbert.com\/fr\/wp-json\/wp\/v2\/comments?post=3277"}],"version-history":[{"count":118,"href":"https:\/\/la-maison-chabbert.com\/fr\/wp-json\/wp\/v2\/pages\/3277\/revisions"}],"predecessor-version":[{"id":6813,"href":"https:\/\/la-maison-chabbert.com\/fr\/wp-json\/wp\/v2\/pages\/3277\/revisions\/6813"}],"wp:featuredmedia":[{"embeddable":true,"href":"https:\/\/la-maison-chabbert.com\/fr\/wp-json\/wp\/v2\/media\/4515"}],"wp:attachment":[{"href":"https:\/\/la-maison-chabbert.com\/fr\/wp-json\/wp\/v2\/media?parent=3277"}],"curies":[{"name":"wp","href":"https:\/\/api.w.org\/{rel}","templated":true}]}}