{"id":3614,"date":"2019-09-08T23:00:19","date_gmt":"2019-09-08T21:00:19","guid":{"rendered":"https:\/\/la-maison-chabbert.com\/?page_id=3614"},"modified":"2025-11-21T18:44:57","modified_gmt":"2025-11-21T17:44:57","slug":"fietsen","status":"publish","type":"page","link":"https:\/\/la-maison-chabbert.com\/fr\/fietsen\/","title":{"rendered":"Balades \u00e0 v\u00e9lo"},"content":{"rendered":"ngg_shortcode_0_placeholder<div class=\"su-spacer\" style=\"height:30px\"><\/div>Si vous apportez vos propres v\u00e9los, nous les garderons en toute s\u00e9curit\u00e9 \u00e0 l&rsquo;int\u00e9rieur.<\/p>\n<p>Si vous souhaitez louer des v\u00e9los, nous vous recommandons: <a href=\"https:\/\/www.languedoc-vtt-evasion.com\/location-velos-vtt\/\">https:\/\/www.languedoc-vtt-evasion.com\/location-velos-vtt\/<\/a> \u00e0 Narbonne. Sur le site web, vous trouverez diff\u00e9rents types de v\u00e9los, y compris des v\u00e9los \u00e9lectriques. Il y a la possibilit\u00e9 de faire livrer et r\u00e9cup\u00e9rer les v\u00e9los chez nous.<\/p>\n<h3><strong>Propositions de balades \u00e0 v\u00e9lo hybride et \u00e0 v\u00e9lo de route<\/strong><\/h3>\n<h3><strong>\u00c0 v\u00e9lo hybride<\/strong><\/h3>\n<p>En fonction du nombre de kilom\u00e8tres que vous voulez parcourir et compte tenu des diff\u00e9rences d&rsquo;altitude, nous vous laisserons faire de belles excursions dans le Minervois de village en village. En direction et le long du Canal du Midi il est assez plat pour faire du v\u00e9lo.<\/p>\n<p>Un plus grand d\u00e9fi c\u2018est une balade \u00e0 Minerve, o\u00f9 vous devrez faire face \u00e0 environ 200 m\u00e8tres de d\u00e9nivel\u00e9. Nous avons toutes sortes de brochures et nous pouvons vous donner beaucoup d&rsquo;informations sur ce qu&rsquo;il faut voir en cours de route.<\/p>\n<p>Nous aimons encourager l&rsquo;utilisation du v\u00e9lo et nous avons \u00e9t\u00e9 labellis\u00e9s <em>Accueil V\u00e9lo<\/em>. Nous figurons comme adresse de s\u00e9jour sur l&rsquo;itin\u00e9raire <em>Le canal des 2 mers \u00e0 v\u00e9lo<\/em> (itin\u00e9raire de l&#8217;embouchure de la Gironde \u00e0 la M\u00e9diterran\u00e9e). Vous trouverez ci-dessous un bel itin\u00e9raire cyclable de <em>l\u2019Accueil V\u00e9lo<\/em>, que vous pouvez emprunter depuis La Maison Chabbert.<\/p>\n<p><iframe loading=\"lazy\" src=\"https:\/\/www.francevelotourisme.com\/widget\/etape\/256?poi=62870b77-92d0-58de-a15a-b2bda850482b&amp;btsite=Voir%20le%20site%20officiel&amp;btetape=D%C3%A9tails%20de%20l%27%C3%A9tape\" width=\"100%\" height=\"760\" frameborder=\"0\" scrolling=\"auto\" align=\"middle\"> <\/iframe><\/p>\n<h3><strong>\u00c0 v\u00e9lo hybride<\/strong>, mais d&rsquo;abord en voiture pour se rendre \u00e0 un autre endroit, pour faire du v\u00e9lo \u00e0 partir de l\u00e0<\/h3>\n<p>Pour aller \u00e0 Narbonne en voiture, c&rsquo;est une demi-heure de route. Vous pourriez vous garer ici, visiter la ville et ensuite faire du v\u00e9lo vers la c\u00f4te. Vous pourriez \u00e9galement vous rendre en voiture \u00e0 Narbonne Plage ou \u00e0 Gruissan, \u00e0 un quart d&rsquo;heure de Narbonne, pour faire du v\u00e9lo le long de la c\u00f4te ou sur la magnifique \u00eele Saint Martin. Nous disposons d&rsquo;informations sur plusieurs pistes cyclables dans cette r\u00e9gion, qui couvrent ensemble environ 65 km.<\/p>\n<p>De B\u00e9ziers, il est \u00e9galement agr\u00e9able de se rendre \u00e0 la c\u00f4te \u00e0 v\u00e9lo. Comme point de d\u00e9part, vous pourriez choisir les 9 \u00e9cluses de Fonseranes, un site int\u00e9ressant. D\u2019ici il est environ 16 km \u00e0 la mer (Portiragnes Plage) et vous pourriez encore continuer votre route pendant 10 km jusqu&rsquo;au Cap d&rsquo;Agde.<\/p>\n<p>Une autre bonne id\u00e9e est de se rendre en voiture \u00e0 un endroit, qui est situ\u00e9 \u00e0 c\u00f4t\u00e9 de la voie verte Passapa\u00efs. Cette voie verte est un sentier p\u00e9destre et cycliste de 80 kilom\u00e8tres, construit sur une ancienne ligne de chemin de fer qui traverse le Parc naturel r\u00e9gional du Haut-Languedoc. Vous pourriez, par exemple, faire une partie du parcours depuis le beau village d&rsquo;Olargues.<\/p>\n<h3><strong>\u00c0 v\u00e9lo de route<\/strong><\/h3>\n<p>Dick a parcouru la r\u00e9gion \u00e0 de nombreuses reprises \u00e0 son v\u00e9lo de course et il pourra donc bien vous renseigner sur les belles routes et les haltes agr\u00e9ables pour prendre un caf\u00e9 ou d\u00e9jeuner. Voici quelques suggestions.<\/p>\n<h3>Circuit pour explorer le Minervois<\/h3>\n<p>Un circuit de 60 km environ de village en village le long du nombre infini de vignobles du Minervois. Vous roulez le long des gorges impressionnantes de Minerve. Ce beau village est connu pour son histoire cathare f\u00e9roce et sa situation g\u00e9ographique particuli\u00e8re. Ensuite, c&rsquo;est merveilleux de p\u00e9daler sur un beau plateau vers F\u00e9lines Minervois et \u00e0 travers la r\u00e9gion viticole AOC Minervois La Livini\u00e8re.<\/p>\n<h3>Parcours par le Parc r\u00e9gional du Haut-Languedoc, environ 60 km.<\/h3>\n<p>En passant par de beaux villages, vous vous rendrez \u00e0 Saint-Chinian, par un itin\u00e9raire que les coureurs du Tour de France ont \u00e9galement emprunt\u00e9. Tous les jeudis et dimanches matin, un march\u00e9 color\u00e9 se tient ici sous les platanes centenaires. Le retour se fait via Assignan, un village r\u00e9nov\u00e9 par un couple belge avec une charmante petite place et une cave tr\u00e8s particuli\u00e8re. Vous passerez ensuite par Saint Jean de Minervois, c\u00e9l\u00e8bre pour son d\u00e9licieux vin muscat et la r\u00e9gion viticole AOC Minervois La Livini\u00e8re.<\/p>\n<h3>Parcours par le Parc r\u00e9gional du Haut-Languedoc, environ 120 km.<\/h3>\n<p>Comme d\u00e9crit ci-dessus, vous vous rendrez d&rsquo;abord \u00e0 Saint-Chinian, puis vous continuerez \u00e0 Roquebrun. Ce village b\u00e9n\u00e9ficie d&rsquo;un microclimat et cela se voit clairement dans les orangers, les citronniers et les palmiers. Il y a une plage idyllique sur les rives de l&rsquo;Orb, la rivi\u00e8re que vous longerez ensuite. Vous passerez le beau village d&rsquo;Olargues et descendrez vers La Maison Chabbert par Saint Pons et Minerve.<\/p>\n<h3>Hors cat\u00e9gorie, environ 120 km<\/h3>\n<p>L&rsquo;ascension du Pic de Nore, surnomm\u00e9 le \u2018Petit Ventoux\u2019, pourrait \u00eatre consid\u00e9r\u00e9e comme votre mont\u00e9e hors cat\u00e9gorie. Avec ses 1211 m\u00e8tres, le Pic de Nore est le point culminant de la Montagne Noire. En 2018, ce col a fait partie d\u2019une \u00e9tape du Tour de France. Depuis la Maison Chabbert, c&rsquo;est un grand tour d&rsquo;environ 120 km.<\/p>\n<p>Vous pourriez \u00e9galement vous rendre en voiture \u00e0 Caunes ou \u00e0 Villeneuve, pour y monter le col. Vous allez alors faire un aller-retour de 60 km. Caunes est connu pour les extractions du marbre rose. Dans le village, on peut voir toutes sortes de sculptures et dans les ch\u00e2teaux importants, comme Versailles, on retrouve le marbre rose de Caunes.<\/p>\n<p>Au Pic de Nore se trouve un grand \u00e9metteur de t\u00e9l\u00e9vision et par temps clair, vous avez une vue panoramique, m\u00eame jusqu&rsquo;\u00e0 la mer M\u00e9diterran\u00e9e.<\/p>\n","protected":false},"excerpt":{"rendered":"<p>\u00a0\u00bb order_by=\u00a0\u00bbsortorder\u00a0\u00bb order_direction=\u00a0\u00bbASC\u00a0\u00bb returns=\u00a0\u00bbincluded\u00a0\u00bb maximum_entity_count=\u00a0\u00bb500&Prime;]Si vous apportez vos propres v\u00e9los, nous les garderons en toute s\u00e9curit\u00e9 \u00e0 l&rsquo;int\u00e9rieur. Si vous souhaitez louer des v\u00e9los, nous vous recommandons: https:\/\/www.languedoc-vtt-evasion.com\/location-velos-vtt\/ \u00e0 Narbonne. Sur le site web, vous trouverez diff\u00e9rents types de v\u00e9los, y compris des v\u00e9los \u00e9lectriques. Il y a la possibilit\u00e9 de faire livrer et r\u00e9cup\u00e9rer &hellip; <a href=\"https:\/\/la-maison-chabbert.com\/fr\/fietsen\/\" class=\"more-link\">Continuer la lecture<span class=\"screen-reader-text\"> de &laquo;&nbsp;Balades \u00e0 v\u00e9lo&nbsp;&raquo;<\/span><\/a><\/p>\n","protected":false},"author":2,"featured_media":4514,"parent":0,"menu_order":0,"comment_status":"closed","ping_status":"closed","template":"","meta":{"ngg_post_thumbnail":0,"footnotes":""},"class_list":["post-3614","page","type-page","status-publish","has-post-thumbnail","hentry"],"translation":{"provider":"WPGlobus","version":"3.0.0","language":"fr","enabled_languages":["nl","fr","gb","de"],"languages":{"nl":{"title":true,"content":true,"excerpt":false},"fr":{"title":true,"content":true,"excerpt":false},"gb":{"title":false,"content":true,"excerpt":false},"de":{"title":false,"content":true,"excerpt":false}}},"yoast_head":"<!-- This site is optimized with the Yoast SEO plugin v24.4 - https:\/\/yoast.com\/wordpress\/plugins\/seo\/ -->\n<title>Balades \u00e0 v\u00e9lo - La Maison Chabbert<\/title>\n<meta name=\"robots\" content=\"index, follow, max-snippet:-1, max-image-preview:large, max-video-preview:-1\" \/>\n<link rel=\"canonical\" href=\"https:\/\/la-maison-chabbert.com\/fietsen\/\" \/>\n<meta property=\"og:locale\" content=\"fr_FR\" \/>\n<meta property=\"og:type\" content=\"article\" \/>\n<meta property=\"og:title\" content=\"Balades \u00e0 v\u00e9lo - La Maison Chabbert\" \/>\n<meta property=\"og:url\" content=\"https:\/\/la-maison-chabbert.com\/fietsen\/\" \/>\n<meta property=\"og:site_name\" content=\"La Maison Chabbert\" \/>\n<meta property=\"article:publisher\" content=\"https:\/\/www.facebook.com\/search\/top?q=lamaisonchabbert\" \/>\n<meta property=\"article:modified_time\" content=\"2025-11-21T17:44:57+00:00\" \/>\n<meta property=\"og:image\" content=\"https:\/\/la-maison-chabbert.com\/wp-content\/uploads\/panorama-fiets-verkleind.jpg\" \/>\n\t<meta property=\"og:image:width\" content=\"1920\" \/>\n\t<meta property=\"og:image:height\" content=\"422\" \/>\n\t<meta property=\"og:image:type\" content=\"image\/jpeg\" \/>\n<meta name=\"twitter:card\" content=\"summary_large_image\" \/>\n<meta name=\"twitter:label1\" content=\"Dur\u00e9e de lecture estim\u00e9e\" \/>\n\t<meta name=\"twitter:data1\" content=\"5 minutes\" \/>\n<script type=\"application\/ld+json\" class=\"yoast-schema-graph\">{\"@context\":\"https:\/\/schema.org\",\"@graph\":[{\"@type\":\"WebPage\",\"@id\":\"https:\/\/la-maison-chabbert.com\/fietsen\/\",\"url\":\"https:\/\/la-maison-chabbert.com\/fietsen\/\",\"name\":\"Balades \u00e0 v\u00e9lo - La Maison Chabbert\",\"isPartOf\":{\"@id\":\"https:\/\/la-maison-chabbert.com\/#website\"},\"primaryImageOfPage\":{\"@id\":\"https:\/\/la-maison-chabbert.com\/fietsen\/#primaryimage\"},\"image\":{\"@id\":\"https:\/\/la-maison-chabbert.com\/fietsen\/#primaryimage\"},\"thumbnailUrl\":\"https:\/\/la-maison-chabbert.com\/wp-content\/uploads\/panorama-fiets-verkleind.jpg\",\"datePublished\":\"2019-09-08T21:00:19+00:00\",\"dateModified\":\"2025-11-21T17:44:57+00:00\",\"breadcrumb\":{\"@id\":\"https:\/\/la-maison-chabbert.com\/fietsen\/#breadcrumb\"},\"inLanguage\":\"fr-FR\",\"potentialAction\":[{\"@type\":\"ReadAction\",\"target\":[\"https:\/\/la-maison-chabbert.com\/fietsen\/\"]}]},{\"@type\":\"ImageObject\",\"inLanguage\":\"fr-FR\",\"@id\":\"https:\/\/la-maison-chabbert.com\/fietsen\/#primaryimage\",\"url\":\"https:\/\/la-maison-chabbert.com\/wp-content\/uploads\/panorama-fiets-verkleind.jpg\",\"contentUrl\":\"https:\/\/la-maison-chabbert.com\/wp-content\/uploads\/panorama-fiets-verkleind.jpg\",\"width\":1920,\"height\":422},{\"@type\":\"BreadcrumbList\",\"@id\":\"https:\/\/la-maison-chabbert.com\/fietsen\/#breadcrumb\",\"itemListElement\":[{\"@type\":\"ListItem\",\"position\":1,\"name\":\"Home\",\"item\":\"https:\/\/la-maison-chabbert.com\/\"},{\"@type\":\"ListItem\",\"position\":2,\"name\":\"Fietsen\"}]},{\"@type\":\"WebSite\",\"@id\":\"https:\/\/la-maison-chabbert.com\/#website\",\"url\":\"https:\/\/la-maison-chabbert.com\/\",\"name\":\"La Maison Chabbert\",\"description\":\"schepje\",\"publisher\":{\"@id\":\"https:\/\/la-maison-chabbert.com\/#organization\"},\"potentialAction\":[{\"@type\":\"SearchAction\",\"target\":{\"@type\":\"EntryPoint\",\"urlTemplate\":\"https:\/\/la-maison-chabbert.com\/?s={search_term_string}\"},\"query-input\":{\"@type\":\"PropertyValueSpecification\",\"valueRequired\":true,\"valueName\":\"search_term_string\"}}],\"inLanguage\":\"fr-FR\"},{\"@type\":\"Organization\",\"@id\":\"https:\/\/la-maison-chabbert.com\/#organization\",\"name\":\"La Maison Chabbert\",\"url\":\"https:\/\/la-maison-chabbert.com\/\",\"logo\":{\"@type\":\"ImageObject\",\"inLanguage\":\"fr-FR\",\"@id\":\"https:\/\/la-maison-chabbert.com\/#\/schema\/logo\/image\/\",\"url\":\"https:\/\/la-maison-chabbert.com\/wp-content\/uploads\/chabbert.png\",\"contentUrl\":\"https:\/\/la-maison-chabbert.com\/wp-content\/uploads\/chabbert.png\",\"width\":421,\"height\":432,\"caption\":\"La Maison Chabbert\"},\"image\":{\"@id\":\"https:\/\/la-maison-chabbert.com\/#\/schema\/logo\/image\/\"},\"sameAs\":[\"https:\/\/www.facebook.com\/search\/top?q=lamaisonchabbert\",\"https:\/\/www.instagram.com\/lamaisonchabbert\/\"]}]}<\/script>\n<!-- \/ Yoast SEO plugin. -->","yoast_head_json":{"title":"Balades \u00e0 v\u00e9lo - La Maison Chabbert","robots":{"index":"index","follow":"follow","max-snippet":"max-snippet:-1","max-image-preview":"max-image-preview:large","max-video-preview":"max-video-preview:-1"},"canonical":"https:\/\/la-maison-chabbert.com\/fietsen\/","og_locale":"fr_FR","og_type":"article","og_title":"Balades \u00e0 v\u00e9lo - La Maison Chabbert","og_url":"https:\/\/la-maison-chabbert.com\/fietsen\/","og_site_name":"La Maison Chabbert","article_publisher":"https:\/\/www.facebook.com\/search\/top?q=lamaisonchabbert","article_modified_time":"2025-11-21T17:44:57+00:00","og_image":[{"width":1920,"height":422,"url":"https:\/\/la-maison-chabbert.com\/wp-content\/uploads\/panorama-fiets-verkleind.jpg","type":"image\/jpeg"}],"twitter_card":"summary_large_image","twitter_misc":{"Dur\u00e9e de lecture estim\u00e9e":"5 minutes"},"schema":{"@context":"https:\/\/schema.org","@graph":[{"@type":"WebPage","@id":"https:\/\/la-maison-chabbert.com\/fietsen\/","url":"https:\/\/la-maison-chabbert.com\/fietsen\/","name":"Balades \u00e0 v\u00e9lo - La Maison Chabbert","isPartOf":{"@id":"https:\/\/la-maison-chabbert.com\/#website"},"primaryImageOfPage":{"@id":"https:\/\/la-maison-chabbert.com\/fietsen\/#primaryimage"},"image":{"@id":"https:\/\/la-maison-chabbert.com\/fietsen\/#primaryimage"},"thumbnailUrl":"https:\/\/la-maison-chabbert.com\/wp-content\/uploads\/panorama-fiets-verkleind.jpg","datePublished":"2019-09-08T21:00:19+00:00","dateModified":"2025-11-21T17:44:57+00:00","breadcrumb":{"@id":"https:\/\/la-maison-chabbert.com\/fietsen\/#breadcrumb"},"inLanguage":"fr-FR","potentialAction":[{"@type":"ReadAction","target":["https:\/\/la-maison-chabbert.com\/fietsen\/"]}]},{"@type":"ImageObject","inLanguage":"fr-FR","@id":"https:\/\/la-maison-chabbert.com\/fietsen\/#primaryimage","url":"https:\/\/la-maison-chabbert.com\/wp-content\/uploads\/panorama-fiets-verkleind.jpg","contentUrl":"https:\/\/la-maison-chabbert.com\/wp-content\/uploads\/panorama-fiets-verkleind.jpg","width":1920,"height":422},{"@type":"BreadcrumbList","@id":"https:\/\/la-maison-chabbert.com\/fietsen\/#breadcrumb","itemListElement":[{"@type":"ListItem","position":1,"name":"Home","item":"https:\/\/la-maison-chabbert.com\/"},{"@type":"ListItem","position":2,"name":"Fietsen"}]},{"@type":"WebSite","@id":"https:\/\/la-maison-chabbert.com\/#website","url":"https:\/\/la-maison-chabbert.com\/","name":"La Maison Chabbert","description":"schepje","publisher":{"@id":"https:\/\/la-maison-chabbert.com\/#organization"},"potentialAction":[{"@type":"SearchAction","target":{"@type":"EntryPoint","urlTemplate":"https:\/\/la-maison-chabbert.com\/?s={search_term_string}"},"query-input":{"@type":"PropertyValueSpecification","valueRequired":true,"valueName":"search_term_string"}}],"inLanguage":"fr-FR"},{"@type":"Organization","@id":"https:\/\/la-maison-chabbert.com\/#organization","name":"La Maison Chabbert","url":"https:\/\/la-maison-chabbert.com\/","logo":{"@type":"ImageObject","inLanguage":"fr-FR","@id":"https:\/\/la-maison-chabbert.com\/#\/schema\/logo\/image\/","url":"https:\/\/la-maison-chabbert.com\/wp-content\/uploads\/chabbert.png","contentUrl":"https:\/\/la-maison-chabbert.com\/wp-content\/uploads\/chabbert.png","width":421,"height":432,"caption":"La Maison Chabbert"},"image":{"@id":"https:\/\/la-maison-chabbert.com\/#\/schema\/logo\/image\/"},"sameAs":["https:\/\/www.facebook.com\/search\/top?q=lamaisonchabbert","https:\/\/www.instagram.com\/lamaisonchabbert\/"]}]}},"_links":{"self":[{"href":"https:\/\/la-maison-chabbert.com\/fr\/wp-json\/wp\/v2\/pages\/3614","targetHints":{"allow":["GET"]}}],"collection":[{"href":"https:\/\/la-maison-chabbert.com\/fr\/wp-json\/wp\/v2\/pages"}],"about":[{"href":"https:\/\/la-maison-chabbert.com\/fr\/wp-json\/wp\/v2\/types\/page"}],"author":[{"embeddable":true,"href":"https:\/\/la-maison-chabbert.com\/fr\/wp-json\/wp\/v2\/users\/2"}],"replies":[{"embeddable":true,"href":"https:\/\/la-maison-chabbert.com\/fr\/wp-json\/wp\/v2\/comments?post=3614"}],"version-history":[{"count":120,"href":"https:\/\/la-maison-chabbert.com\/fr\/wp-json\/wp\/v2\/pages\/3614\/revisions"}],"predecessor-version":[{"id":6803,"href":"https:\/\/la-maison-chabbert.com\/fr\/wp-json\/wp\/v2\/pages\/3614\/revisions\/6803"}],"wp:featuredmedia":[{"embeddable":true,"href":"https:\/\/la-maison-chabbert.com\/fr\/wp-json\/wp\/v2\/media\/4514"}],"wp:attachment":[{"href":"https:\/\/la-maison-chabbert.com\/fr\/wp-json\/wp\/v2\/media?parent=3614"}],"curies":[{"name":"wp","href":"https:\/\/api.w.org\/{rel}","templated":true}]}}