{"id":3718,"date":"2019-09-18T22:13:25","date_gmt":"2019-09-18T20:13:25","guid":{"rendered":"https:\/\/la-maison-chabbert.com\/?page_id=3718"},"modified":"2025-11-21T18:42:23","modified_gmt":"2025-11-21T17:42:23","slug":"op-pad","status":"publish","type":"page","link":"https:\/\/la-maison-chabbert.com\/fr\/op-pad\/","title":{"rendered":"On y va!"},"content":{"rendered":"<h2>Marcher, faire du v\u00e9lo ou faire un tour en voiture<\/h2>\n<p>Il y a de superbes possibilit\u00e9s de randonn\u00e9e \u00e0 pied ou en v\u00e9lo. Vous pouvez choisir parmi de nombreux itin\u00e9raires, souvent trac\u00e9s, \u00e0 travers des paysages plats, vallonn\u00e9s ou montagneux. Par exemple, un voyage le long du Canal du Midi est tr\u00e8s diff\u00e9rent d&rsquo;une balade \u00e0 travers le Parc Naturel du Haut Languedoc ou \u00e0 travers les for\u00eats de la Montagne Noire. En tant qu&rsquo;amateur de v\u00e9lo passionn\u00e9, Dick a pass\u00e9 la r\u00e9gion au peigne fin et peut tr\u00e8s bien vous montrer le chemin. Et que diriez-vous du d\u00e9fi de la mont\u00e9e du Pic de Nore? Les coureurs du Tour de France vous ont pr\u00e9c\u00e9d\u00e9 en 2018.<\/p>\n<p>Vous pouvez faire de belles randonn\u00e9es depuis La Maison Chabbert, ou partir dans l&rsquo;un des villages environnants. R\u00e9guli\u00e8rement, il peut arriver que vous vous retrouver sur le GR 77 ou sur le <em>camino<\/em> \u00e0 Saint-Jacques-de-Compostelle. Il s&rsquo;agit d&rsquo;une nouvelle variante du Chemin d&rsquo;Arles ou Via Tolosana, le plus m\u00e9ridional des quatre chemins de p\u00e8lerinage (Montpellier-Toulouse-Saint-Jaques-de-Compostelle). Depuis 2019, Beaufort est officiellement incorpor\u00e9 dans cette route comme lieu d\u2019\u00e9tape pour les p\u00e8lerins.<\/p>\n<h3>R\u00e9gion viticole<\/h3>\n<p>Si vous traversez la r\u00e9gion, vous allez comprendre pourquoi la r\u00e9gion est connue comme la plus vaste r\u00e9gion viticole au monde. Chaque village dispose d&rsquo;un ou plusieurs domaines et ch\u00e2teaux o\u00f9 vous pourrez d\u00e9guster du vin et\/ou faire une visite guid\u00e9e. Nous vous en conseillerons avec plaisir.<\/p>\n<h3>Villages authentiques<\/h3>\n<p>De nombreux villages valent la peine d&rsquo;\u00eatre d\u00e9couverts, comme Minerve. Ce village est \u00e0 5 km de Beaufort et class\u00e9 comme l&rsquo;un des plus beaux villages de France. Il a une histoire des Cathares triste mais captivante et une situation g\u00e9ographique tr\u00e8s sp\u00e9ciale.<\/p>\n<h3>Brocante<\/h3>\n<p>Allez fouiller dans les magasins de brocante, que vous rencontrez r\u00e9guli\u00e8rement en cours de route. Les dimanches de printemps et d\u2019automne, il y a beaucoup de vide-greniers.<\/p>\n<h3>Vous \u00eates de passage?<\/h3>\n<p>Nous accueillons souvent des h\u00f4tes qui voyagent du nord vers l&rsquo;Espagne ou vice versa et aussi des h\u00f4tes qui doivent couvrir une longue distance en France. Ils appr\u00e9cient de quitter l\u2019 autoroute et de se d\u00e9tendre \u00e0 un endroit calme.<\/p>\n<p>Sous l\u2019onglet <a href=\"https:\/\/la-maison-chabbert.com\/fr\/omgeving\/\" target=\"_blank\" rel=\"noopener\">Aux alentours<\/a> sur notre site web, vous trouverez aussi des id\u00e9es pour des sorties aux environs imm\u00e9diats. Il sera notre plaisir de vous donner encore plus d\u2019information quand vous serez chez nous.<\/p>\n<p>En cliquant sur les photos ci-dessous, vous trouverez des id\u00e9es pour organiser votre journ\u00e9e.<\/p>\n<p><a href=\"https:\/\/la-maison-chabbert.com\/fr\/wandelen\/\" target=\"_blank\" rel=\"noopener\"><img loading=\"lazy\" decoding=\"async\" class=\"alignnone wp-image-4970 \" src=\"https:\/\/la-maison-chabbert.com\/wp-content\/uploads\/IMG_3056-VERKLEIND-bold-FR-250x245.jpg\" alt=\"\" width=\"247\" height=\"242\"><\/a>&nbsp; &nbsp; &nbsp;<a href=\"https:\/\/la-maison-chabbert.com\/fr\/fietsen\/\" target=\"_blank\" rel=\"noopener\"><img loading=\"lazy\" decoding=\"async\" class=\"alignnone wp-image-5060 size-thumbnail\" src=\"https:\/\/la-maison-chabbert.com\/wp-content\/uploads\/a-velo-1-250x245.jpg\" alt=\"\" width=\"250\" height=\"245\"><\/a>&nbsp; &nbsp; &nbsp;<a href=\"https:\/\/la-maison-chabbert.com\/fr\/met-de-auto\/\" target=\"_blank\" rel=\"noopener\"><img loading=\"lazy\" decoding=\"async\" class=\"alignnone wp-image-5002 \" src=\"https:\/\/la-maison-chabbert.com\/wp-content\/uploads\/en-voiture-2-250x245.jpg\" alt=\"\" width=\"247\" height=\"242\"><\/a><\/p>\n","protected":false},"excerpt":{"rendered":"<p>Marcher, faire du v\u00e9lo ou faire un tour en voiture Il y a de superbes possibilit\u00e9s de randonn\u00e9e \u00e0 pied ou en v\u00e9lo. Vous pouvez choisir parmi de nombreux itin\u00e9raires, souvent trac\u00e9s, \u00e0 travers des paysages plats, vallonn\u00e9s ou montagneux. Par exemple, un voyage le long du Canal du Midi est tr\u00e8s diff\u00e9rent d&rsquo;une balade &hellip; <a href=\"https:\/\/la-maison-chabbert.com\/fr\/op-pad\/\" class=\"more-link\">Continuer la lecture<span class=\"screen-reader-text\"> de &laquo;&nbsp;On y va!&nbsp;&raquo;<\/span><\/a><\/p>\n","protected":false},"author":2,"featured_media":4513,"parent":0,"menu_order":5,"comment_status":"closed","ping_status":"closed","template":"","meta":{"ngg_post_thumbnail":0,"footnotes":""},"class_list":["post-3718","page","type-page","status-publish","has-post-thumbnail","hentry"],"translation":{"provider":"WPGlobus","version":"3.0.0","language":"fr","enabled_languages":["nl","fr","gb","de"],"languages":{"nl":{"title":true,"content":true,"excerpt":false},"fr":{"title":true,"content":true,"excerpt":false},"gb":{"title":true,"content":true,"excerpt":false},"de":{"title":true,"content":true,"excerpt":false}}},"yoast_head":"<!-- This site is optimized with the Yoast SEO plugin v24.4 - https:\/\/yoast.com\/wordpress\/plugins\/seo\/ -->\n<title>On y va! - La Maison Chabbert<\/title>\n<meta name=\"robots\" content=\"index, follow, max-snippet:-1, max-image-preview:large, max-video-preview:-1\" \/>\n<link rel=\"canonical\" href=\"https:\/\/la-maison-chabbert.com\/op-pad\/\" \/>\n<meta property=\"og:locale\" content=\"fr_FR\" \/>\n<meta property=\"og:type\" content=\"article\" \/>\n<meta property=\"og:title\" content=\"On y va! - La Maison Chabbert\" \/>\n<meta property=\"og:url\" content=\"https:\/\/la-maison-chabbert.com\/op-pad\/\" \/>\n<meta property=\"og:site_name\" content=\"La Maison Chabbert\" \/>\n<meta property=\"article:publisher\" content=\"https:\/\/www.facebook.com\/search\/top?q=lamaisonchabbert\" \/>\n<meta property=\"article:modified_time\" content=\"2025-11-21T17:42:23+00:00\" \/>\n<meta property=\"og:image\" content=\"https:\/\/la-maison-chabbert.com\/wp-content\/uploads\/panorama-algemeen-verkleind.jpg\" \/>\n\t<meta property=\"og:image:width\" content=\"1920\" \/>\n\t<meta property=\"og:image:height\" content=\"422\" \/>\n\t<meta property=\"og:image:type\" content=\"image\/jpeg\" \/>\n<meta name=\"twitter:card\" content=\"summary_large_image\" \/>\n<meta name=\"twitter:label1\" content=\"Dur\u00e9e de lecture estim\u00e9e\" \/>\n\t<meta name=\"twitter:data1\" content=\"1 minute\" \/>\n<script type=\"application\/ld+json\" class=\"yoast-schema-graph\">{\"@context\":\"https:\/\/schema.org\",\"@graph\":[{\"@type\":\"WebPage\",\"@id\":\"https:\/\/la-maison-chabbert.com\/op-pad\/\",\"url\":\"https:\/\/la-maison-chabbert.com\/op-pad\/\",\"name\":\"On y va! - La Maison Chabbert\",\"isPartOf\":{\"@id\":\"https:\/\/la-maison-chabbert.com\/#website\"},\"primaryImageOfPage\":{\"@id\":\"https:\/\/la-maison-chabbert.com\/op-pad\/#primaryimage\"},\"image\":{\"@id\":\"https:\/\/la-maison-chabbert.com\/op-pad\/#primaryimage\"},\"thumbnailUrl\":\"https:\/\/la-maison-chabbert.com\/wp-content\/uploads\/panorama-algemeen-verkleind.jpg\",\"datePublished\":\"2019-09-18T20:13:25+00:00\",\"dateModified\":\"2025-11-21T17:42:23+00:00\",\"breadcrumb\":{\"@id\":\"https:\/\/la-maison-chabbert.com\/op-pad\/#breadcrumb\"},\"inLanguage\":\"fr-FR\",\"potentialAction\":[{\"@type\":\"ReadAction\",\"target\":[\"https:\/\/la-maison-chabbert.com\/op-pad\/\"]}]},{\"@type\":\"ImageObject\",\"inLanguage\":\"fr-FR\",\"@id\":\"https:\/\/la-maison-chabbert.com\/op-pad\/#primaryimage\",\"url\":\"https:\/\/la-maison-chabbert.com\/wp-content\/uploads\/panorama-algemeen-verkleind.jpg\",\"contentUrl\":\"https:\/\/la-maison-chabbert.com\/wp-content\/uploads\/panorama-algemeen-verkleind.jpg\",\"width\":1920,\"height\":422},{\"@type\":\"BreadcrumbList\",\"@id\":\"https:\/\/la-maison-chabbert.com\/op-pad\/#breadcrumb\",\"itemListElement\":[{\"@type\":\"ListItem\",\"position\":1,\"name\":\"Home\",\"item\":\"https:\/\/la-maison-chabbert.com\/\"},{\"@type\":\"ListItem\",\"position\":2,\"name\":\"Op pad!\"}]},{\"@type\":\"WebSite\",\"@id\":\"https:\/\/la-maison-chabbert.com\/#website\",\"url\":\"https:\/\/la-maison-chabbert.com\/\",\"name\":\"La Maison Chabbert\",\"description\":\"schepje\",\"publisher\":{\"@id\":\"https:\/\/la-maison-chabbert.com\/#organization\"},\"potentialAction\":[{\"@type\":\"SearchAction\",\"target\":{\"@type\":\"EntryPoint\",\"urlTemplate\":\"https:\/\/la-maison-chabbert.com\/?s={search_term_string}\"},\"query-input\":{\"@type\":\"PropertyValueSpecification\",\"valueRequired\":true,\"valueName\":\"search_term_string\"}}],\"inLanguage\":\"fr-FR\"},{\"@type\":\"Organization\",\"@id\":\"https:\/\/la-maison-chabbert.com\/#organization\",\"name\":\"La Maison Chabbert\",\"url\":\"https:\/\/la-maison-chabbert.com\/\",\"logo\":{\"@type\":\"ImageObject\",\"inLanguage\":\"fr-FR\",\"@id\":\"https:\/\/la-maison-chabbert.com\/#\/schema\/logo\/image\/\",\"url\":\"https:\/\/la-maison-chabbert.com\/wp-content\/uploads\/chabbert.png\",\"contentUrl\":\"https:\/\/la-maison-chabbert.com\/wp-content\/uploads\/chabbert.png\",\"width\":421,\"height\":432,\"caption\":\"La Maison Chabbert\"},\"image\":{\"@id\":\"https:\/\/la-maison-chabbert.com\/#\/schema\/logo\/image\/\"},\"sameAs\":[\"https:\/\/www.facebook.com\/search\/top?q=lamaisonchabbert\",\"https:\/\/www.instagram.com\/lamaisonchabbert\/\"]}]}<\/script>\n<!-- \/ Yoast SEO plugin. -->","yoast_head_json":{"title":"On y va! - La Maison Chabbert","robots":{"index":"index","follow":"follow","max-snippet":"max-snippet:-1","max-image-preview":"max-image-preview:large","max-video-preview":"max-video-preview:-1"},"canonical":"https:\/\/la-maison-chabbert.com\/op-pad\/","og_locale":"fr_FR","og_type":"article","og_title":"On y va! - La Maison Chabbert","og_url":"https:\/\/la-maison-chabbert.com\/op-pad\/","og_site_name":"La Maison Chabbert","article_publisher":"https:\/\/www.facebook.com\/search\/top?q=lamaisonchabbert","article_modified_time":"2025-11-21T17:42:23+00:00","og_image":[{"width":1920,"height":422,"url":"https:\/\/la-maison-chabbert.com\/wp-content\/uploads\/panorama-algemeen-verkleind.jpg","type":"image\/jpeg"}],"twitter_card":"summary_large_image","twitter_misc":{"Dur\u00e9e de lecture estim\u00e9e":"1 minute"},"schema":{"@context":"https:\/\/schema.org","@graph":[{"@type":"WebPage","@id":"https:\/\/la-maison-chabbert.com\/op-pad\/","url":"https:\/\/la-maison-chabbert.com\/op-pad\/","name":"On y va! - La Maison Chabbert","isPartOf":{"@id":"https:\/\/la-maison-chabbert.com\/#website"},"primaryImageOfPage":{"@id":"https:\/\/la-maison-chabbert.com\/op-pad\/#primaryimage"},"image":{"@id":"https:\/\/la-maison-chabbert.com\/op-pad\/#primaryimage"},"thumbnailUrl":"https:\/\/la-maison-chabbert.com\/wp-content\/uploads\/panorama-algemeen-verkleind.jpg","datePublished":"2019-09-18T20:13:25+00:00","dateModified":"2025-11-21T17:42:23+00:00","breadcrumb":{"@id":"https:\/\/la-maison-chabbert.com\/op-pad\/#breadcrumb"},"inLanguage":"fr-FR","potentialAction":[{"@type":"ReadAction","target":["https:\/\/la-maison-chabbert.com\/op-pad\/"]}]},{"@type":"ImageObject","inLanguage":"fr-FR","@id":"https:\/\/la-maison-chabbert.com\/op-pad\/#primaryimage","url":"https:\/\/la-maison-chabbert.com\/wp-content\/uploads\/panorama-algemeen-verkleind.jpg","contentUrl":"https:\/\/la-maison-chabbert.com\/wp-content\/uploads\/panorama-algemeen-verkleind.jpg","width":1920,"height":422},{"@type":"BreadcrumbList","@id":"https:\/\/la-maison-chabbert.com\/op-pad\/#breadcrumb","itemListElement":[{"@type":"ListItem","position":1,"name":"Home","item":"https:\/\/la-maison-chabbert.com\/"},{"@type":"ListItem","position":2,"name":"Op pad!"}]},{"@type":"WebSite","@id":"https:\/\/la-maison-chabbert.com\/#website","url":"https:\/\/la-maison-chabbert.com\/","name":"La Maison Chabbert","description":"schepje","publisher":{"@id":"https:\/\/la-maison-chabbert.com\/#organization"},"potentialAction":[{"@type":"SearchAction","target":{"@type":"EntryPoint","urlTemplate":"https:\/\/la-maison-chabbert.com\/?s={search_term_string}"},"query-input":{"@type":"PropertyValueSpecification","valueRequired":true,"valueName":"search_term_string"}}],"inLanguage":"fr-FR"},{"@type":"Organization","@id":"https:\/\/la-maison-chabbert.com\/#organization","name":"La Maison Chabbert","url":"https:\/\/la-maison-chabbert.com\/","logo":{"@type":"ImageObject","inLanguage":"fr-FR","@id":"https:\/\/la-maison-chabbert.com\/#\/schema\/logo\/image\/","url":"https:\/\/la-maison-chabbert.com\/wp-content\/uploads\/chabbert.png","contentUrl":"https:\/\/la-maison-chabbert.com\/wp-content\/uploads\/chabbert.png","width":421,"height":432,"caption":"La Maison Chabbert"},"image":{"@id":"https:\/\/la-maison-chabbert.com\/#\/schema\/logo\/image\/"},"sameAs":["https:\/\/www.facebook.com\/search\/top?q=lamaisonchabbert","https:\/\/www.instagram.com\/lamaisonchabbert\/"]}]}},"_links":{"self":[{"href":"https:\/\/la-maison-chabbert.com\/fr\/wp-json\/wp\/v2\/pages\/3718","targetHints":{"allow":["GET"]}}],"collection":[{"href":"https:\/\/la-maison-chabbert.com\/fr\/wp-json\/wp\/v2\/pages"}],"about":[{"href":"https:\/\/la-maison-chabbert.com\/fr\/wp-json\/wp\/v2\/types\/page"}],"author":[{"embeddable":true,"href":"https:\/\/la-maison-chabbert.com\/fr\/wp-json\/wp\/v2\/users\/2"}],"replies":[{"embeddable":true,"href":"https:\/\/la-maison-chabbert.com\/fr\/wp-json\/wp\/v2\/comments?post=3718"}],"version-history":[{"count":96,"href":"https:\/\/la-maison-chabbert.com\/fr\/wp-json\/wp\/v2\/pages\/3718\/revisions"}],"predecessor-version":[{"id":6801,"href":"https:\/\/la-maison-chabbert.com\/fr\/wp-json\/wp\/v2\/pages\/3718\/revisions\/6801"}],"wp:featuredmedia":[{"embeddable":true,"href":"https:\/\/la-maison-chabbert.com\/fr\/wp-json\/wp\/v2\/media\/4513"}],"wp:attachment":[{"href":"https:\/\/la-maison-chabbert.com\/fr\/wp-json\/wp\/v2\/media?parent=3718"}],"curies":[{"name":"wp","href":"https:\/\/api.w.org\/{rel}","templated":true}]}}