{"id":4,"date":"2016-09-19T20:43:38","date_gmt":"2016-09-19T18:43:38","guid":{"rendered":"http:\/\/la-maison-chabbert.com\/?page_id=4"},"modified":"2016-12-04T20:16:14","modified_gmt":"2016-12-04T19:16:14","slug":"welkom","status":"publish","type":"page","link":"https:\/\/la-maison-chabbert.com\/fr\/","title":{"rendered":"Bonjour"},"content":{"rendered":"<h1>Bonjour!<\/h1>\n<p><img loading=\"lazy\" decoding=\"async\" class=\"img-rand alignnone wp-image-126\" src=\"http:\/\/la-maison-chabbert.com\/wp-content\/uploads\/la-maison-chabbert-entrer.jpg\" alt=\"la-maison-chabbert-entrer\" width=\"810\" height=\"158\" srcset=\"https:\/\/la-maison-chabbert.com\/wp-content\/uploads\/la-maison-chabbert-entrer.jpg 770w, https:\/\/la-maison-chabbert.com\/wp-content\/uploads\/la-maison-chabbert-entrer-300x58.jpg 300w, https:\/\/la-maison-chabbert.com\/wp-content\/uploads\/la-maison-chabbert-entrer-768x150.jpg 768w\" sizes=\"auto, (max-width: 810px) 85vw, 810px\" \/><\/p>\n<p style=\"text-align: justify;\">C&rsquo;est avec un grand plaisir que nous vous pr\u00e9sentons nos chambres d&rsquo;h\u00f4tes <em>La Maison Chabbert<\/em>, situ\u00e9e dans le village de Beaufort \u00e0 la fronti\u00e8re des d\u00e9partements de l&rsquo;H\u00e9rault et de l&rsquo;Aude, dans la r\u00e9gion Occitanie. Nous avons cr\u00e9\u00e9 nos chambres d&rsquo;h\u00f4tes dans une belle maison de ma\u00eetre datant de 1863.<\/p>\n<p style=\"text-align: justify;\">La maison poss\u00e8de des pi\u00e8ces spacieuses qui refl\u00e8tent l&rsquo;ambiance de l&rsquo;\u00e9poque, mais offrent le confort d&rsquo;aujourd&rsquo;hui. On peut se reposer dans le jardin ombrag\u00e9 ou dans la salle \u00e0 manger ainsi que dans le salon, si le temps est moins favorable. Le village historique de Beaufort se situe au milieu des vignes du terroir Minervois o\u00f9 vivent \u00e0 peu pr\u00e8s 200 habitants. Au-dessus du village, s&rsquo;\u00e9l\u00e8ve un ch\u00e2teau, qui servait \u00e0 l&rsquo;origine de place de d\u00e9fense du village pittoresque de Minerve.<\/p>\n<p style=\"text-align: justify;\">Au 18i\u00e8me si\u00e8cle, le ch\u00e2teau a \u00e9t\u00e9 partiellement reconstruit sur les fondations d&rsquo;un bourg du Moyen \u00c2ge. Des fouilles pr\u00e9historiques ont mis \u00e0 jour des restes de la p\u00e9riode n\u00e9olithique et Gallo-Romaine. Un vieux chemin &lsquo;Cami Romieu&rsquo;, utilis\u00e9 par les p\u00e9lerins de Santiago de Compostelle, existe encore. Une partie de l&rsquo;\u00e9glise Saint-Martin date du 11i\u00e8me si\u00e8cle. \u00c0 3 kilom\u00e8tres, Olonzac, un village anim\u00e9, offre toutes les commodit\u00e9s. Chaque mardi matin, il y a un grand march\u00e9. \u00c0 environ 30 kilom\u00e8tres en direction de la c\u00f4te se situe Narbonne, une ville de 50.000 habitants \u00e0 l&rsquo;atmosph\u00e8re tr\u00e8s m\u00e9diterran\u00e9enne. Un peu plus loin, s&rsquo;\u00e9tendent les belles plages de Narbonne Plage. Les environs de Beaufort sont magnifiques pour faire des randonn\u00e9es ou du v\u00e9lo et il y a beaucoup de beaux endroits \u00e0 visiter.<\/p>\n<p style=\"text-align: justify;\">Vous trouverez plus d&rsquo;information d&rsquo;Olonzac et des autres endroits sur ce site. Nous aimons beaucoup accueillir des h\u00f4tes et leur faire passer un s\u00e9jour agr\u00e9able. Aux Pays-Bas, nous avons travaill\u00e9, entre autres, comme p\u00e2tissier (Dick), r\u00e9ceptionniste d&rsquo;h\u00f4tel et comme professeur de fran\u00e7ais (Annemarie).<\/p>\n<p style=\"text-align: justify;\">Depuis longtemps nous adorons la France et nous voyons comme un privil\u00e8ge d&rsquo;avoir pu mener \u00e0 bien la r\u00e9alisation des chambres d&rsquo;h\u00f4tes La Maison Chabbert. Nous vous souhaitons volontiers la bienvenue pour prendre du bon temps avec nous!<\/p>\n<p style=\"text-align: justify;\">Dick et Annemarie<\/p>\n<p>&nbsp;<\/p>\nngg_shortcode_0_placeholder\n","protected":false},"excerpt":{"rendered":"<p>Bonjour! C&rsquo;est avec un grand plaisir que nous vous pr\u00e9sentons nos chambres d&rsquo;h\u00f4tes La Maison Chabbert, situ\u00e9e dans le village de Beaufort \u00e0 la fronti\u00e8re des d\u00e9partements de l&rsquo;H\u00e9rault et de l&rsquo;Aude, dans la r\u00e9gion Occitanie. Nous avons cr\u00e9\u00e9 nos chambres d&rsquo;h\u00f4tes dans une belle maison de ma\u00eetre datant de 1863. La maison poss\u00e8de des &hellip; <a href=\"https:\/\/la-maison-chabbert.com\/fr\/\" class=\"more-link\">Continuer la lecture<span class=\"screen-reader-text\"> de &laquo;&nbsp;Bonjour&nbsp;&raquo;<\/span><\/a><\/p>\n","protected":false},"author":1,"featured_media":254,"parent":0,"menu_order":0,"comment_status":"closed","ping_status":"closed","template":"","meta":{"ngg_post_thumbnail":0,"footnotes":""},"class_list":["post-4","page","type-page","status-publish","has-post-thumbnail","hentry"],"translation":{"provider":"WPGlobus","version":"3.0.0","language":"fr","enabled_languages":["nl","fr","gb","de"],"languages":{"nl":{"title":true,"content":true,"excerpt":false},"fr":{"title":true,"content":true,"excerpt":false},"gb":{"title":true,"content":true,"excerpt":false},"de":{"title":true,"content":true,"excerpt":false}}},"yoast_head":"<!-- This site is optimized with the Yoast SEO plugin v24.4 - https:\/\/yoast.com\/wordpress\/plugins\/seo\/ -->\n<title>Chambres d&#039;h\u00f4tes Beaufort-Minervois-Fr | La Maison Chabbert<\/title>\n<meta name=\"description\" content=\"Chambres d\u2019h\u00f4tes La Maison Chabbert \u00e0 Beaufort \u2013 Maison d\u2019h\u00f4tes authentique et plein d\u2019ambiance en Minervois, r\u00e9gion Occitanie (Languedoc), France\" \/>\n<meta name=\"robots\" content=\"index, follow, max-snippet:-1, max-image-preview:large, max-video-preview:-1\" \/>\n<link rel=\"canonical\" href=\"https:\/\/la-maison-chabbert.com\/\" \/>\n<meta property=\"og:locale\" content=\"fr_FR\" \/>\n<meta property=\"og:type\" content=\"article\" \/>\n<meta property=\"og:title\" content=\"Chambres d&#039;h\u00f4tes Beaufort-Minervois-Fr | La Maison Chabbert\" \/>\n<meta property=\"og:description\" content=\"Chambres d\u2019h\u00f4tes La Maison Chabbert \u00e0 Beaufort \u2013 Maison d\u2019h\u00f4tes authentique et plein d\u2019ambiance en Minervois, r\u00e9gion Occitanie (Languedoc), France\" \/>\n<meta property=\"og:url\" content=\"https:\/\/la-maison-chabbert.com\/\" \/>\n<meta property=\"og:site_name\" content=\"La Maison Chabbert\" \/>\n<meta property=\"article:publisher\" content=\"https:\/\/www.facebook.com\/search\/top?q=lamaisonchabbert\" \/>\n<meta property=\"article:modified_time\" content=\"2016-12-04T19:16:14+00:00\" \/>\n<meta property=\"og:image\" content=\"https:\/\/la-maison-chabbert.com\/wp-content\/uploads\/banner8.png\" \/>\n\t<meta property=\"og:image:width\" content=\"1200\" \/>\n\t<meta property=\"og:image:height\" content=\"216\" \/>\n\t<meta property=\"og:image:type\" content=\"image\/png\" \/>\n<meta name=\"twitter:card\" content=\"summary_large_image\" \/>\n<meta name=\"twitter:label1\" content=\"Dur\u00e9e de lecture estim\u00e9e\" \/>\n\t<meta name=\"twitter:data1\" content=\"8 minutes\" \/>\n<script type=\"application\/ld+json\" class=\"yoast-schema-graph\">{\"@context\":\"https:\/\/schema.org\",\"@graph\":[{\"@type\":\"WebPage\",\"@id\":\"https:\/\/la-maison-chabbert.com\/\",\"url\":\"https:\/\/la-maison-chabbert.com\/\",\"name\":\"Chambres d'h\u00f4tes Beaufort-Minervois-Fr | La Maison Chabbert\",\"isPartOf\":{\"@id\":\"https:\/\/la-maison-chabbert.com\/#website\"},\"primaryImageOfPage\":{\"@id\":\"https:\/\/la-maison-chabbert.com\/#primaryimage\"},\"image\":{\"@id\":\"https:\/\/la-maison-chabbert.com\/#primaryimage\"},\"thumbnailUrl\":\"https:\/\/la-maison-chabbert.com\/wp-content\/uploads\/banner8.png\",\"datePublished\":\"2016-09-19T18:43:38+00:00\",\"dateModified\":\"2016-12-04T19:16:14+00:00\",\"description\":\"Chambres d\u2019h\u00f4tes La Maison Chabbert \u00e0 Beaufort \u2013 Maison d\u2019h\u00f4tes authentique et plein d\u2019ambiance en Minervois, r\u00e9gion Occitanie (Languedoc), France\",\"breadcrumb\":{\"@id\":\"https:\/\/la-maison-chabbert.com\/#breadcrumb\"},\"inLanguage\":\"fr-FR\",\"potentialAction\":[{\"@type\":\"ReadAction\",\"target\":[\"https:\/\/la-maison-chabbert.com\/\"]}]},{\"@type\":\"ImageObject\",\"inLanguage\":\"fr-FR\",\"@id\":\"https:\/\/la-maison-chabbert.com\/#primaryimage\",\"url\":\"https:\/\/la-maison-chabbert.com\/wp-content\/uploads\/banner8.png\",\"contentUrl\":\"https:\/\/la-maison-chabbert.com\/wp-content\/uploads\/banner8.png\",\"width\":1200,\"height\":216},{\"@type\":\"BreadcrumbList\",\"@id\":\"https:\/\/la-maison-chabbert.com\/#breadcrumb\",\"itemListElement\":[{\"@type\":\"ListItem\",\"position\":1,\"name\":\"Home\",\"item\":\"https:\/\/la-maison-chabbert.com\/\"},{\"@type\":\"ListItem\",\"position\":2,\"name\":\"Welkom\"}]},{\"@type\":\"WebSite\",\"@id\":\"https:\/\/la-maison-chabbert.com\/#website\",\"url\":\"https:\/\/la-maison-chabbert.com\/\",\"name\":\"La Maison Chabbert\",\"description\":\"schepje\",\"publisher\":{\"@id\":\"https:\/\/la-maison-chabbert.com\/#organization\"},\"potentialAction\":[{\"@type\":\"SearchAction\",\"target\":{\"@type\":\"EntryPoint\",\"urlTemplate\":\"https:\/\/la-maison-chabbert.com\/?s={search_term_string}\"},\"query-input\":{\"@type\":\"PropertyValueSpecification\",\"valueRequired\":true,\"valueName\":\"search_term_string\"}}],\"inLanguage\":\"fr-FR\"},{\"@type\":\"Organization\",\"@id\":\"https:\/\/la-maison-chabbert.com\/#organization\",\"name\":\"La Maison Chabbert\",\"url\":\"https:\/\/la-maison-chabbert.com\/\",\"logo\":{\"@type\":\"ImageObject\",\"inLanguage\":\"fr-FR\",\"@id\":\"https:\/\/la-maison-chabbert.com\/#\/schema\/logo\/image\/\",\"url\":\"https:\/\/la-maison-chabbert.com\/wp-content\/uploads\/chabbert.png\",\"contentUrl\":\"https:\/\/la-maison-chabbert.com\/wp-content\/uploads\/chabbert.png\",\"width\":421,\"height\":432,\"caption\":\"La Maison Chabbert\"},\"image\":{\"@id\":\"https:\/\/la-maison-chabbert.com\/#\/schema\/logo\/image\/\"},\"sameAs\":[\"https:\/\/www.facebook.com\/search\/top?q=lamaisonchabbert\",\"https:\/\/www.instagram.com\/lamaisonchabbert\/\"]}]}<\/script>\n<!-- \/ Yoast SEO plugin. -->","yoast_head_json":{"title":"Chambres d'h\u00f4tes Beaufort-Minervois-Fr | La Maison Chabbert","description":"Chambres d\u2019h\u00f4tes La Maison Chabbert \u00e0 Beaufort \u2013 Maison d\u2019h\u00f4tes authentique et plein d\u2019ambiance en Minervois, r\u00e9gion Occitanie (Languedoc), France","robots":{"index":"index","follow":"follow","max-snippet":"max-snippet:-1","max-image-preview":"max-image-preview:large","max-video-preview":"max-video-preview:-1"},"canonical":"https:\/\/la-maison-chabbert.com\/","og_locale":"fr_FR","og_type":"article","og_title":"Chambres d'h\u00f4tes Beaufort-Minervois-Fr | La Maison Chabbert","og_description":"Chambres d\u2019h\u00f4tes La Maison Chabbert \u00e0 Beaufort \u2013 Maison d\u2019h\u00f4tes authentique et plein d\u2019ambiance en Minervois, r\u00e9gion Occitanie (Languedoc), France","og_url":"https:\/\/la-maison-chabbert.com\/","og_site_name":"La Maison Chabbert","article_publisher":"https:\/\/www.facebook.com\/search\/top?q=lamaisonchabbert","article_modified_time":"2016-12-04T19:16:14+00:00","og_image":[{"width":1200,"height":216,"url":"https:\/\/la-maison-chabbert.com\/wp-content\/uploads\/banner8.png","type":"image\/png"}],"twitter_card":"summary_large_image","twitter_misc":{"Dur\u00e9e de lecture estim\u00e9e":"8 minutes"},"schema":{"@context":"https:\/\/schema.org","@graph":[{"@type":"WebPage","@id":"https:\/\/la-maison-chabbert.com\/","url":"https:\/\/la-maison-chabbert.com\/","name":"Chambres d'h\u00f4tes Beaufort-Minervois-Fr | La Maison Chabbert","isPartOf":{"@id":"https:\/\/la-maison-chabbert.com\/#website"},"primaryImageOfPage":{"@id":"https:\/\/la-maison-chabbert.com\/#primaryimage"},"image":{"@id":"https:\/\/la-maison-chabbert.com\/#primaryimage"},"thumbnailUrl":"https:\/\/la-maison-chabbert.com\/wp-content\/uploads\/banner8.png","datePublished":"2016-09-19T18:43:38+00:00","dateModified":"2016-12-04T19:16:14+00:00","description":"Chambres d\u2019h\u00f4tes La Maison Chabbert \u00e0 Beaufort \u2013 Maison d\u2019h\u00f4tes authentique et plein d\u2019ambiance en Minervois, r\u00e9gion Occitanie (Languedoc), France","breadcrumb":{"@id":"https:\/\/la-maison-chabbert.com\/#breadcrumb"},"inLanguage":"fr-FR","potentialAction":[{"@type":"ReadAction","target":["https:\/\/la-maison-chabbert.com\/"]}]},{"@type":"ImageObject","inLanguage":"fr-FR","@id":"https:\/\/la-maison-chabbert.com\/#primaryimage","url":"https:\/\/la-maison-chabbert.com\/wp-content\/uploads\/banner8.png","contentUrl":"https:\/\/la-maison-chabbert.com\/wp-content\/uploads\/banner8.png","width":1200,"height":216},{"@type":"BreadcrumbList","@id":"https:\/\/la-maison-chabbert.com\/#breadcrumb","itemListElement":[{"@type":"ListItem","position":1,"name":"Home","item":"https:\/\/la-maison-chabbert.com\/"},{"@type":"ListItem","position":2,"name":"Welkom"}]},{"@type":"WebSite","@id":"https:\/\/la-maison-chabbert.com\/#website","url":"https:\/\/la-maison-chabbert.com\/","name":"La Maison Chabbert","description":"schepje","publisher":{"@id":"https:\/\/la-maison-chabbert.com\/#organization"},"potentialAction":[{"@type":"SearchAction","target":{"@type":"EntryPoint","urlTemplate":"https:\/\/la-maison-chabbert.com\/?s={search_term_string}"},"query-input":{"@type":"PropertyValueSpecification","valueRequired":true,"valueName":"search_term_string"}}],"inLanguage":"fr-FR"},{"@type":"Organization","@id":"https:\/\/la-maison-chabbert.com\/#organization","name":"La Maison Chabbert","url":"https:\/\/la-maison-chabbert.com\/","logo":{"@type":"ImageObject","inLanguage":"fr-FR","@id":"https:\/\/la-maison-chabbert.com\/#\/schema\/logo\/image\/","url":"https:\/\/la-maison-chabbert.com\/wp-content\/uploads\/chabbert.png","contentUrl":"https:\/\/la-maison-chabbert.com\/wp-content\/uploads\/chabbert.png","width":421,"height":432,"caption":"La Maison Chabbert"},"image":{"@id":"https:\/\/la-maison-chabbert.com\/#\/schema\/logo\/image\/"},"sameAs":["https:\/\/www.facebook.com\/search\/top?q=lamaisonchabbert","https:\/\/www.instagram.com\/lamaisonchabbert\/"]}]}},"_links":{"self":[{"href":"https:\/\/la-maison-chabbert.com\/fr\/wp-json\/wp\/v2\/pages\/4","targetHints":{"allow":["GET"]}}],"collection":[{"href":"https:\/\/la-maison-chabbert.com\/fr\/wp-json\/wp\/v2\/pages"}],"about":[{"href":"https:\/\/la-maison-chabbert.com\/fr\/wp-json\/wp\/v2\/types\/page"}],"author":[{"embeddable":true,"href":"https:\/\/la-maison-chabbert.com\/fr\/wp-json\/wp\/v2\/users\/1"}],"replies":[{"embeddable":true,"href":"https:\/\/la-maison-chabbert.com\/fr\/wp-json\/wp\/v2\/comments?post=4"}],"version-history":[{"count":104,"href":"https:\/\/la-maison-chabbert.com\/fr\/wp-json\/wp\/v2\/pages\/4\/revisions"}],"predecessor-version":[{"id":5481,"href":"https:\/\/la-maison-chabbert.com\/fr\/wp-json\/wp\/v2\/pages\/4\/revisions\/5481"}],"wp:featuredmedia":[{"embeddable":true,"href":"https:\/\/la-maison-chabbert.com\/fr\/wp-json\/wp\/v2\/media\/254"}],"wp:attachment":[{"href":"https:\/\/la-maison-chabbert.com\/fr\/wp-json\/wp\/v2\/media?parent=4"}],"curies":[{"name":"wp","href":"https:\/\/api.w.org\/{rel}","templated":true}]}}