{"id":5725,"date":"2022-12-13T18:10:29","date_gmt":"2022-12-13T17:10:29","guid":{"rendered":"https:\/\/la-maison-chabbert.com\/?page_id=5725"},"modified":"2025-12-10T20:15:00","modified_gmt":"2025-12-10T19:15:00","slug":"table_d-hotes","status":"publish","type":"page","link":"https:\/\/la-maison-chabbert.com\/fr\/table_d-hotes\/","title":{"rendered":"Table_d-hotes"},"content":{"rendered":"<h1>Table d&rsquo;H\u00f4tes<\/h1>\n<p>En fonction du nombre de participants, nous proposons plusieurs soir\u00e9es par mois une table d&rsquo;h\u00f4tes, o\u00f9 vous pourrez d\u00e9guster un d\u00e9licieux dessert pr\u00e9par\u00e9 par le p\u00e2tissier Dick. Le prix est de 27,50 \u20ac par personne pour un ap\u00e9ritif et un menu complet (hors vin).<\/p>\n<p>Les soirs o\u00f9 nous ne cuisinons pas, nous voulons bien vous r\u00e9server une table \u00e0 <a href=\"https:\/\/www.restauranttableo.fr\/\" target=\"_blank\" rel=\"noopener\">Table&rsquo;O<\/a>, un bon restaurant situ\u00e9 juste en face de chez nous. Nous pouvons \u00e9galement vous conseiller d&rsquo;autres restaurants dans les environs imm\u00e9diats de Beaufort.<\/p>\n<p>Pour votre information: il y a un salon \u00e0 votre disposition. Vous y trouverez une t\u00e9l\u00e9vision et un r\u00e9frig\u00e9rateur. Vous pouvez \u00e9galement utiliser la salle \u00e0 manger avec toute la vaisselle n\u00e9cessaire.&nbsp;Bien que vous ne soyez pas cens\u00e9 pr\u00e9parer un repas complet chez nous, nous pouvons r\u00e9chauffer dans le four ou au micro-ondes, ce que vous apportez.<br \/>\nPar beau temps, vous pouvez bien s\u00fbr profiter des espaces dans le jardin.<\/p>\nngg_shortcode_0_placeholder\n","protected":false},"excerpt":{"rendered":"<p>Table d&rsquo;H\u00f4tes En fonction du nombre de participants, nous proposons plusieurs soir\u00e9es par mois une table d&rsquo;h\u00f4tes, o\u00f9 vous pourrez d\u00e9guster un d\u00e9licieux dessert pr\u00e9par\u00e9 par le p\u00e2tissier Dick. Le prix est de 27,50 \u20ac par personne pour un ap\u00e9ritif et un menu complet (hors vin). Les soirs o\u00f9 nous ne cuisinons pas, nous voulons &hellip; <a href=\"https:\/\/la-maison-chabbert.com\/fr\/table_d-hotes\/\" class=\"more-link\">Continuer la lecture<span class=\"screen-reader-text\"> de &laquo;&nbsp;Table_d-hotes&nbsp;&raquo;<\/span><\/a><\/p>\n","protected":false},"author":2,"featured_media":1127,"parent":0,"menu_order":0,"comment_status":"closed","ping_status":"closed","template":"","meta":{"ngg_post_thumbnail":0,"footnotes":""},"class_list":["post-5725","page","type-page","status-publish","has-post-thumbnail","hentry"],"translation":{"provider":"WPGlobus","version":"3.0.0","language":"fr","enabled_languages":["nl","fr","gb","de"],"languages":{"nl":{"title":true,"content":true,"excerpt":false},"fr":{"title":true,"content":true,"excerpt":false},"gb":{"title":true,"content":true,"excerpt":false},"de":{"title":true,"content":true,"excerpt":false}}},"yoast_head":"<!-- This site is optimized with the Yoast SEO plugin v24.4 - https:\/\/yoast.com\/wordpress\/plugins\/seo\/ -->\n<title>Table_d-hotes - La Maison Chabbert<\/title>\n<meta name=\"robots\" content=\"index, follow, max-snippet:-1, max-image-preview:large, max-video-preview:-1\" \/>\n<link rel=\"canonical\" href=\"https:\/\/la-maison-chabbert.com\/table_d-hotes\/\" \/>\n<meta property=\"og:locale\" content=\"fr_FR\" \/>\n<meta property=\"og:type\" content=\"article\" \/>\n<meta property=\"og:title\" content=\"Table_d-hotes - La Maison Chabbert\" \/>\n<meta property=\"og:url\" content=\"https:\/\/la-maison-chabbert.com\/table_d-hotes\/\" \/>\n<meta property=\"og:site_name\" content=\"La Maison Chabbert\" \/>\n<meta property=\"article:publisher\" content=\"https:\/\/www.facebook.com\/search\/top?q=lamaisonchabbert\" \/>\n<meta property=\"article:modified_time\" content=\"2025-12-10T19:15:00+00:00\" \/>\n<meta property=\"og:image\" content=\"https:\/\/la-maison-chabbert.com\/wp-content\/uploads\/banner-table-d-hotes.png\" \/>\n\t<meta property=\"og:image:width\" content=\"1200\" \/>\n\t<meta property=\"og:image:height\" content=\"216\" \/>\n\t<meta property=\"og:image:type\" content=\"image\/png\" \/>\n<meta name=\"twitter:card\" content=\"summary_large_image\" \/>\n<meta name=\"twitter:label1\" content=\"Dur\u00e9e de lecture estim\u00e9e\" \/>\n\t<meta name=\"twitter:data1\" content=\"2 minutes\" \/>\n<script type=\"application\/ld+json\" class=\"yoast-schema-graph\">{\"@context\":\"https:\/\/schema.org\",\"@graph\":[{\"@type\":\"WebPage\",\"@id\":\"https:\/\/la-maison-chabbert.com\/table_d-hotes\/\",\"url\":\"https:\/\/la-maison-chabbert.com\/table_d-hotes\/\",\"name\":\"Table_d-hotes - La Maison Chabbert\",\"isPartOf\":{\"@id\":\"https:\/\/la-maison-chabbert.com\/#website\"},\"primaryImageOfPage\":{\"@id\":\"https:\/\/la-maison-chabbert.com\/table_d-hotes\/#primaryimage\"},\"image\":{\"@id\":\"https:\/\/la-maison-chabbert.com\/table_d-hotes\/#primaryimage\"},\"thumbnailUrl\":\"https:\/\/la-maison-chabbert.com\/wp-content\/uploads\/banner-table-d-hotes.png\",\"datePublished\":\"2022-12-13T17:10:29+00:00\",\"dateModified\":\"2025-12-10T19:15:00+00:00\",\"breadcrumb\":{\"@id\":\"https:\/\/la-maison-chabbert.com\/table_d-hotes\/#breadcrumb\"},\"inLanguage\":\"fr-FR\",\"potentialAction\":[{\"@type\":\"ReadAction\",\"target\":[\"https:\/\/la-maison-chabbert.com\/table_d-hotes\/\"]}]},{\"@type\":\"ImageObject\",\"inLanguage\":\"fr-FR\",\"@id\":\"https:\/\/la-maison-chabbert.com\/table_d-hotes\/#primaryimage\",\"url\":\"https:\/\/la-maison-chabbert.com\/wp-content\/uploads\/banner-table-d-hotes.png\",\"contentUrl\":\"https:\/\/la-maison-chabbert.com\/wp-content\/uploads\/banner-table-d-hotes.png\",\"width\":1200,\"height\":216},{\"@type\":\"BreadcrumbList\",\"@id\":\"https:\/\/la-maison-chabbert.com\/table_d-hotes\/#breadcrumb\",\"itemListElement\":[{\"@type\":\"ListItem\",\"position\":1,\"name\":\"Home\",\"item\":\"https:\/\/la-maison-chabbert.com\/\"},{\"@type\":\"ListItem\",\"position\":2,\"name\":\"Table_d-hotes\"}]},{\"@type\":\"WebSite\",\"@id\":\"https:\/\/la-maison-chabbert.com\/#website\",\"url\":\"https:\/\/la-maison-chabbert.com\/\",\"name\":\"La Maison Chabbert\",\"description\":\"schepje\",\"publisher\":{\"@id\":\"https:\/\/la-maison-chabbert.com\/#organization\"},\"potentialAction\":[{\"@type\":\"SearchAction\",\"target\":{\"@type\":\"EntryPoint\",\"urlTemplate\":\"https:\/\/la-maison-chabbert.com\/?s={search_term_string}\"},\"query-input\":{\"@type\":\"PropertyValueSpecification\",\"valueRequired\":true,\"valueName\":\"search_term_string\"}}],\"inLanguage\":\"fr-FR\"},{\"@type\":\"Organization\",\"@id\":\"https:\/\/la-maison-chabbert.com\/#organization\",\"name\":\"La Maison Chabbert\",\"url\":\"https:\/\/la-maison-chabbert.com\/\",\"logo\":{\"@type\":\"ImageObject\",\"inLanguage\":\"fr-FR\",\"@id\":\"https:\/\/la-maison-chabbert.com\/#\/schema\/logo\/image\/\",\"url\":\"https:\/\/la-maison-chabbert.com\/wp-content\/uploads\/chabbert.png\",\"contentUrl\":\"https:\/\/la-maison-chabbert.com\/wp-content\/uploads\/chabbert.png\",\"width\":421,\"height\":432,\"caption\":\"La Maison Chabbert\"},\"image\":{\"@id\":\"https:\/\/la-maison-chabbert.com\/#\/schema\/logo\/image\/\"},\"sameAs\":[\"https:\/\/www.facebook.com\/search\/top?q=lamaisonchabbert\",\"https:\/\/www.instagram.com\/lamaisonchabbert\/\"]}]}<\/script>\n<!-- \/ Yoast SEO plugin. -->","yoast_head_json":{"title":"Table_d-hotes - La Maison Chabbert","robots":{"index":"index","follow":"follow","max-snippet":"max-snippet:-1","max-image-preview":"max-image-preview:large","max-video-preview":"max-video-preview:-1"},"canonical":"https:\/\/la-maison-chabbert.com\/table_d-hotes\/","og_locale":"fr_FR","og_type":"article","og_title":"Table_d-hotes - La Maison Chabbert","og_url":"https:\/\/la-maison-chabbert.com\/table_d-hotes\/","og_site_name":"La Maison Chabbert","article_publisher":"https:\/\/www.facebook.com\/search\/top?q=lamaisonchabbert","article_modified_time":"2025-12-10T19:15:00+00:00","og_image":[{"width":1200,"height":216,"url":"https:\/\/la-maison-chabbert.com\/wp-content\/uploads\/banner-table-d-hotes.png","type":"image\/png"}],"twitter_card":"summary_large_image","twitter_misc":{"Dur\u00e9e de lecture estim\u00e9e":"2 minutes"},"schema":{"@context":"https:\/\/schema.org","@graph":[{"@type":"WebPage","@id":"https:\/\/la-maison-chabbert.com\/table_d-hotes\/","url":"https:\/\/la-maison-chabbert.com\/table_d-hotes\/","name":"Table_d-hotes - La Maison Chabbert","isPartOf":{"@id":"https:\/\/la-maison-chabbert.com\/#website"},"primaryImageOfPage":{"@id":"https:\/\/la-maison-chabbert.com\/table_d-hotes\/#primaryimage"},"image":{"@id":"https:\/\/la-maison-chabbert.com\/table_d-hotes\/#primaryimage"},"thumbnailUrl":"https:\/\/la-maison-chabbert.com\/wp-content\/uploads\/banner-table-d-hotes.png","datePublished":"2022-12-13T17:10:29+00:00","dateModified":"2025-12-10T19:15:00+00:00","breadcrumb":{"@id":"https:\/\/la-maison-chabbert.com\/table_d-hotes\/#breadcrumb"},"inLanguage":"fr-FR","potentialAction":[{"@type":"ReadAction","target":["https:\/\/la-maison-chabbert.com\/table_d-hotes\/"]}]},{"@type":"ImageObject","inLanguage":"fr-FR","@id":"https:\/\/la-maison-chabbert.com\/table_d-hotes\/#primaryimage","url":"https:\/\/la-maison-chabbert.com\/wp-content\/uploads\/banner-table-d-hotes.png","contentUrl":"https:\/\/la-maison-chabbert.com\/wp-content\/uploads\/banner-table-d-hotes.png","width":1200,"height":216},{"@type":"BreadcrumbList","@id":"https:\/\/la-maison-chabbert.com\/table_d-hotes\/#breadcrumb","itemListElement":[{"@type":"ListItem","position":1,"name":"Home","item":"https:\/\/la-maison-chabbert.com\/"},{"@type":"ListItem","position":2,"name":"Table_d-hotes"}]},{"@type":"WebSite","@id":"https:\/\/la-maison-chabbert.com\/#website","url":"https:\/\/la-maison-chabbert.com\/","name":"La Maison Chabbert","description":"schepje","publisher":{"@id":"https:\/\/la-maison-chabbert.com\/#organization"},"potentialAction":[{"@type":"SearchAction","target":{"@type":"EntryPoint","urlTemplate":"https:\/\/la-maison-chabbert.com\/?s={search_term_string}"},"query-input":{"@type":"PropertyValueSpecification","valueRequired":true,"valueName":"search_term_string"}}],"inLanguage":"fr-FR"},{"@type":"Organization","@id":"https:\/\/la-maison-chabbert.com\/#organization","name":"La Maison Chabbert","url":"https:\/\/la-maison-chabbert.com\/","logo":{"@type":"ImageObject","inLanguage":"fr-FR","@id":"https:\/\/la-maison-chabbert.com\/#\/schema\/logo\/image\/","url":"https:\/\/la-maison-chabbert.com\/wp-content\/uploads\/chabbert.png","contentUrl":"https:\/\/la-maison-chabbert.com\/wp-content\/uploads\/chabbert.png","width":421,"height":432,"caption":"La Maison Chabbert"},"image":{"@id":"https:\/\/la-maison-chabbert.com\/#\/schema\/logo\/image\/"},"sameAs":["https:\/\/www.facebook.com\/search\/top?q=lamaisonchabbert","https:\/\/www.instagram.com\/lamaisonchabbert\/"]}]}},"_links":{"self":[{"href":"https:\/\/la-maison-chabbert.com\/fr\/wp-json\/wp\/v2\/pages\/5725","targetHints":{"allow":["GET"]}}],"collection":[{"href":"https:\/\/la-maison-chabbert.com\/fr\/wp-json\/wp\/v2\/pages"}],"about":[{"href":"https:\/\/la-maison-chabbert.com\/fr\/wp-json\/wp\/v2\/types\/page"}],"author":[{"embeddable":true,"href":"https:\/\/la-maison-chabbert.com\/fr\/wp-json\/wp\/v2\/users\/2"}],"replies":[{"embeddable":true,"href":"https:\/\/la-maison-chabbert.com\/fr\/wp-json\/wp\/v2\/comments?post=5725"}],"version-history":[{"count":15,"href":"https:\/\/la-maison-chabbert.com\/fr\/wp-json\/wp\/v2\/pages\/5725\/revisions"}],"predecessor-version":[{"id":6817,"href":"https:\/\/la-maison-chabbert.com\/fr\/wp-json\/wp\/v2\/pages\/5725\/revisions\/6817"}],"wp:featuredmedia":[{"embeddable":true,"href":"https:\/\/la-maison-chabbert.com\/fr\/wp-json\/wp\/v2\/media\/1127"}],"wp:attachment":[{"href":"https:\/\/la-maison-chabbert.com\/fr\/wp-json\/wp\/v2\/media?parent=5725"}],"curies":[{"name":"wp","href":"https:\/\/api.w.org\/{rel}","templated":true}]}}