{"id":62,"date":"2016-10-05T21:29:10","date_gmt":"2016-10-05T19:29:10","guid":{"rendered":"http:\/\/la-maison-chabbert.com\/?page_id=62"},"modified":"2026-01-14T18:07:40","modified_gmt":"2026-01-14T17:07:40","slug":"kamers-tarieven","status":"publish","type":"page","link":"https:\/\/la-maison-chabbert.com\/fr\/kamers-tarieven\/","title":{"rendered":"Chambres &#038; Tarifs"},"content":{"rendered":"<h1>Chambres &amp; Tarifs<\/h1>\n<p>Les trois chambres portent des noms d&rsquo;endroits, le long desquels vous pouvez faire &lsquo;une promenade de la maison&rsquo;. Les premiers kilom\u00e8tres vous conduisent au hameau d&rsquo;Artix, o\u00f9 se trouve la chapelle Sainte Madeleine datant de la p\u00e9riode wisigothique. En passant par le hameau Tuileries vous poursuivez votre route en direction de Saint C\u00f4me, un lieu de culte qui abrite les vestiges d&rsquo;un village et une chapelle de la p\u00e9riode carolingienne.<\/p>\n<h3>Quelques impressions sur nos chambres<\/h3>\n<p><!-- index.php -->\n<div\n\tclass=\"ngg-galleryoverview\n\t ngg-ajax-pagination-none\t\"\n\tid=\"ngg-gallery-3ff6980224e28d3464b9f89e3e0e3308-1\">\n\n\t\t\t<!-- Thumbnails -->\n\t\t\t\t<div id=\"ngg-image-0\" class=\"ngg-gallery-thumbnail-box\"\n\t\t\t\t\t\t\t\t\t\t\t>\n\t\t\t\t\t\t<div class=\"ngg-gallery-thumbnail\">\n\t\t\t<a href=\"https:\/\/la-maison-chabbert.com\/wp-content\/gallery\/kamers\/IMG_3127-e1576700590606.jpg\"\n\t\t\t\ttitle=\"\"\n\t\t\t\tdata-src=\"https:\/\/la-maison-chabbert.com\/wp-content\/gallery\/kamers\/IMG_3127-e1576700590606.jpg\"\n\t\t\t\tdata-thumbnail=\"https:\/\/la-maison-chabbert.com\/wp-content\/gallery\/kamers\/thumbs\/thumbs_IMG_3127-e1576700590606.jpg\"\n\t\t\t\tdata-image-id=\"403\"\n\t\t\t\tdata-title=\"la chambre Artix\"\n\t\t\t\tdata-description=\"\"\n\t\t\t\tdata-image-slug=\"img_3127-e1576700590606\"\n\t\t\t\tclass=\"ngg-simplelightbox\" rel=\"3ff6980224e28d3464b9f89e3e0e3308\">\n\t\t\t\t<img\n\t\t\t\t\ttitle=\"la chambre Artix\"\n\t\t\t\t\talt=\"la chambre Artix\"\n\t\t\t\t\tsrc=\"https:\/\/la-maison-chabbert.com\/wp-content\/gallery\/kamers\/thumbs\/thumbs_IMG_3127-e1576700590606.jpg\"\n\t\t\t\t\twidth=\"240\"\n\t\t\t\t\theight=\"250\"\n\t\t\t\t\tstyle=\"max-width:100%;\"\n\t\t\t\t\/>\n\t\t\t<\/a>\n\t\t<\/div>\n\t\t\t\t\t\t\t<\/div>\n\t\t\t\n\t\t\t\t\t\t\t\n\t\t\t\t<div id=\"ngg-image-1\" class=\"ngg-gallery-thumbnail-box\"\n\t\t\t\t\t\t\t\t\t\t\t>\n\t\t\t\t\t\t<div class=\"ngg-gallery-thumbnail\">\n\t\t\t<a href=\"https:\/\/la-maison-chabbert.com\/wp-content\/gallery\/kamers\/IMG_3137-e1576700574651.jpg\"\n\t\t\t\ttitle=\"\"\n\t\t\t\tdata-src=\"https:\/\/la-maison-chabbert.com\/wp-content\/gallery\/kamers\/IMG_3137-e1576700574651.jpg\"\n\t\t\t\tdata-thumbnail=\"https:\/\/la-maison-chabbert.com\/wp-content\/gallery\/kamers\/thumbs\/thumbs_IMG_3137-e1576700574651.jpg\"\n\t\t\t\tdata-image-id=\"404\"\n\t\t\t\tdata-title=\"la chambre Artix\"\n\t\t\t\tdata-description=\"\"\n\t\t\t\tdata-image-slug=\"img_3137-e1576700574651\"\n\t\t\t\tclass=\"ngg-simplelightbox\" rel=\"3ff6980224e28d3464b9f89e3e0e3308\">\n\t\t\t\t<img\n\t\t\t\t\ttitle=\"la chambre Artix\"\n\t\t\t\t\talt=\"la chambre Artix\"\n\t\t\t\t\tsrc=\"https:\/\/la-maison-chabbert.com\/wp-content\/gallery\/kamers\/thumbs\/thumbs_IMG_3137-e1576700574651.jpg\"\n\t\t\t\t\twidth=\"240\"\n\t\t\t\t\theight=\"250\"\n\t\t\t\t\tstyle=\"max-width:100%;\"\n\t\t\t\t\/>\n\t\t\t<\/a>\n\t\t<\/div>\n\t\t\t\t\t\t\t<\/div>\n\t\t\t\n\t\t\t\t\t\t\t\n\t\t\t\t<div id=\"ngg-image-2\" class=\"ngg-gallery-thumbnail-box\"\n\t\t\t\t\t\t\t\t\t\t\t>\n\t\t\t\t\t\t<div class=\"ngg-gallery-thumbnail\">\n\t\t\t<a href=\"https:\/\/la-maison-chabbert.com\/wp-content\/gallery\/kamers\/IMG_3120-e1576700348651.jpg\"\n\t\t\t\ttitle=\"\"\n\t\t\t\tdata-src=\"https:\/\/la-maison-chabbert.com\/wp-content\/gallery\/kamers\/IMG_3120-e1576700348651.jpg\"\n\t\t\t\tdata-thumbnail=\"https:\/\/la-maison-chabbert.com\/wp-content\/gallery\/kamers\/thumbs\/thumbs_IMG_3120-e1576700348651.jpg\"\n\t\t\t\tdata-image-id=\"402\"\n\t\t\t\tdata-title=\"la chambre Saint C\u00f4me\"\n\t\t\t\tdata-description=\"\"\n\t\t\t\tdata-image-slug=\"img_3120-e1576700348651\"\n\t\t\t\tclass=\"ngg-simplelightbox\" rel=\"3ff6980224e28d3464b9f89e3e0e3308\">\n\t\t\t\t<img\n\t\t\t\t\ttitle=\"la chambre Saint C\u00f4me\"\n\t\t\t\t\talt=\"la chambre Saint C\u00f4me\"\n\t\t\t\t\tsrc=\"https:\/\/la-maison-chabbert.com\/wp-content\/gallery\/kamers\/thumbs\/thumbs_IMG_3120-e1576700348651.jpg\"\n\t\t\t\t\twidth=\"240\"\n\t\t\t\t\theight=\"250\"\n\t\t\t\t\tstyle=\"max-width:100%;\"\n\t\t\t\t\/>\n\t\t\t<\/a>\n\t\t<\/div>\n\t\t\t\t\t\t\t<\/div>\n\t\t\t\n\t\t\t\t\t\t\t\t\t<br style=\"clear: both\" \/>\n\t\t\t\t\t\n\t\t\t\t<div id=\"ngg-image-3\" class=\"ngg-gallery-thumbnail-box\"\n\t\t\t\t\t\t\t\t\t\t\t>\n\t\t\t\t\t\t<div class=\"ngg-gallery-thumbnail\">\n\t\t\t<a href=\"https:\/\/la-maison-chabbert.com\/wp-content\/gallery\/kamers\/IMG_3108-e1576700557628.jpg\"\n\t\t\t\ttitle=\"\"\n\t\t\t\tdata-src=\"https:\/\/la-maison-chabbert.com\/wp-content\/gallery\/kamers\/IMG_3108-e1576700557628.jpg\"\n\t\t\t\tdata-thumbnail=\"https:\/\/la-maison-chabbert.com\/wp-content\/gallery\/kamers\/thumbs\/thumbs_IMG_3108-e1576700557628.jpg\"\n\t\t\t\tdata-image-id=\"405\"\n\t\t\t\tdata-title=\"la chambre Saint C\u00f4me\"\n\t\t\t\tdata-description=\"\"\n\t\t\t\tdata-image-slug=\"img_3108-e1576700557628\"\n\t\t\t\tclass=\"ngg-simplelightbox\" rel=\"3ff6980224e28d3464b9f89e3e0e3308\">\n\t\t\t\t<img\n\t\t\t\t\ttitle=\"la chambre Saint C\u00f4me\"\n\t\t\t\t\talt=\"la chambre Saint C\u00f4me\"\n\t\t\t\t\tsrc=\"https:\/\/la-maison-chabbert.com\/wp-content\/gallery\/kamers\/thumbs\/thumbs_IMG_3108-e1576700557628.jpg\"\n\t\t\t\t\twidth=\"240\"\n\t\t\t\t\theight=\"250\"\n\t\t\t\t\tstyle=\"max-width:100%;\"\n\t\t\t\t\/>\n\t\t\t<\/a>\n\t\t<\/div>\n\t\t\t\t\t\t\t<\/div>\n\t\t\t\n\t\t\t\t\t\t\t\n\t\t\t\t<div id=\"ngg-image-4\" class=\"ngg-gallery-thumbnail-box\"\n\t\t\t\t\t\t\t\t\t\t\t>\n\t\t\t\t\t\t<div class=\"ngg-gallery-thumbnail\">\n\t\t\t<a href=\"https:\/\/la-maison-chabbert.com\/wp-content\/gallery\/kamers\/IMGP6039-e1576702066777.jpg\"\n\t\t\t\ttitle=\"\"\n\t\t\t\tdata-src=\"https:\/\/la-maison-chabbert.com\/wp-content\/gallery\/kamers\/IMGP6039-e1576702066777.jpg\"\n\t\t\t\tdata-thumbnail=\"https:\/\/la-maison-chabbert.com\/wp-content\/gallery\/kamers\/thumbs\/thumbs_IMGP6039-e1576702066777.jpg\"\n\t\t\t\tdata-image-id=\"406\"\n\t\t\t\tdata-title=\"la chambre Tuileries\"\n\t\t\t\tdata-description=\"\"\n\t\t\t\tdata-image-slug=\"imgp6039-e1576702066777\"\n\t\t\t\tclass=\"ngg-simplelightbox\" rel=\"3ff6980224e28d3464b9f89e3e0e3308\">\n\t\t\t\t<img\n\t\t\t\t\ttitle=\"la chambre Tuileries\"\n\t\t\t\t\talt=\"la chambre Tuileries\"\n\t\t\t\t\tsrc=\"https:\/\/la-maison-chabbert.com\/wp-content\/gallery\/kamers\/thumbs\/thumbs_IMGP6039-e1576702066777.jpg\"\n\t\t\t\t\twidth=\"240\"\n\t\t\t\t\theight=\"250\"\n\t\t\t\t\tstyle=\"max-width:100%;\"\n\t\t\t\t\/>\n\t\t\t<\/a>\n\t\t<\/div>\n\t\t\t\t\t\t\t<\/div>\n\t\t\t\n\t\t\t\t\t\t\t\n\t\t\t\t<div id=\"ngg-image-5\" class=\"ngg-gallery-thumbnail-box\"\n\t\t\t\t\t\t\t\t\t\t\t>\n\t\t\t\t\t\t<div class=\"ngg-gallery-thumbnail\">\n\t\t\t<a href=\"https:\/\/la-maison-chabbert.com\/wp-content\/gallery\/kamers\/IMGP6047-e1576702088544.jpg\"\n\t\t\t\ttitle=\"\"\n\t\t\t\tdata-src=\"https:\/\/la-maison-chabbert.com\/wp-content\/gallery\/kamers\/IMGP6047-e1576702088544.jpg\"\n\t\t\t\tdata-thumbnail=\"https:\/\/la-maison-chabbert.com\/wp-content\/gallery\/kamers\/thumbs\/thumbs_IMGP6047-e1576702088544.jpg\"\n\t\t\t\tdata-image-id=\"407\"\n\t\t\t\tdata-title=\"la chambre Tuileries\"\n\t\t\t\tdata-description=\"\"\n\t\t\t\tdata-image-slug=\"imgp6047-e1576702088544\"\n\t\t\t\tclass=\"ngg-simplelightbox\" rel=\"3ff6980224e28d3464b9f89e3e0e3308\">\n\t\t\t\t<img\n\t\t\t\t\ttitle=\"la chambre Tuileries\"\n\t\t\t\t\talt=\"la chambre Tuileries\"\n\t\t\t\t\tsrc=\"https:\/\/la-maison-chabbert.com\/wp-content\/gallery\/kamers\/thumbs\/thumbs_IMGP6047-e1576702088544.jpg\"\n\t\t\t\t\twidth=\"240\"\n\t\t\t\t\theight=\"250\"\n\t\t\t\t\tstyle=\"max-width:100%;\"\n\t\t\t\t\/>\n\t\t\t<\/a>\n\t\t<\/div>\n\t\t\t\t\t\t\t<\/div>\n\t\t\t\n\t\t\t\t\t\t\t\t\t<br style=\"clear: both\" \/>\n\t\t\t\t\t\n\t\t\n\t\t<!-- Pagination -->\n\t\t<div class='ngg-clear'><\/div>\t<\/div>\n<\/p>\n<h3>Les chambres Artix et Saint C\u00f4me<\/h3>\n<p>Des chambres spacieuses (20m2) avec deux lits, qui peuvent \u00eatre s\u00e9par\u00e9s. Les chambres sont \u00e9quip\u00e9es d&rsquo;un lavabo, d&rsquo;une douche et de toilettes.<\/p>\n<h3>La chambre Tuileries<\/h3>\n<p>La chambre est de fa\u00e7on standard \u00e9quip\u00e9e de deux lits, qui peuvent \u00eatre s\u00e9par\u00e9s et un lavabo. La chambre est assez grande pour placer un troisi\u00e8me lit plus \u00e9ventuellement un lit enfant ou un lit parapluie. Une salle de bain privative se trouve \u00e0 c\u00f4t\u00e9 et est accessible par le couloir (peignoirs de bain disponible).<\/p>\n<h3>Tarifs 2026<\/h3>\n\n<table id=\"tablepress-16\" class=\"tablepress tablepress-id-16\">\n<thead>\n<tr class=\"row-1\">\n\t<th class=\"column-1\"><\/th><th class=\"column-2\">Deux personnes<\/th><th class=\"column-3\">Une personne<\/th>\n<\/tr>\n<\/thead>\n<tbody class=\"row-striping row-hover\">\n<tr class=\"row-2\">\n\t<td class=\"column-1\">Chambre <strong>Artix<\/strong><\/td><td class=\"column-2\">\u20ac 80,00<\/td><td class=\"column-3\">\u20ac 70,00<\/td>\n<\/tr>\n<tr class=\"row-3\">\n\t<td class=\"column-1\">Chambre <strong>Saint C\u00f4me<\/strong><\/td><td class=\"column-2\">\u20ac 80,00<\/td><td class=\"column-3\">\u20ac 70,00<\/td>\n<\/tr>\n<tr class=\"row-4\">\n\t<td class=\"column-1\">Chambre <strong>Tuileries<\/strong><\/td><td class=\"column-2\">\u20ac 75,00<\/td><td class=\"column-3\">\u20ac 65,00<\/td>\n<\/tr>\n<tr class=\"row-5\">\n\t<td class=\"column-1\">Lit suppl\u00e9mentaire<\/td><td class=\"column-2\">\u20ac 20,00<\/td><td class=\"column-3\"><\/td>\n<\/tr>\n<\/tbody>\n<\/table>\n<!-- #tablepress-16 from cache -->\n<p>Le petit-d\u00e9jeuner est inclus dans le prix. La taxe de s\u00e9jour est en suppl\u00e9ment \u00e0 \u20ac 0,85 par personne et par jour (au-del\u00e0 de 18 ans).<\/p>\n<ul>\n<li>Les chambres sont disponibles \u00e0 partir de 16h00 le jour de votre arriv\u00e9e et sont \u00e0 lib\u00e9rer pour 11h00 le jour du d\u00e9part.<\/li>\n<li>Acc\u00e8s Wifi gratuit.<\/li>\n<li>Les animaux domestiques ne sont pas admis.<\/li>\n<\/ul>\n<h3>Paiement<\/h3>\n<p>Vous pouvez payer par carte bancaire, carte de cr\u00e9dit, virement, ch\u00e8que, ch\u00e8que-vacances papier, ch\u00e8que-vacances connect. \u00c9videmment vous pouvez payer au comptant.<\/p>\n","protected":false},"excerpt":{"rendered":"<p>Chambres &amp; Tarifs Les trois chambres portent des noms d&rsquo;endroits, le long desquels vous pouvez faire &lsquo;une promenade de la maison&rsquo;. Les premiers kilom\u00e8tres vous conduisent au hameau d&rsquo;Artix, o\u00f9 se trouve la chapelle Sainte Madeleine datant de la p\u00e9riode wisigothique. En passant par le hameau Tuileries vous poursuivez votre route en direction de Saint &hellip; <a href=\"https:\/\/la-maison-chabbert.com\/fr\/kamers-tarieven\/\" class=\"more-link\">Continuer la lecture<span class=\"screen-reader-text\"> de &laquo;&nbsp;Chambres &#038; Tarifs&nbsp;&raquo;<\/span><\/a><\/p>\n","protected":false},"author":1,"featured_media":1131,"parent":0,"menu_order":1,"comment_status":"closed","ping_status":"closed","template":"","meta":{"ngg_post_thumbnail":0,"footnotes":""},"class_list":["post-62","page","type-page","status-publish","has-post-thumbnail","hentry"],"translation":{"provider":"WPGlobus","version":"3.0.0","language":"fr","enabled_languages":["nl","fr","gb","de"],"languages":{"nl":{"title":true,"content":true,"excerpt":false},"fr":{"title":true,"content":true,"excerpt":false},"gb":{"title":true,"content":true,"excerpt":false},"de":{"title":true,"content":true,"excerpt":false}}},"yoast_head":"<!-- This site is optimized with the Yoast SEO plugin v24.4 - https:\/\/yoast.com\/wordpress\/plugins\/seo\/ -->\n<title>Chambres &amp; Tarifs - La Maison Chabbert<\/title>\n<meta name=\"robots\" content=\"index, follow, max-snippet:-1, max-image-preview:large, max-video-preview:-1\" \/>\n<link rel=\"canonical\" href=\"https:\/\/la-maison-chabbert.com\/kamers-tarieven\/\" \/>\n<meta property=\"og:locale\" content=\"fr_FR\" \/>\n<meta property=\"og:type\" content=\"article\" \/>\n<meta property=\"og:title\" content=\"Chambres &amp; Tarifs - La Maison Chabbert\" \/>\n<meta property=\"og:url\" content=\"https:\/\/la-maison-chabbert.com\/kamers-tarieven\/\" \/>\n<meta property=\"og:site_name\" content=\"La Maison Chabbert\" \/>\n<meta property=\"article:publisher\" content=\"https:\/\/www.facebook.com\/search\/top?q=lamaisonchabbert\" \/>\n<meta property=\"article:modified_time\" content=\"2026-01-14T17:07:40+00:00\" \/>\n<meta property=\"og:image\" content=\"https:\/\/la-maison-chabbert.com\/wp-content\/uploads\/banner-duiven.png\" \/>\n\t<meta property=\"og:image:width\" content=\"1200\" \/>\n\t<meta property=\"og:image:height\" content=\"216\" \/>\n\t<meta property=\"og:image:type\" content=\"image\/png\" \/>\n<meta name=\"twitter:card\" content=\"summary_large_image\" \/>\n<meta name=\"twitter:label1\" content=\"Dur\u00e9e de lecture estim\u00e9e\" \/>\n\t<meta name=\"twitter:data1\" content=\"2 minutes\" \/>\n<script type=\"application\/ld+json\" class=\"yoast-schema-graph\">{\"@context\":\"https:\/\/schema.org\",\"@graph\":[{\"@type\":\"WebPage\",\"@id\":\"https:\/\/la-maison-chabbert.com\/kamers-tarieven\/\",\"url\":\"https:\/\/la-maison-chabbert.com\/kamers-tarieven\/\",\"name\":\"Chambres & Tarifs - La Maison Chabbert\",\"isPartOf\":{\"@id\":\"https:\/\/la-maison-chabbert.com\/#website\"},\"primaryImageOfPage\":{\"@id\":\"https:\/\/la-maison-chabbert.com\/kamers-tarieven\/#primaryimage\"},\"image\":{\"@id\":\"https:\/\/la-maison-chabbert.com\/kamers-tarieven\/#primaryimage\"},\"thumbnailUrl\":\"https:\/\/la-maison-chabbert.com\/wp-content\/uploads\/banner-duiven.png\",\"datePublished\":\"2016-10-05T19:29:10+00:00\",\"dateModified\":\"2026-01-14T17:07:40+00:00\",\"breadcrumb\":{\"@id\":\"https:\/\/la-maison-chabbert.com\/kamers-tarieven\/#breadcrumb\"},\"inLanguage\":\"fr-FR\",\"potentialAction\":[{\"@type\":\"ReadAction\",\"target\":[\"https:\/\/la-maison-chabbert.com\/kamers-tarieven\/\"]}]},{\"@type\":\"ImageObject\",\"inLanguage\":\"fr-FR\",\"@id\":\"https:\/\/la-maison-chabbert.com\/kamers-tarieven\/#primaryimage\",\"url\":\"https:\/\/la-maison-chabbert.com\/wp-content\/uploads\/banner-duiven.png\",\"contentUrl\":\"https:\/\/la-maison-chabbert.com\/wp-content\/uploads\/banner-duiven.png\",\"width\":1200,\"height\":216},{\"@type\":\"BreadcrumbList\",\"@id\":\"https:\/\/la-maison-chabbert.com\/kamers-tarieven\/#breadcrumb\",\"itemListElement\":[{\"@type\":\"ListItem\",\"position\":1,\"name\":\"Home\",\"item\":\"https:\/\/la-maison-chabbert.com\/\"},{\"@type\":\"ListItem\",\"position\":2,\"name\":\"Kamers &#038; Tarieven\"}]},{\"@type\":\"WebSite\",\"@id\":\"https:\/\/la-maison-chabbert.com\/#website\",\"url\":\"https:\/\/la-maison-chabbert.com\/\",\"name\":\"La Maison Chabbert\",\"description\":\"schepje\",\"publisher\":{\"@id\":\"https:\/\/la-maison-chabbert.com\/#organization\"},\"potentialAction\":[{\"@type\":\"SearchAction\",\"target\":{\"@type\":\"EntryPoint\",\"urlTemplate\":\"https:\/\/la-maison-chabbert.com\/?s={search_term_string}\"},\"query-input\":{\"@type\":\"PropertyValueSpecification\",\"valueRequired\":true,\"valueName\":\"search_term_string\"}}],\"inLanguage\":\"fr-FR\"},{\"@type\":\"Organization\",\"@id\":\"https:\/\/la-maison-chabbert.com\/#organization\",\"name\":\"La Maison Chabbert\",\"url\":\"https:\/\/la-maison-chabbert.com\/\",\"logo\":{\"@type\":\"ImageObject\",\"inLanguage\":\"fr-FR\",\"@id\":\"https:\/\/la-maison-chabbert.com\/#\/schema\/logo\/image\/\",\"url\":\"https:\/\/la-maison-chabbert.com\/wp-content\/uploads\/chabbert.png\",\"contentUrl\":\"https:\/\/la-maison-chabbert.com\/wp-content\/uploads\/chabbert.png\",\"width\":421,\"height\":432,\"caption\":\"La Maison Chabbert\"},\"image\":{\"@id\":\"https:\/\/la-maison-chabbert.com\/#\/schema\/logo\/image\/\"},\"sameAs\":[\"https:\/\/www.facebook.com\/search\/top?q=lamaisonchabbert\",\"https:\/\/www.instagram.com\/lamaisonchabbert\/\"]}]}<\/script>\n<!-- \/ Yoast SEO plugin. -->","yoast_head_json":{"title":"Chambres & Tarifs - La Maison Chabbert","robots":{"index":"index","follow":"follow","max-snippet":"max-snippet:-1","max-image-preview":"max-image-preview:large","max-video-preview":"max-video-preview:-1"},"canonical":"https:\/\/la-maison-chabbert.com\/kamers-tarieven\/","og_locale":"fr_FR","og_type":"article","og_title":"Chambres & Tarifs - La Maison Chabbert","og_url":"https:\/\/la-maison-chabbert.com\/kamers-tarieven\/","og_site_name":"La Maison Chabbert","article_publisher":"https:\/\/www.facebook.com\/search\/top?q=lamaisonchabbert","article_modified_time":"2026-01-14T17:07:40+00:00","og_image":[{"width":1200,"height":216,"url":"https:\/\/la-maison-chabbert.com\/wp-content\/uploads\/banner-duiven.png","type":"image\/png"}],"twitter_card":"summary_large_image","twitter_misc":{"Dur\u00e9e de lecture estim\u00e9e":"2 minutes"},"schema":{"@context":"https:\/\/schema.org","@graph":[{"@type":"WebPage","@id":"https:\/\/la-maison-chabbert.com\/kamers-tarieven\/","url":"https:\/\/la-maison-chabbert.com\/kamers-tarieven\/","name":"Chambres & Tarifs - La Maison Chabbert","isPartOf":{"@id":"https:\/\/la-maison-chabbert.com\/#website"},"primaryImageOfPage":{"@id":"https:\/\/la-maison-chabbert.com\/kamers-tarieven\/#primaryimage"},"image":{"@id":"https:\/\/la-maison-chabbert.com\/kamers-tarieven\/#primaryimage"},"thumbnailUrl":"https:\/\/la-maison-chabbert.com\/wp-content\/uploads\/banner-duiven.png","datePublished":"2016-10-05T19:29:10+00:00","dateModified":"2026-01-14T17:07:40+00:00","breadcrumb":{"@id":"https:\/\/la-maison-chabbert.com\/kamers-tarieven\/#breadcrumb"},"inLanguage":"fr-FR","potentialAction":[{"@type":"ReadAction","target":["https:\/\/la-maison-chabbert.com\/kamers-tarieven\/"]}]},{"@type":"ImageObject","inLanguage":"fr-FR","@id":"https:\/\/la-maison-chabbert.com\/kamers-tarieven\/#primaryimage","url":"https:\/\/la-maison-chabbert.com\/wp-content\/uploads\/banner-duiven.png","contentUrl":"https:\/\/la-maison-chabbert.com\/wp-content\/uploads\/banner-duiven.png","width":1200,"height":216},{"@type":"BreadcrumbList","@id":"https:\/\/la-maison-chabbert.com\/kamers-tarieven\/#breadcrumb","itemListElement":[{"@type":"ListItem","position":1,"name":"Home","item":"https:\/\/la-maison-chabbert.com\/"},{"@type":"ListItem","position":2,"name":"Kamers &#038; Tarieven"}]},{"@type":"WebSite","@id":"https:\/\/la-maison-chabbert.com\/#website","url":"https:\/\/la-maison-chabbert.com\/","name":"La Maison Chabbert","description":"schepje","publisher":{"@id":"https:\/\/la-maison-chabbert.com\/#organization"},"potentialAction":[{"@type":"SearchAction","target":{"@type":"EntryPoint","urlTemplate":"https:\/\/la-maison-chabbert.com\/?s={search_term_string}"},"query-input":{"@type":"PropertyValueSpecification","valueRequired":true,"valueName":"search_term_string"}}],"inLanguage":"fr-FR"},{"@type":"Organization","@id":"https:\/\/la-maison-chabbert.com\/#organization","name":"La Maison Chabbert","url":"https:\/\/la-maison-chabbert.com\/","logo":{"@type":"ImageObject","inLanguage":"fr-FR","@id":"https:\/\/la-maison-chabbert.com\/#\/schema\/logo\/image\/","url":"https:\/\/la-maison-chabbert.com\/wp-content\/uploads\/chabbert.png","contentUrl":"https:\/\/la-maison-chabbert.com\/wp-content\/uploads\/chabbert.png","width":421,"height":432,"caption":"La Maison Chabbert"},"image":{"@id":"https:\/\/la-maison-chabbert.com\/#\/schema\/logo\/image\/"},"sameAs":["https:\/\/www.facebook.com\/search\/top?q=lamaisonchabbert","https:\/\/www.instagram.com\/lamaisonchabbert\/"]}]}},"_links":{"self":[{"href":"https:\/\/la-maison-chabbert.com\/fr\/wp-json\/wp\/v2\/pages\/62","targetHints":{"allow":["GET"]}}],"collection":[{"href":"https:\/\/la-maison-chabbert.com\/fr\/wp-json\/wp\/v2\/pages"}],"about":[{"href":"https:\/\/la-maison-chabbert.com\/fr\/wp-json\/wp\/v2\/types\/page"}],"author":[{"embeddable":true,"href":"https:\/\/la-maison-chabbert.com\/fr\/wp-json\/wp\/v2\/users\/1"}],"replies":[{"embeddable":true,"href":"https:\/\/la-maison-chabbert.com\/fr\/wp-json\/wp\/v2\/comments?post=62"}],"version-history":[{"count":180,"href":"https:\/\/la-maison-chabbert.com\/fr\/wp-json\/wp\/v2\/pages\/62\/revisions"}],"predecessor-version":[{"id":6852,"href":"https:\/\/la-maison-chabbert.com\/fr\/wp-json\/wp\/v2\/pages\/62\/revisions\/6852"}],"wp:featuredmedia":[{"embeddable":true,"href":"https:\/\/la-maison-chabbert.com\/fr\/wp-json\/wp\/v2\/media\/1131"}],"wp:attachment":[{"href":"https:\/\/la-maison-chabbert.com\/fr\/wp-json\/wp\/v2\/media?parent=62"}],"curies":[{"name":"wp","href":"https:\/\/api.w.org\/{rel}","templated":true}]}}