{"id":68,"date":"2016-10-05T21:30:44","date_gmt":"2016-10-05T19:30:44","guid":{"rendered":"http:\/\/la-maison-chabbert.com\/?page_id=68"},"modified":"2019-05-10T23:26:28","modified_gmt":"2019-05-10T21:26:28","slug":"links","status":"publish","type":"page","link":"https:\/\/la-maison-chabbert.com\/fr\/links\/","title":{"rendered":"Links"},"content":{"rendered":"<h3>Nous sommes li\u00e9s aux sites web ci-dessous qui pr\u00e9sentent des chambres d&rsquo;h\u00f4tes ou d&rsquo;autres services.&nbsp;<\/h3>\n\n<table id=\"tablepress-21\" class=\"tablepress tablepress-id-21\">\n<tbody>\n<tr class=\"row-1\">\n\t<td class=\"column-1\"><a href=\"https:\/\/www.chambresdhoteswijzer.nl\/\" target=\"_blank\" rel=\"noopener\"><br \/>\n<img loading=\"lazy\" decoding=\"async\" src=\"http:\/\/la-maison-chabbert.com\/wp-content\/uploads\/CDH_Banner.png\" alt=\"mellow-velos\" width=\"280\" height=\"35\" class=\"alignleft size-full wp-image-276\" \/><a href=\"http:\/\/mellowvelos.com\/hire\/en\/\"<\/td><td class=\"column-2\"><\/td><td class=\"column-3\"><BR> <br \/>\n<a href=\"https:\/\/www.chambres-hotes.fr\/chambres-hotes_la-maison-chabbert_beaufort_30377.htm\" target=\"_blank\" rel=\"noopener\"><br \/>\n<img loading=\"lazy\" decoding=\"async\" src=\"http:\/\/la-maison-chabbert.com\/wp-content\/uploads\/def-logo-chambres-hotes-fr.png\" alt=\"mellow-velos\" width=\"300\" height=\"35\" class=\"alignleft size-full wp-image-276\" \/><a href=\"http:\/\/mellowvelos.com\/hire\/en\/\"<\/td>\n<\/tr>\n<tr class=\"row-2\">\n\t<td class=\"column-1\"><a href=\"https:\/\/www.minervois-caroux.com\/en\/\" target=\"_blank\" rel=\"noopener\"><br \/>\n<img loading=\"lazy\" decoding=\"async\" src=\"http:\/\/la-maison-chabbert.com\/wp-content\/uploads\/logo-234-156.png\" alt=\"mellow-velos\" width=\"220\" height=\"35\" class=\"alignleft size-full wp-image-276\" \/><a href=\"http:\/\/mellowvelos.com\/hire\/en\/\"<\/td><td class=\"column-2\"><\/td><td class=\"column-3\"><a href=\"https:\/\/www.offices-de-tourisme-de-france.org\/sites\/otf.org\/files\/media-otf\/chambre_dhotes_reference_-_guide_de_lexploitant_v1_05-2014.pdf\" target=\"_blank\" rel=\"noopener\"><br \/>\n<img loading=\"lazy\" decoding=\"async\" src=\"http:\/\/la-maison-chabbert.com\/wp-content\/uploads\/JPEG-logo_chambre_dhotes_reference.jpg\" alt=\"mellow-velos\" width=\"220\" height=\"35\" class=\"alignleft size-full wp-image-276\" \/><a href=\"http:\/\/mellowvelos.com\/hire\/en\/\"<br \/>\n<\/td>\n<\/tr>\n<tr class=\"row-3\">\n\t<td class=\"column-1\"><a href=\"https:\/\/www.francevelotourisme.com\/accueil-velo\" target=\"_blank\" rel=\"noopener\"><br \/>\n<img loading=\"lazy\" decoding=\"async\" src=\"http:\/\/la-maison-chabbert.com\/wp-content\/uploads\/logo-Accueil-Velo.png\" alt=\"mellow-velos\" width=\"180\" height=\"35\" class=\"alignleft size-full wp-image-276\" \/><a href=\"http:\/\/mellowvelos.com\/hire\/en\/\"<\/td><td class=\"column-2\"><\/td><td class=\"column-3\"><a href=\"https:\/\/www.relaxbiketours.com\/le-canal-du-midi-a-velo.html\"target=\"_blank\"><br \/>\n<img loading=\"lazy\" decoding=\"async\" src=\"https:\/\/la-maison-chabbert.com\/wp-content\/uploads\/newlogo300dpi-Relax-Bike.png\" alt=\"\" width=\"260\" height=\"35\" class=\"alignleft size-full wp-image-3120\" \/><\/td>\n<\/tr>\n<tr class=\"row-4\">\n\t<td class=\"column-1\"><a href=\"http:\/\/mellowvelos.com\/location-de-velos-limoux\/\" target=\"_blank\" rel=\"noopener\"><br \/>\n<img loading=\"lazy\" decoding=\"async\" src=\"http:\/\/la-maison-chabbert.com\/wp-content\/uploads\/logo-5.png\" alt=\"mellow-velos\" width=\"280\" height=\"35\" class=\"alignleft size-full wp-image-276\" \/><a href=http:\/\/mellowvelos.com\/location-de-velos-limoux\/<\/td><td class=\"column-2\"><\/td><td class=\"column-3\"><BR> <br \/>\n<a href=\"https:\/\/canaldumidi.bike\/index.html\"target=_blank\"><br \/>\n<img loading=\"lazy\" decoding=\"async\" src=\"http:\/\/la-maison-chabbert.com\/wp-content\/uploads\/canaldumidibikelogo543x132.png\" alt=\"mellow-velos\" width=\"280\" height=\"35\" class=\"alignleft size-full wp-image-276\" \/><a href=\"http:\/\/mellowvelos.com\/hire\/en\/\"<\/td>\n<\/tr>\n<tr class=\"row-5\">\n\t<td class=\"column-1\"><BR> <br \/>\n<a href=\"https:\/\/www.tripadvisor.fr\/Hotel_Review-g2068979-d4759159-Reviews-La_Maison_Chabbert-Beaufort_Herault_Occitanie.html\" target=\"_blank\" rel=\"noopener\"><br \/>\n<img loading=\"lazy\" decoding=\"async\" src=\"http:\/\/la-maison-chabbert.com\/wp-content\/uploads\/TripAdvisor-logo.png\" alt=\"mellow-velos\" width=\"280\" height=\"35\" class=\"alignleft size-full wp-image-276\" \/><a href=\"http:\/\/mellowvelos.com\/hire\/en\/\"<\/td><td class=\"column-2\"><\/td><td class=\"column-3\"><a href=\"https:\/\/www.france-voyage.com\/chambres-hotes\/chambre-beaufort-75258.htm\" target=\"_blank\" rel=\"noopener\"><br \/>\n<img loading=\"lazy\" decoding=\"async\" src=\"http:\/\/la-maison-chabbert.com\/wp-content\/uploads\/france-voyage-logo.png\" alt=\"mellow-velos\" width=\"280\" height=\"35\" class=\"alignleft size-full wp-image-276\" \/><a href=\"http:\/\/mellowvelos.com\/hire\/en\/\"<\/td>\n<\/tr>\n<tr class=\"row-6\">\n\t<td class=\"column-1\"><\/td><td class=\"column-2\"><\/td><td class=\"column-3\"><\/td>\n<\/tr>\n<tr class=\"row-7\">\n\t<td class=\"column-1\"><\/td><td class=\"column-2\"><\/td><td class=\"column-3\"><\/td>\n<\/tr>\n<\/tbody>\n<\/table>\n<!-- #tablepress-21 from cache -->\n","protected":false},"excerpt":{"rendered":"<p>Nous sommes li\u00e9s aux sites web ci-dessous qui pr\u00e9sentent des chambres d&rsquo;h\u00f4tes ou d&rsquo;autres services.&nbsp;<\/p>\n","protected":false},"author":1,"featured_media":1129,"parent":0,"menu_order":6,"comment_status":"closed","ping_status":"closed","template":"","meta":{"ngg_post_thumbnail":0,"footnotes":""},"class_list":["post-68","page","type-page","status-publish","has-post-thumbnail","hentry"],"translation":{"provider":"WPGlobus","version":"3.0.0","language":"fr","enabled_languages":["nl","fr","gb","de"],"languages":{"nl":{"title":true,"content":true,"excerpt":false},"fr":{"title":true,"content":true,"excerpt":false},"gb":{"title":true,"content":true,"excerpt":false},"de":{"title":true,"content":true,"excerpt":false}}},"yoast_head":"<!-- This site is optimized with the Yoast SEO plugin v24.4 - https:\/\/yoast.com\/wordpress\/plugins\/seo\/ -->\n<title>Links - La Maison Chabbert<\/title>\n<meta name=\"robots\" content=\"index, follow, max-snippet:-1, max-image-preview:large, max-video-preview:-1\" \/>\n<link rel=\"canonical\" href=\"https:\/\/la-maison-chabbert.com\/fr\/links\/\" \/>\n<meta property=\"og:locale\" content=\"fr_FR\" \/>\n<meta property=\"og:type\" content=\"article\" \/>\n<meta property=\"og:title\" content=\"Links - La Maison Chabbert\" \/>\n<meta property=\"og:url\" content=\"https:\/\/la-maison-chabbert.com\/fr\/links\/\" \/>\n<meta property=\"og:site_name\" content=\"La Maison Chabbert\" \/>\n<meta property=\"article:publisher\" content=\"https:\/\/www.facebook.com\/search\/top?q=lamaisonchabbert\" \/>\n<meta property=\"article:modified_time\" content=\"2019-05-10T21:26:28+00:00\" \/>\n<meta property=\"og:image\" content=\"https:\/\/la-maison-chabbert.com\/wp-content\/uploads\/banner-fiets.png\" \/>\n\t<meta property=\"og:image:width\" content=\"1200\" \/>\n\t<meta property=\"og:image:height\" content=\"216\" \/>\n\t<meta property=\"og:image:type\" content=\"image\/png\" \/>\n<meta name=\"twitter:card\" content=\"summary_large_image\" \/>\n<script type=\"application\/ld+json\" class=\"yoast-schema-graph\">{\"@context\":\"https:\/\/schema.org\",\"@graph\":[{\"@type\":\"WebPage\",\"@id\":\"https:\/\/la-maison-chabbert.com\/fr\/links\/\",\"url\":\"https:\/\/la-maison-chabbert.com\/fr\/links\/\",\"name\":\"Links - La Maison Chabbert\",\"isPartOf\":{\"@id\":\"https:\/\/la-maison-chabbert.com\/#website\"},\"primaryImageOfPage\":{\"@id\":\"https:\/\/la-maison-chabbert.com\/fr\/links\/#primaryimage\"},\"image\":{\"@id\":\"https:\/\/la-maison-chabbert.com\/fr\/links\/#primaryimage\"},\"thumbnailUrl\":\"https:\/\/la-maison-chabbert.com\/wp-content\/uploads\/banner-fiets.png\",\"datePublished\":\"2016-10-05T19:30:44+00:00\",\"dateModified\":\"2019-05-10T21:26:28+00:00\",\"breadcrumb\":{\"@id\":\"https:\/\/la-maison-chabbert.com\/fr\/links\/#breadcrumb\"},\"inLanguage\":\"fr-FR\",\"potentialAction\":[{\"@type\":\"ReadAction\",\"target\":[\"https:\/\/la-maison-chabbert.com\/fr\/links\/\"]}]},{\"@type\":\"ImageObject\",\"inLanguage\":\"fr-FR\",\"@id\":\"https:\/\/la-maison-chabbert.com\/fr\/links\/#primaryimage\",\"url\":\"https:\/\/la-maison-chabbert.com\/wp-content\/uploads\/banner-fiets.png\",\"contentUrl\":\"https:\/\/la-maison-chabbert.com\/wp-content\/uploads\/banner-fiets.png\",\"width\":1200,\"height\":216},{\"@type\":\"BreadcrumbList\",\"@id\":\"https:\/\/la-maison-chabbert.com\/fr\/links\/#breadcrumb\",\"itemListElement\":[{\"@type\":\"ListItem\",\"position\":1,\"name\":\"Home\",\"item\":\"https:\/\/la-maison-chabbert.com\/\"},{\"@type\":\"ListItem\",\"position\":2,\"name\":\"Links\"}]},{\"@type\":\"WebSite\",\"@id\":\"https:\/\/la-maison-chabbert.com\/#website\",\"url\":\"https:\/\/la-maison-chabbert.com\/\",\"name\":\"La Maison Chabbert\",\"description\":\"schepje\",\"publisher\":{\"@id\":\"https:\/\/la-maison-chabbert.com\/#organization\"},\"potentialAction\":[{\"@type\":\"SearchAction\",\"target\":{\"@type\":\"EntryPoint\",\"urlTemplate\":\"https:\/\/la-maison-chabbert.com\/?s={search_term_string}\"},\"query-input\":{\"@type\":\"PropertyValueSpecification\",\"valueRequired\":true,\"valueName\":\"search_term_string\"}}],\"inLanguage\":\"fr-FR\"},{\"@type\":\"Organization\",\"@id\":\"https:\/\/la-maison-chabbert.com\/#organization\",\"name\":\"La Maison Chabbert\",\"url\":\"https:\/\/la-maison-chabbert.com\/\",\"logo\":{\"@type\":\"ImageObject\",\"inLanguage\":\"fr-FR\",\"@id\":\"https:\/\/la-maison-chabbert.com\/#\/schema\/logo\/image\/\",\"url\":\"https:\/\/la-maison-chabbert.com\/wp-content\/uploads\/chabbert.png\",\"contentUrl\":\"https:\/\/la-maison-chabbert.com\/wp-content\/uploads\/chabbert.png\",\"width\":421,\"height\":432,\"caption\":\"La Maison Chabbert\"},\"image\":{\"@id\":\"https:\/\/la-maison-chabbert.com\/#\/schema\/logo\/image\/\"},\"sameAs\":[\"https:\/\/www.facebook.com\/search\/top?q=lamaisonchabbert\",\"https:\/\/www.instagram.com\/lamaisonchabbert\/\"]}]}<\/script>\n<!-- \/ Yoast SEO plugin. -->","yoast_head_json":{"title":"Links - La Maison Chabbert","robots":{"index":"index","follow":"follow","max-snippet":"max-snippet:-1","max-image-preview":"max-image-preview:large","max-video-preview":"max-video-preview:-1"},"canonical":"https:\/\/la-maison-chabbert.com\/fr\/links\/","og_locale":"fr_FR","og_type":"article","og_title":"Links - La Maison Chabbert","og_url":"https:\/\/la-maison-chabbert.com\/fr\/links\/","og_site_name":"La Maison Chabbert","article_publisher":"https:\/\/www.facebook.com\/search\/top?q=lamaisonchabbert","article_modified_time":"2019-05-10T21:26:28+00:00","og_image":[{"width":1200,"height":216,"url":"https:\/\/la-maison-chabbert.com\/wp-content\/uploads\/banner-fiets.png","type":"image\/png"}],"twitter_card":"summary_large_image","schema":{"@context":"https:\/\/schema.org","@graph":[{"@type":"WebPage","@id":"https:\/\/la-maison-chabbert.com\/fr\/links\/","url":"https:\/\/la-maison-chabbert.com\/fr\/links\/","name":"Links - La Maison Chabbert","isPartOf":{"@id":"https:\/\/la-maison-chabbert.com\/#website"},"primaryImageOfPage":{"@id":"https:\/\/la-maison-chabbert.com\/fr\/links\/#primaryimage"},"image":{"@id":"https:\/\/la-maison-chabbert.com\/fr\/links\/#primaryimage"},"thumbnailUrl":"https:\/\/la-maison-chabbert.com\/wp-content\/uploads\/banner-fiets.png","datePublished":"2016-10-05T19:30:44+00:00","dateModified":"2019-05-10T21:26:28+00:00","breadcrumb":{"@id":"https:\/\/la-maison-chabbert.com\/fr\/links\/#breadcrumb"},"inLanguage":"fr-FR","potentialAction":[{"@type":"ReadAction","target":["https:\/\/la-maison-chabbert.com\/fr\/links\/"]}]},{"@type":"ImageObject","inLanguage":"fr-FR","@id":"https:\/\/la-maison-chabbert.com\/fr\/links\/#primaryimage","url":"https:\/\/la-maison-chabbert.com\/wp-content\/uploads\/banner-fiets.png","contentUrl":"https:\/\/la-maison-chabbert.com\/wp-content\/uploads\/banner-fiets.png","width":1200,"height":216},{"@type":"BreadcrumbList","@id":"https:\/\/la-maison-chabbert.com\/fr\/links\/#breadcrumb","itemListElement":[{"@type":"ListItem","position":1,"name":"Home","item":"https:\/\/la-maison-chabbert.com\/"},{"@type":"ListItem","position":2,"name":"Links"}]},{"@type":"WebSite","@id":"https:\/\/la-maison-chabbert.com\/#website","url":"https:\/\/la-maison-chabbert.com\/","name":"La Maison Chabbert","description":"schepje","publisher":{"@id":"https:\/\/la-maison-chabbert.com\/#organization"},"potentialAction":[{"@type":"SearchAction","target":{"@type":"EntryPoint","urlTemplate":"https:\/\/la-maison-chabbert.com\/?s={search_term_string}"},"query-input":{"@type":"PropertyValueSpecification","valueRequired":true,"valueName":"search_term_string"}}],"inLanguage":"fr-FR"},{"@type":"Organization","@id":"https:\/\/la-maison-chabbert.com\/#organization","name":"La Maison Chabbert","url":"https:\/\/la-maison-chabbert.com\/","logo":{"@type":"ImageObject","inLanguage":"fr-FR","@id":"https:\/\/la-maison-chabbert.com\/#\/schema\/logo\/image\/","url":"https:\/\/la-maison-chabbert.com\/wp-content\/uploads\/chabbert.png","contentUrl":"https:\/\/la-maison-chabbert.com\/wp-content\/uploads\/chabbert.png","width":421,"height":432,"caption":"La Maison Chabbert"},"image":{"@id":"https:\/\/la-maison-chabbert.com\/#\/schema\/logo\/image\/"},"sameAs":["https:\/\/www.facebook.com\/search\/top?q=lamaisonchabbert","https:\/\/www.instagram.com\/lamaisonchabbert\/"]}]}},"_links":{"self":[{"href":"https:\/\/la-maison-chabbert.com\/fr\/wp-json\/wp\/v2\/pages\/68","targetHints":{"allow":["GET"]}}],"collection":[{"href":"https:\/\/la-maison-chabbert.com\/fr\/wp-json\/wp\/v2\/pages"}],"about":[{"href":"https:\/\/la-maison-chabbert.com\/fr\/wp-json\/wp\/v2\/types\/page"}],"author":[{"embeddable":true,"href":"https:\/\/la-maison-chabbert.com\/fr\/wp-json\/wp\/v2\/users\/1"}],"replies":[{"embeddable":true,"href":"https:\/\/la-maison-chabbert.com\/fr\/wp-json\/wp\/v2\/comments?post=68"}],"version-history":[{"count":85,"href":"https:\/\/la-maison-chabbert.com\/fr\/wp-json\/wp\/v2\/pages\/68\/revisions"}],"predecessor-version":[{"id":6246,"href":"https:\/\/la-maison-chabbert.com\/fr\/wp-json\/wp\/v2\/pages\/68\/revisions\/6246"}],"wp:featuredmedia":[{"embeddable":true,"href":"https:\/\/la-maison-chabbert.com\/fr\/wp-json\/wp\/v2\/media\/1129"}],"wp:attachment":[{"href":"https:\/\/la-maison-chabbert.com\/fr\/wp-json\/wp\/v2\/media?parent=68"}],"curies":[{"name":"wp","href":"https:\/\/api.w.org\/{rel}","templated":true}]}}