{"id":79,"date":"2016-10-05T21:34:49","date_gmt":"2016-10-05T19:34:49","guid":{"rendered":"http:\/\/la-maison-chabbert.com\/?page_id=79"},"modified":"2025-02-03T19:42:32","modified_gmt":"2025-02-03T18:42:32","slug":"omgeving","status":"publish","type":"page","link":"https:\/\/la-maison-chabbert.com\/fr\/omgeving\/","title":{"rendered":"Aux alentours"},"content":{"rendered":"<h2>\u00c0 l&rsquo;aventure!<\/h2>\n<p>En sortant de &lsquo;La Maison Chabbert&rsquo;, une \u00e9tendue de vignes vous convie \u00e0 une promenade dans la nature, le long des villages et de la garrigue. D\u00e8s le printemps, il y a \u00e9norm\u00e9ment de fleurs et d&rsquo;herbes florissantes et l&rsquo;odeur du thym et du romarin est d\u00e9licieuse.<\/p>\n<p>Autour de Beaufort, il n\u2019y a pas moins de trois magnifiques parcs naturels tr\u00e8s int\u00e9ressants. Vous pouvez vous promener, faire du v\u00e9lo ou d\u00e9couvrir la r\u00e9gion en voiture. En grand amateur de la petite reine, Dick se fera un plaisir de vous renseigner sur ce paradis pour les cyclistes.<\/p>\nngg_shortcode_0_placeholder\n<p style=\"text-align: justify;\"><span lang=\"nl-NL\"><br \/>\n<a id=\"carcassonne\"><\/a><br \/>\nAu sud et au sud-ouest du village se trouve le pays des Cathares, dans le d\u00e9partement de l&rsquo;Aude. Les paysages somptueux abritent de nombreux ch\u00e2teaux et abbayes, t\u00e9moins silencieux d&rsquo;une histoire riche et tumultueuse. En particulier, la Cit\u00e9 de Carcassonne, ville fortifi\u00e9e du Moyen \u00c2ge, enti\u00e8rement restaur\u00e9e, et qui figure sur la liste du patrimoine mondial de l&rsquo;UNESCO, m\u00e9rite le d\u00e9tour. Le plus grand bourg des Cathares frappe encore l&rsquo;imagination, avec ses doubles remparts, ses tours et ses pont-levis.<br \/>\n<\/span><span lang=\"nl-NL\">Pour plus d&rsquo;informations: <a href=\"http:\/\/www.france-voyage.com\/tourisme\/carcassonne-64.htm\" target=\"_blank\" rel=\"noopener\">France Voyage<\/a>&nbsp;<\/span><\/p>\nngg_shortcode_1_placeholder\n<a id=\"minerve\"><\/a><br \/>\nLe Minervois est un terroir vinicole situ\u00e9 \u00e0 la fronti\u00e8re des d\u00e9partements de l&rsquo;Aude et de l&rsquo;H\u00e9rault. Son nom est d\u00e9riv\u00e9 de Minerve, un des plus beaux villages de France, th\u00e9\u00e2tre d&rsquo;\u00e9v\u00e8nements historiques durant la p\u00e9riode m\u00e9di\u00e9vale. \u00c0 cause des gorges profondes qui l&rsquo;entourent, il \u00e9tait pratiquement impossible de conqu\u00e9rir Minerve. Pourtant, en 1210, lors d&rsquo;une croisade, Simon de Montfort l&rsquo;assi\u00e8ge et r\u00e9ussi \u00e0 y p\u00e9n\u00e9trer, 140 Cathares mourront dans des circonstances abominables. Les gorges profondes et abruptes, \u00e9rod\u00e9es par deux rivi\u00e8res, la Cesse et la Brian, s\u00e9parent Minerve des causses. C&rsquo;est un ph\u00e9nom\u00e8ne naturel impressionnant \u00e0 ne pas manquer. Pour plus d&rsquo;informations: <a href=\"http:\/\/www.france-voyage.com\/tourisme\/minerve-1022.htm\" target=\"_blank\" rel=\"noopener\">France Voyage<\/a><\/p>\nngg_shortcode_2_placeholder\n<p style=\"text-align: justify;\"><span lang=\"nl-NL\"><br \/>\nDans le &lsquo;Parc naturel r\u00e9gional du Haut-Languedoc&rsquo;, au nord de Beaufort, vous pourrez faire des excursions spectaculaires au sein d&rsquo;une nature prot\u00e9g\u00e9e et visiter de beaux villages, comme Roquebrun (surnomm\u00e9 &lsquo;la Nice de l&rsquo;H\u00e9rault&rsquo;), Olargues ou louer un cano\u00eb ou un kayak pour un parcours splendide \u00e0 travers les gorges de la vall\u00e9e de l&rsquo;Orb. Pour plus d&rsquo;informations: <a href=\"http:\/\/www.france-voyage.com\/tourisme\/parc-naturel-regional-haut-languedoc-1021.htm\" target=\"_blank\" rel=\"noopener\">France Voyage<\/a><\/span><\/p>\n<p style=\"text-align: justify;\">Le &lsquo;Parc naturel r\u00e9gional de la Narbonnaise et M\u00e9diterran\u00e9e&rsquo;, plus \u00e0 l&rsquo;ouest offre une vari\u00e9t\u00e9 de v\u00e9g\u00e9tation exceptionnelle et un littoral avec de larges plages de sable fin, des villages de p\u00eache, des \u00e9tangs et des flamants roses.<br \/>\nUne station baln\u00e9aire agr\u00e9able est Gruissan. Le vieux centre a \u00e9t\u00e9 b\u00e2ti en cercle autour la Tour Barberousse. Dans le Languedoc vous les rencontrez partout, ces \u2018villages circulades\u2019, b\u00e2tis autour une \u00e9glise ou un ch\u00e2teau fort. Gruissan a des ports de plaisance et de tr\u00e8s belles plages. Une particularit\u00e9 sont les chalets en bois sur pilotis, qui \u00e9taient en 1986 le d\u00e9cor pour le c\u00e9l\u00e8bre film 37\u00b02 le matin.<br \/>\n\u00c0 combiner avec Gruissan est une visite \u00e0 l\u2019\u00cele Saint Martin, qui se trouve directement en dessous. Vous pouvez y faire la randonn\u00e9e \u2018Le sentier des Goules\u2019 avec des vues magnifiques ou aller \u00e0 la d\u00e9couverte de la r\u00e9colte du sel selon la technique traditionnelle au Salin de l\u2019\u00cele Saint Martin, o\u00f9 l\u2019eau se colore en rose en \u00e9t\u00e9.<br \/>\nPour plus d&rsquo;informations: <a href=\"http:\/\/www.france-voyage.com\/tourisme\/parc-naturel-regional-narbonnaise-mediterranee-2111.htm\" target=\"_blank\" rel=\"noopener\">France Voyage<\/a><\/p>\nngg_shortcode_3_placeholder\n<a id=\"narbonne\"><\/a><br \/>\nD\u00e8s l&rsquo;Antiquit\u00e9, c&rsquo;est \u00e0 Narbonne, \u00e0 une crois\u00e9e importante des chemins, que va s&rsquo;\u00e9tablir la premi\u00e8re colonie de Romains hors d&rsquo;Italie. Au centre-ville, la trace des fouilles de la Via Domitia (118 avant JC) est encore visible, ainsi que la premi\u00e8re route commerciale en Gaule, qui reliait l&rsquo;Italie \u00e0 l&rsquo;Espagne. Aujourd&rsquo;hui Narbonne est une ville vivante, avec son ambiance m\u00e9diterran\u00e9enne, appr\u00e9ci\u00e9e des touristes pour son architecture particuli\u00e8re et les riches collections des ses mus\u00e9es. Pour le d\u00e9jeuner vous pouvez choisir un des petits restaurants sur les rives de la Robine, ou composer vous-m\u00eame votre repas de midi dans les anciennes Halles, vieilles de plus de 100 ans. De la belle pr\u00e9sentation des produits artisanaux aux d\u00e9licieux vins, sur ce march\u00e9, vous en aurez l&rsquo;eau \u00e0 la bouche. Si vous \u00eates satur\u00e9 par toute la beaut\u00e9 de cette ville, vous pouvez prendre un bain de soleil ou un bol d&rsquo;air sur les plages de sable fin de Narbonne Plage. Pour plus d&rsquo;informations: <a href=\"http:\/\/www.france-voyage.com\/tourisme\/narbonne-69.htm\" target=\"_blank\" rel=\"noopener\">France Voyage<\/a><\/p>\n<p style=\"text-align: justify;\">En d\u00e9couvrant la r\u00e9gion, vous rencontrerez r\u00e9guli\u00e8rement le Canal du Midi, lui aussi inscrit sur la liste du patrimoine mondial de l&rsquo;UNESCO. Con\u00e7u par Pierre Paul Riquet, sous le gouvernement de Louis XIV, afin de relier l&rsquo;oc\u00e9an Atlantique \u00e0 la M\u00e9diterran\u00e9e, son chemin de halage, sous les platanes s\u00e9culaires, est une v\u00e9ritable invitation \u00e0 la promenade, \u00e0 pied ou en v\u00e9lo. \u00c0 B\u00e9ziers, les 9 \u00e9cluses, permettent aux bateaux de parcourir graduellement une distance de 315 m\u00e8tres, sur une d\u00e9nivellation de presque 25 m\u00e8tres. Le fameux pont-canal, qui enjambe l&rsquo;Orb, tout comme la ville de B\u00e9ziers valent certainement la peine d&rsquo;\u00eatre vus.<\/p>\nngg_shortcode_4_placeholder\n<p style=\"text-align: justify;\"><span lang=\"nl-NL\"><br \/>\nAu bord du Canal du Midi s&rsquo;\u00e9tendent beaucoup de jolis villages, comme celui de Homps, \u00e0 5 km de Beaufort et Le Somail \u00e0 19 km. Des croisi\u00e8res sur le canal sont organis\u00e9es au d\u00e9part de ces ports. Au Somail se trouve une grande librairie &lsquo;Le Trouve Tout du Livre&rsquo;, le paradis des amoureux de la litt\u00e9rature!<br \/>\n\u00c0 c\u00f4t\u00e9 de Homps se trouve le Lac de Jouarres, qui vous permet de vous d\u00e9tendre gr\u00e2ce \u00e0 la p\u00eache, au nautisme ou \u00e0 la natation (baignade surveill\u00e9e en juillet-ao\u00fbt).<br \/>\nPour plus d&rsquo;informations: <a href=\"http:\/\/www.france-voyage.com\/tourisme\/canal-midi-66.htm\" target=\"_blank\" rel=\"noopener\">France Voyage<\/a><\/span><\/p>\nngg_shortcode_5_placeholder\n<p style=\"text-align: justify;\"><span lang=\"nl-NL\"><br \/>\n<a id=\"lagrasse\"><\/a><br \/>\nNous sommes g\u00e2t\u00e9s dans nos environs avec m\u00eame trois villages, class\u00e9s parmi Les Plus Beaux Villages de France. Sur cette page nous avons d\u00e9j\u00e0 mentionn\u00e9 Minerve et Olargues. Le troisi\u00e8me village est Lagrasse, \u00e0 environ 30 km au sud de Beaufort. Il est bon de se promener dans le vieux village paisible et de visiter l\u2019Abbaye Sainte-Marie du 8\u00e8me si\u00e8cle.<br \/>\nUne autre abbaye magnifique est L\u2019Abbaye Sainte-Marie de Fontfroide. Elle est situ\u00e9e dans un beau paysage au sud-ouest de Narbonne et il vaut bien la peine de la visiter. Pour plus d&rsquo;informations: <a href=\"https:\/\/www.france-voyage.com\/villes-villages\/lagrasse-729\/abbaye-sainte-marie-14114.htm\" target=\"_blank\" rel=\"noopener\">France Voyage Lagrasse<\/a> \/ <a href=\"https:\/\/www.france-voyage.com\/tourisme\/abbaye-fontfroide-70.htm\" target=\"_blank\" rel=\"noopener\">France Voyage Fontfroide&nbsp;<\/a><\/span><\/p>\n<p style=\"text-align: justify;\">Pr\u00e8s du joli village de Bize-Minervois vous pouvez d\u00e9couvrir toute la magie de l&rsquo;olivier et de la production de l&rsquo;huile d&rsquo;olive \u00e0 travers la visite guid\u00e9e de l&rsquo;Odyss\u00e9e de l&rsquo;Olivier. Cette visite d&rsquo;1h30 comprend un sentier d&rsquo;interpr\u00e9tation de la culture de l&rsquo;olivier dans une oliveraie am\u00e9nag\u00e9e de 400 arbres, un spectacle en son et lumi\u00e8re dans le moulin \u00e0 huile, un espace mus\u00e9ographique multim\u00e9dia et une initiation \u00e0 la d\u00e9gustation des huiles et olives de l&rsquo;Oulibo. Pour plus d&rsquo;informations: <a href=\"https:\/\/www.loulibo.com\/\" target=\"_blank\" rel=\"noopener\">L&rsquo;Oulibo<\/a> et <a href=\"http:\/\/www.france-voyage.com\/villes-villages\/bize-minervois-571\/musee-odyssee-olivier-34220.htm\" target=\"_blank\" rel=\"noopener\">France Voyage<\/a><\/p>\n<p style=\"text-align: justify;\">Ce qui pr\u00e9c\u00e8de est un choix parmi les possibilit\u00e9s qu&rsquo;offrent les environs de La Maison Chabbert. Les paysages prennent les couleurs des saisons et la temp\u00e9rature est agr\u00e9able jusqu&rsquo;\u00e0 la fin de l&rsquo;automne. Du printemps \u00e0 l&rsquo;arri\u00e8re-saison, il y a beaucoup d&rsquo;animations: march\u00e9s, vide-greniers, festivals, d\u00e9gustations de vin, f\u00eates de village traditionnelles etc. Si vous venez s\u00e9journer chez nous, nous vous renseignerons avec plaisir.<\/p>\nngg_shortcode_6_placeholder\n<p style=\"text-align: left;\">&nbsp;<\/p>\n","protected":false},"excerpt":{"rendered":"<p>\u00c0 l&rsquo;aventure! En sortant de &lsquo;La Maison Chabbert&rsquo;, une \u00e9tendue de vignes vous convie \u00e0 une promenade dans la nature, le long des villages et de la garrigue. D\u00e8s le printemps, il y a \u00e9norm\u00e9ment de fleurs et d&rsquo;herbes florissantes et l&rsquo;odeur du thym et du romarin est d\u00e9licieuse. Autour de Beaufort, il n\u2019y a &hellip; <a href=\"https:\/\/la-maison-chabbert.com\/fr\/omgeving\/\" class=\"more-link\">Continuer la lecture<span class=\"screen-reader-text\"> de &laquo;&nbsp;Aux alentours&nbsp;&raquo;<\/span><\/a><\/p>\n","protected":false},"author":1,"featured_media":1128,"parent":0,"menu_order":4,"comment_status":"closed","ping_status":"closed","template":"","meta":{"ngg_post_thumbnail":0,"footnotes":""},"class_list":["post-79","page","type-page","status-publish","has-post-thumbnail","hentry"],"translation":{"provider":"WPGlobus","version":"3.0.0","language":"fr","enabled_languages":["nl","fr","gb","de"],"languages":{"nl":{"title":true,"content":true,"excerpt":false},"fr":{"title":true,"content":true,"excerpt":false},"gb":{"title":true,"content":true,"excerpt":false},"de":{"title":true,"content":true,"excerpt":false}}},"yoast_head":"<!-- This site is optimized with the Yoast SEO plugin v24.4 - https:\/\/yoast.com\/wordpress\/plugins\/seo\/ -->\n<title>Aux alentours - La Maison Chabbert<\/title>\n<meta name=\"robots\" content=\"index, follow, max-snippet:-1, max-image-preview:large, max-video-preview:-1\" \/>\n<link rel=\"canonical\" href=\"https:\/\/la-maison-chabbert.com\/omgeving\/\" \/>\n<meta property=\"og:locale\" content=\"fr_FR\" \/>\n<meta property=\"og:type\" content=\"article\" \/>\n<meta property=\"og:title\" content=\"Aux alentours - La Maison Chabbert\" \/>\n<meta property=\"og:url\" content=\"https:\/\/la-maison-chabbert.com\/omgeving\/\" \/>\n<meta property=\"og:site_name\" content=\"La Maison Chabbert\" \/>\n<meta property=\"article:publisher\" content=\"https:\/\/www.facebook.com\/search\/top?q=lamaisonchabbert\" \/>\n<meta property=\"article:modified_time\" content=\"2025-02-03T18:42:32+00:00\" \/>\n<meta property=\"og:image\" content=\"https:\/\/la-maison-chabbert.com\/wp-content\/uploads\/banner-canal-du-midi.png\" \/>\n\t<meta property=\"og:image:width\" content=\"1200\" \/>\n\t<meta property=\"og:image:height\" content=\"216\" \/>\n\t<meta property=\"og:image:type\" content=\"image\/png\" \/>\n<meta name=\"twitter:card\" content=\"summary_large_image\" \/>\n<meta name=\"twitter:label1\" content=\"Dur\u00e9e de lecture estim\u00e9e\" \/>\n\t<meta name=\"twitter:data1\" content=\"6 minutes\" \/>\n<script type=\"application\/ld+json\" class=\"yoast-schema-graph\">{\"@context\":\"https:\/\/schema.org\",\"@graph\":[{\"@type\":\"WebPage\",\"@id\":\"https:\/\/la-maison-chabbert.com\/omgeving\/\",\"url\":\"https:\/\/la-maison-chabbert.com\/omgeving\/\",\"name\":\"Aux alentours - La Maison Chabbert\",\"isPartOf\":{\"@id\":\"https:\/\/la-maison-chabbert.com\/#website\"},\"primaryImageOfPage\":{\"@id\":\"https:\/\/la-maison-chabbert.com\/omgeving\/#primaryimage\"},\"image\":{\"@id\":\"https:\/\/la-maison-chabbert.com\/omgeving\/#primaryimage\"},\"thumbnailUrl\":\"https:\/\/la-maison-chabbert.com\/wp-content\/uploads\/banner-canal-du-midi.png\",\"datePublished\":\"2016-10-05T19:34:49+00:00\",\"dateModified\":\"2025-02-03T18:42:32+00:00\",\"breadcrumb\":{\"@id\":\"https:\/\/la-maison-chabbert.com\/omgeving\/#breadcrumb\"},\"inLanguage\":\"fr-FR\",\"potentialAction\":[{\"@type\":\"ReadAction\",\"target\":[\"https:\/\/la-maison-chabbert.com\/omgeving\/\"]}]},{\"@type\":\"ImageObject\",\"inLanguage\":\"fr-FR\",\"@id\":\"https:\/\/la-maison-chabbert.com\/omgeving\/#primaryimage\",\"url\":\"https:\/\/la-maison-chabbert.com\/wp-content\/uploads\/banner-canal-du-midi.png\",\"contentUrl\":\"https:\/\/la-maison-chabbert.com\/wp-content\/uploads\/banner-canal-du-midi.png\",\"width\":1200,\"height\":216},{\"@type\":\"BreadcrumbList\",\"@id\":\"https:\/\/la-maison-chabbert.com\/omgeving\/#breadcrumb\",\"itemListElement\":[{\"@type\":\"ListItem\",\"position\":1,\"name\":\"Home\",\"item\":\"https:\/\/la-maison-chabbert.com\/\"},{\"@type\":\"ListItem\",\"position\":2,\"name\":\"Omgeving\"}]},{\"@type\":\"WebSite\",\"@id\":\"https:\/\/la-maison-chabbert.com\/#website\",\"url\":\"https:\/\/la-maison-chabbert.com\/\",\"name\":\"La Maison Chabbert\",\"description\":\"schepje\",\"publisher\":{\"@id\":\"https:\/\/la-maison-chabbert.com\/#organization\"},\"potentialAction\":[{\"@type\":\"SearchAction\",\"target\":{\"@type\":\"EntryPoint\",\"urlTemplate\":\"https:\/\/la-maison-chabbert.com\/?s={search_term_string}\"},\"query-input\":{\"@type\":\"PropertyValueSpecification\",\"valueRequired\":true,\"valueName\":\"search_term_string\"}}],\"inLanguage\":\"fr-FR\"},{\"@type\":\"Organization\",\"@id\":\"https:\/\/la-maison-chabbert.com\/#organization\",\"name\":\"La Maison Chabbert\",\"url\":\"https:\/\/la-maison-chabbert.com\/\",\"logo\":{\"@type\":\"ImageObject\",\"inLanguage\":\"fr-FR\",\"@id\":\"https:\/\/la-maison-chabbert.com\/#\/schema\/logo\/image\/\",\"url\":\"https:\/\/la-maison-chabbert.com\/wp-content\/uploads\/chabbert.png\",\"contentUrl\":\"https:\/\/la-maison-chabbert.com\/wp-content\/uploads\/chabbert.png\",\"width\":421,\"height\":432,\"caption\":\"La Maison Chabbert\"},\"image\":{\"@id\":\"https:\/\/la-maison-chabbert.com\/#\/schema\/logo\/image\/\"},\"sameAs\":[\"https:\/\/www.facebook.com\/search\/top?q=lamaisonchabbert\",\"https:\/\/www.instagram.com\/lamaisonchabbert\/\"]}]}<\/script>\n<!-- \/ Yoast SEO plugin. -->","yoast_head_json":{"title":"Aux alentours - La Maison Chabbert","robots":{"index":"index","follow":"follow","max-snippet":"max-snippet:-1","max-image-preview":"max-image-preview:large","max-video-preview":"max-video-preview:-1"},"canonical":"https:\/\/la-maison-chabbert.com\/omgeving\/","og_locale":"fr_FR","og_type":"article","og_title":"Aux alentours - La Maison Chabbert","og_url":"https:\/\/la-maison-chabbert.com\/omgeving\/","og_site_name":"La Maison Chabbert","article_publisher":"https:\/\/www.facebook.com\/search\/top?q=lamaisonchabbert","article_modified_time":"2025-02-03T18:42:32+00:00","og_image":[{"width":1200,"height":216,"url":"https:\/\/la-maison-chabbert.com\/wp-content\/uploads\/banner-canal-du-midi.png","type":"image\/png"}],"twitter_card":"summary_large_image","twitter_misc":{"Dur\u00e9e de lecture estim\u00e9e":"6 minutes"},"schema":{"@context":"https:\/\/schema.org","@graph":[{"@type":"WebPage","@id":"https:\/\/la-maison-chabbert.com\/omgeving\/","url":"https:\/\/la-maison-chabbert.com\/omgeving\/","name":"Aux alentours - La Maison Chabbert","isPartOf":{"@id":"https:\/\/la-maison-chabbert.com\/#website"},"primaryImageOfPage":{"@id":"https:\/\/la-maison-chabbert.com\/omgeving\/#primaryimage"},"image":{"@id":"https:\/\/la-maison-chabbert.com\/omgeving\/#primaryimage"},"thumbnailUrl":"https:\/\/la-maison-chabbert.com\/wp-content\/uploads\/banner-canal-du-midi.png","datePublished":"2016-10-05T19:34:49+00:00","dateModified":"2025-02-03T18:42:32+00:00","breadcrumb":{"@id":"https:\/\/la-maison-chabbert.com\/omgeving\/#breadcrumb"},"inLanguage":"fr-FR","potentialAction":[{"@type":"ReadAction","target":["https:\/\/la-maison-chabbert.com\/omgeving\/"]}]},{"@type":"ImageObject","inLanguage":"fr-FR","@id":"https:\/\/la-maison-chabbert.com\/omgeving\/#primaryimage","url":"https:\/\/la-maison-chabbert.com\/wp-content\/uploads\/banner-canal-du-midi.png","contentUrl":"https:\/\/la-maison-chabbert.com\/wp-content\/uploads\/banner-canal-du-midi.png","width":1200,"height":216},{"@type":"BreadcrumbList","@id":"https:\/\/la-maison-chabbert.com\/omgeving\/#breadcrumb","itemListElement":[{"@type":"ListItem","position":1,"name":"Home","item":"https:\/\/la-maison-chabbert.com\/"},{"@type":"ListItem","position":2,"name":"Omgeving"}]},{"@type":"WebSite","@id":"https:\/\/la-maison-chabbert.com\/#website","url":"https:\/\/la-maison-chabbert.com\/","name":"La Maison Chabbert","description":"schepje","publisher":{"@id":"https:\/\/la-maison-chabbert.com\/#organization"},"potentialAction":[{"@type":"SearchAction","target":{"@type":"EntryPoint","urlTemplate":"https:\/\/la-maison-chabbert.com\/?s={search_term_string}"},"query-input":{"@type":"PropertyValueSpecification","valueRequired":true,"valueName":"search_term_string"}}],"inLanguage":"fr-FR"},{"@type":"Organization","@id":"https:\/\/la-maison-chabbert.com\/#organization","name":"La Maison Chabbert","url":"https:\/\/la-maison-chabbert.com\/","logo":{"@type":"ImageObject","inLanguage":"fr-FR","@id":"https:\/\/la-maison-chabbert.com\/#\/schema\/logo\/image\/","url":"https:\/\/la-maison-chabbert.com\/wp-content\/uploads\/chabbert.png","contentUrl":"https:\/\/la-maison-chabbert.com\/wp-content\/uploads\/chabbert.png","width":421,"height":432,"caption":"La Maison Chabbert"},"image":{"@id":"https:\/\/la-maison-chabbert.com\/#\/schema\/logo\/image\/"},"sameAs":["https:\/\/www.facebook.com\/search\/top?q=lamaisonchabbert","https:\/\/www.instagram.com\/lamaisonchabbert\/"]}]}},"_links":{"self":[{"href":"https:\/\/la-maison-chabbert.com\/fr\/wp-json\/wp\/v2\/pages\/79","targetHints":{"allow":["GET"]}}],"collection":[{"href":"https:\/\/la-maison-chabbert.com\/fr\/wp-json\/wp\/v2\/pages"}],"about":[{"href":"https:\/\/la-maison-chabbert.com\/fr\/wp-json\/wp\/v2\/types\/page"}],"author":[{"embeddable":true,"href":"https:\/\/la-maison-chabbert.com\/fr\/wp-json\/wp\/v2\/users\/1"}],"replies":[{"embeddable":true,"href":"https:\/\/la-maison-chabbert.com\/fr\/wp-json\/wp\/v2\/comments?post=79"}],"version-history":[{"count":253,"href":"https:\/\/la-maison-chabbert.com\/fr\/wp-json\/wp\/v2\/pages\/79\/revisions"}],"predecessor-version":[{"id":6721,"href":"https:\/\/la-maison-chabbert.com\/fr\/wp-json\/wp\/v2\/pages\/79\/revisions\/6721"}],"wp:featuredmedia":[{"embeddable":true,"href":"https:\/\/la-maison-chabbert.com\/fr\/wp-json\/wp\/v2\/media\/1128"}],"wp:attachment":[{"href":"https:\/\/la-maison-chabbert.com\/fr\/wp-json\/wp\/v2\/media?parent=79"}],"curies":[{"name":"wp","href":"https:\/\/api.w.org\/{rel}","templated":true}]}}