{"id":82,"date":"2016-10-05T21:35:29","date_gmt":"2016-10-05T19:35:29","guid":{"rendered":"http:\/\/la-maison-chabbert.com\/?page_id=82"},"modified":"2025-06-10T09:11:46","modified_gmt":"2025-06-10T07:11:46","slug":"route","status":"publish","type":"page","link":"https:\/\/la-maison-chabbert.com\/fr\/route\/","title":{"rendered":"Route"},"content":{"rendered":"<h1>Directions<\/h1>\n<p>Coordonn\u00e9es GPS: 43.298549, 2.758699&nbsp;<\/p>\n<p><iframe loading=\"lazy\" src=\"https:\/\/maps.google.fr\/maps?f=q&amp;source=s_q&amp;hl=fr&amp;geocode=&amp;q=2+Rue+Centrale,+34210+Beaufort&amp;aq=0&amp;oq=2+Rue+Centrale,+34210+Beaufort&amp;sll=46.75984,1.738281&amp;sspn=11.968876,19.753418&amp;ie=UTF8&amp;hq=&amp;hnear=2+Rue+Centrale,+34210+Beaufort,+H%C3%A9rault,+Languedoc-Roussillon&amp;t=m&amp;ll=44.063907,4.185791&amp;spn=3.789261,7.03125&amp;z=7&amp;iwloc=A&amp;output=embed\" width=\"640\" height=\"480\" frameborder=\"0\" marginwidth=\"0\" marginheight=\"0\" scrolling=\"no\"><\/iframe><br \/>\n<small><a style=\"color: #0000ff; text-align: left;\" href=\"https:\/\/maps.google.fr\/maps?f=q&amp;source=embed&amp;hl=fr&amp;geocode=&amp;q=2+Rue+Centrale,+34210+Beaufort&amp;aq=0&amp;oq=2+Rue+Centrale,+34210+Beaufort&amp;sll=46.75984,1.738281&amp;sspn=11.968876,19.753418&amp;ie=UTF8&amp;hq=&amp;hnear=2+Rue+Centrale,+34210+Beaufort,+H%C3%A9rault,+Languedoc-Roussillon&amp;t=m&amp;ll=44.063907,4.185791&amp;spn=3.789261,7.03125&amp;z=7&amp;iwloc=A\">Agrandir le plan<\/a><\/small><\/p>\n<h2>En voiture<\/h2>\n<h3>L\u2019itin\u00e9raire par B\u00e9ziers l\u2019A75<\/h3>\n<ul>\n<li>Prenez la sortie 36 direction Castres\/Mazamet\/Saint-Pons\/Vendres\/B\u00e9ziers-Ouest<\/li>\n<li>Au rond-point prenez la 1\u00e8re sortie sur la D64<\/li>\n<li>Prenez la sortie D11 en direction de Montady\/Capestang\/Colombiers<\/li>\n<li>Continuez sur la D11 et ci-apr\u00e8s la D5<\/li>\n<li>Prenez la sortie Olonzac et continuez sur la D52 jusqu\u2019au rond-point<\/li>\n<li>Prenez la 2\u00e8me sortie Beaufort et continuez sur la D910<\/li>\n<li>Vous entrez le village par l\u2019Avenue du G\u00e9n\u00e9ral de Gaulle. Vous passez la Mairie \u00e0 votre gauche et puis, juste avant le panneau du restaurant l\u2019Auberge St Martin et avant l\u2019\u00e9glise, vous prenez la rue Centrale \u00e0 votre droite.<\/li>\n<li>Vous \u00eates arriv\u00e9s.<\/li>\n<\/ul>\n<h3>L\u2019itin\u00e9raire par Narbonne l\u2019A9<\/h3>\n<ul>\n<li>Prenez la sortie 38 Narbonne-sud<\/li>\n<li>Prenez la D6009 direction Carcassonne\/B\u00e9ziers<\/li>\n<li>Utilisez la voie de droite pour prendre la bretelle D6113 en direction de Carcassonne\/L\u00e9zignan-Corbi\u00e8res<\/li>\n<li>Continuez sur la D6113 jusqu\u2019au feu \u00e0 Villedaigne, tournez \u00e0 droite et continuez par la D11 (Route de Canet)<\/li>\n<li>Au rond point continuez tout droit par la D611<\/li>\n<li>\u00c0 la bifurcation tournez \u00e0 droite (\u00e0 gauche c\u2019est direction Carcassonne) et prenez apr\u00e8s quelques cents m\u00e8tres \u00e0 gauche sur la D52E3 direction Olonzac<\/li>\n<li>Prenez \u00e0 gauche sur la D52 direction Olonzac jusqu\u2019au rond-point<\/li>\n<li>Prenez la 2\u00e8me sortie Beaufort et continuez sur la D910<\/li>\n<li>Vous entrez le village par l\u2019Avenue du G\u00e9n\u00e9ral de Gaulle. Vous passez la Mairie \u00e0 votre gauche et puis, juste avant le panneau du restaurant l\u2019Auberge St Martin et avant l\u2019\u00e9glise, vous prenez la rue Centrale \u00e0 votre droite.<\/li>\n<li>Vous \u00eates arriv\u00e9s.<\/li>\n<\/ul>\n<h3>L\u2019itin\u00e9raire par Toulouse l\u2019A61<\/h3>\n<ul>\n<li>Prenez la sortie 24 Carcassonne-Est<\/li>\n<li>Prenez la D6113 direction Narbonne\/Tr\u00e8bes<\/li>\n<li>Poursuivez la D6113 jusqu\u2019\u00e0 la possibilit\u00e9 de prendre \u00e0 gauche la D610 \u00e0 Tr\u00e8bes<\/li>\n<li>Traversez le pont sur l\u2019Aude et traversez le village de Tr\u00e8bes jusqu\u2019au pont sur le Canal du Midi<\/li>\n<li>Tournez \u00e0 droite et traversez le pont sur le Canal du Midi<\/li>\n<li>Poursuivez la D610 jusqu\u2019\u00e0 apr\u00e8s Homps<\/li>\n<li>Quand vous arrivez \u00e0 la sortie L\u00e9zignan\/Narbonne \u00e0 votre droite, ne la prenez pas mais continuez encore quelques cents m\u00e8tres tout droit, la D610 change maintenant en D11<\/li>\n<li>Prenez \u00e0 gauche la D52E3 direction Olonzac<\/li>\n<li>Prenez \u00e0 gauche sur la D52 direction Olonzac jusqu\u2019au rond-point<\/li>\n<li>Prenez la 2\u00e8me sortie Beaufort et continuez sur la D910<\/li>\n<li>Vous entrez le village par l\u2019Avenue du G\u00e9n\u00e9ral de Gaulle. Vous passez la Mairie \u00e0 votre gauche et puis, juste avant le panneau du restaurant l\u2019Auberge St Martin et avant l\u2019\u00e9glise, vous prenez la rue Centrale \u00e0 votre droite.<\/li>\n<li>Vous \u00eates arriv\u00e9s.<\/li>\n<\/ul>\n<p>Pour pr\u00e9parer votre voyage:<br \/>\n<a href=\"http:\/\/www.bison-fute.gouv.fr\/\" target=\"_blank\" rel=\"noopener\">www.bison-fute.gouv.fr<\/a><br \/>\n<a href=\"http:\/\/www.bison-fute.gouv.fr\/IMG\/pdf\/18223_Calendrier_2019_Bison_Fute_A3_Simple.pdf\" target=\"_blank\" rel=\"noopener\">Le calendrier de Bison Fut\u00e9 des pr\u00e9visions de trafic 2019<\/a><\/p>\n<p>&nbsp;<\/p>\n","protected":false},"excerpt":{"rendered":"<p>Directions Coordonn\u00e9es GPS: 43.298549, 2.758699&nbsp; Agrandir le plan En voiture L\u2019itin\u00e9raire par B\u00e9ziers l\u2019A75 Prenez la sortie 36 direction Castres\/Mazamet\/Saint-Pons\/Vendres\/B\u00e9ziers-Ouest Au rond-point prenez la 1\u00e8re sortie sur la D64 Prenez la sortie D11 en direction de Montady\/Capestang\/Colombiers Continuez sur la D11 et ci-apr\u00e8s la D5 Prenez la sortie Olonzac et continuez sur la D52 jusqu\u2019au &hellip; <a href=\"https:\/\/la-maison-chabbert.com\/fr\/route\/\" class=\"more-link\">Continuer la lecture<span class=\"screen-reader-text\"> de &laquo;&nbsp;Route&nbsp;&raquo;<\/span><\/a><\/p>\n","protected":false},"author":1,"featured_media":1399,"parent":0,"menu_order":7,"comment_status":"closed","ping_status":"closed","template":"","meta":{"ngg_post_thumbnail":0,"footnotes":""},"class_list":["post-82","page","type-page","status-publish","has-post-thumbnail","hentry"],"translation":{"provider":"WPGlobus","version":"3.0.0","language":"fr","enabled_languages":["nl","fr","gb","de"],"languages":{"nl":{"title":true,"content":true,"excerpt":false},"fr":{"title":true,"content":true,"excerpt":false},"gb":{"title":true,"content":true,"excerpt":false},"de":{"title":true,"content":true,"excerpt":false}}},"yoast_head":"<!-- This site is optimized with the Yoast SEO plugin v24.4 - https:\/\/yoast.com\/wordpress\/plugins\/seo\/ -->\n<title>Route - La Maison Chabbert<\/title>\n<meta name=\"robots\" content=\"index, follow, max-snippet:-1, max-image-preview:large, max-video-preview:-1\" \/>\n<link rel=\"canonical\" href=\"https:\/\/la-maison-chabbert.com\/route\/\" \/>\n<meta property=\"og:locale\" content=\"fr_FR\" \/>\n<meta property=\"og:type\" content=\"article\" \/>\n<meta property=\"og:title\" content=\"Route - La Maison Chabbert\" \/>\n<meta property=\"og:url\" content=\"https:\/\/la-maison-chabbert.com\/route\/\" \/>\n<meta property=\"og:site_name\" content=\"La Maison Chabbert\" \/>\n<meta property=\"article:publisher\" content=\"https:\/\/www.facebook.com\/search\/top?q=lamaisonchabbert\" \/>\n<meta property=\"article:modified_time\" content=\"2025-06-10T07:11:46+00:00\" \/>\n<meta property=\"og:image\" content=\"https:\/\/la-maison-chabbert.com\/wp-content\/uploads\/Banner-2.jpg\" \/>\n\t<meta property=\"og:image:width\" content=\"1200\" \/>\n\t<meta property=\"og:image:height\" content=\"216\" \/>\n\t<meta property=\"og:image:type\" content=\"image\/jpeg\" \/>\n<meta name=\"twitter:card\" content=\"summary_large_image\" \/>\n<meta name=\"twitter:label1\" content=\"Dur\u00e9e de lecture estim\u00e9e\" \/>\n\t<meta name=\"twitter:data1\" content=\"3 minutes\" \/>\n<script type=\"application\/ld+json\" class=\"yoast-schema-graph\">{\"@context\":\"https:\/\/schema.org\",\"@graph\":[{\"@type\":\"WebPage\",\"@id\":\"https:\/\/la-maison-chabbert.com\/route\/\",\"url\":\"https:\/\/la-maison-chabbert.com\/route\/\",\"name\":\"Route - La Maison Chabbert\",\"isPartOf\":{\"@id\":\"https:\/\/la-maison-chabbert.com\/#website\"},\"primaryImageOfPage\":{\"@id\":\"https:\/\/la-maison-chabbert.com\/route\/#primaryimage\"},\"image\":{\"@id\":\"https:\/\/la-maison-chabbert.com\/route\/#primaryimage\"},\"thumbnailUrl\":\"https:\/\/la-maison-chabbert.com\/wp-content\/uploads\/Banner-2.jpg\",\"datePublished\":\"2016-10-05T19:35:29+00:00\",\"dateModified\":\"2025-06-10T07:11:46+00:00\",\"breadcrumb\":{\"@id\":\"https:\/\/la-maison-chabbert.com\/route\/#breadcrumb\"},\"inLanguage\":\"fr-FR\",\"potentialAction\":[{\"@type\":\"ReadAction\",\"target\":[\"https:\/\/la-maison-chabbert.com\/route\/\"]}]},{\"@type\":\"ImageObject\",\"inLanguage\":\"fr-FR\",\"@id\":\"https:\/\/la-maison-chabbert.com\/route\/#primaryimage\",\"url\":\"https:\/\/la-maison-chabbert.com\/wp-content\/uploads\/Banner-2.jpg\",\"contentUrl\":\"https:\/\/la-maison-chabbert.com\/wp-content\/uploads\/Banner-2.jpg\",\"width\":1200,\"height\":216},{\"@type\":\"BreadcrumbList\",\"@id\":\"https:\/\/la-maison-chabbert.com\/route\/#breadcrumb\",\"itemListElement\":[{\"@type\":\"ListItem\",\"position\":1,\"name\":\"Home\",\"item\":\"https:\/\/la-maison-chabbert.com\/\"},{\"@type\":\"ListItem\",\"position\":2,\"name\":\"Route\"}]},{\"@type\":\"WebSite\",\"@id\":\"https:\/\/la-maison-chabbert.com\/#website\",\"url\":\"https:\/\/la-maison-chabbert.com\/\",\"name\":\"La Maison Chabbert\",\"description\":\"schepje\",\"publisher\":{\"@id\":\"https:\/\/la-maison-chabbert.com\/#organization\"},\"potentialAction\":[{\"@type\":\"SearchAction\",\"target\":{\"@type\":\"EntryPoint\",\"urlTemplate\":\"https:\/\/la-maison-chabbert.com\/?s={search_term_string}\"},\"query-input\":{\"@type\":\"PropertyValueSpecification\",\"valueRequired\":true,\"valueName\":\"search_term_string\"}}],\"inLanguage\":\"fr-FR\"},{\"@type\":\"Organization\",\"@id\":\"https:\/\/la-maison-chabbert.com\/#organization\",\"name\":\"La Maison Chabbert\",\"url\":\"https:\/\/la-maison-chabbert.com\/\",\"logo\":{\"@type\":\"ImageObject\",\"inLanguage\":\"fr-FR\",\"@id\":\"https:\/\/la-maison-chabbert.com\/#\/schema\/logo\/image\/\",\"url\":\"https:\/\/la-maison-chabbert.com\/wp-content\/uploads\/chabbert.png\",\"contentUrl\":\"https:\/\/la-maison-chabbert.com\/wp-content\/uploads\/chabbert.png\",\"width\":421,\"height\":432,\"caption\":\"La Maison Chabbert\"},\"image\":{\"@id\":\"https:\/\/la-maison-chabbert.com\/#\/schema\/logo\/image\/\"},\"sameAs\":[\"https:\/\/www.facebook.com\/search\/top?q=lamaisonchabbert\",\"https:\/\/www.instagram.com\/lamaisonchabbert\/\"]}]}<\/script>\n<!-- \/ Yoast SEO plugin. -->","yoast_head_json":{"title":"Route - La Maison Chabbert","robots":{"index":"index","follow":"follow","max-snippet":"max-snippet:-1","max-image-preview":"max-image-preview:large","max-video-preview":"max-video-preview:-1"},"canonical":"https:\/\/la-maison-chabbert.com\/route\/","og_locale":"fr_FR","og_type":"article","og_title":"Route - La Maison Chabbert","og_url":"https:\/\/la-maison-chabbert.com\/route\/","og_site_name":"La Maison Chabbert","article_publisher":"https:\/\/www.facebook.com\/search\/top?q=lamaisonchabbert","article_modified_time":"2025-06-10T07:11:46+00:00","og_image":[{"width":1200,"height":216,"url":"https:\/\/la-maison-chabbert.com\/wp-content\/uploads\/Banner-2.jpg","type":"image\/jpeg"}],"twitter_card":"summary_large_image","twitter_misc":{"Dur\u00e9e de lecture estim\u00e9e":"3 minutes"},"schema":{"@context":"https:\/\/schema.org","@graph":[{"@type":"WebPage","@id":"https:\/\/la-maison-chabbert.com\/route\/","url":"https:\/\/la-maison-chabbert.com\/route\/","name":"Route - La Maison Chabbert","isPartOf":{"@id":"https:\/\/la-maison-chabbert.com\/#website"},"primaryImageOfPage":{"@id":"https:\/\/la-maison-chabbert.com\/route\/#primaryimage"},"image":{"@id":"https:\/\/la-maison-chabbert.com\/route\/#primaryimage"},"thumbnailUrl":"https:\/\/la-maison-chabbert.com\/wp-content\/uploads\/Banner-2.jpg","datePublished":"2016-10-05T19:35:29+00:00","dateModified":"2025-06-10T07:11:46+00:00","breadcrumb":{"@id":"https:\/\/la-maison-chabbert.com\/route\/#breadcrumb"},"inLanguage":"fr-FR","potentialAction":[{"@type":"ReadAction","target":["https:\/\/la-maison-chabbert.com\/route\/"]}]},{"@type":"ImageObject","inLanguage":"fr-FR","@id":"https:\/\/la-maison-chabbert.com\/route\/#primaryimage","url":"https:\/\/la-maison-chabbert.com\/wp-content\/uploads\/Banner-2.jpg","contentUrl":"https:\/\/la-maison-chabbert.com\/wp-content\/uploads\/Banner-2.jpg","width":1200,"height":216},{"@type":"BreadcrumbList","@id":"https:\/\/la-maison-chabbert.com\/route\/#breadcrumb","itemListElement":[{"@type":"ListItem","position":1,"name":"Home","item":"https:\/\/la-maison-chabbert.com\/"},{"@type":"ListItem","position":2,"name":"Route"}]},{"@type":"WebSite","@id":"https:\/\/la-maison-chabbert.com\/#website","url":"https:\/\/la-maison-chabbert.com\/","name":"La Maison Chabbert","description":"schepje","publisher":{"@id":"https:\/\/la-maison-chabbert.com\/#organization"},"potentialAction":[{"@type":"SearchAction","target":{"@type":"EntryPoint","urlTemplate":"https:\/\/la-maison-chabbert.com\/?s={search_term_string}"},"query-input":{"@type":"PropertyValueSpecification","valueRequired":true,"valueName":"search_term_string"}}],"inLanguage":"fr-FR"},{"@type":"Organization","@id":"https:\/\/la-maison-chabbert.com\/#organization","name":"La Maison Chabbert","url":"https:\/\/la-maison-chabbert.com\/","logo":{"@type":"ImageObject","inLanguage":"fr-FR","@id":"https:\/\/la-maison-chabbert.com\/#\/schema\/logo\/image\/","url":"https:\/\/la-maison-chabbert.com\/wp-content\/uploads\/chabbert.png","contentUrl":"https:\/\/la-maison-chabbert.com\/wp-content\/uploads\/chabbert.png","width":421,"height":432,"caption":"La Maison Chabbert"},"image":{"@id":"https:\/\/la-maison-chabbert.com\/#\/schema\/logo\/image\/"},"sameAs":["https:\/\/www.facebook.com\/search\/top?q=lamaisonchabbert","https:\/\/www.instagram.com\/lamaisonchabbert\/"]}]}},"_links":{"self":[{"href":"https:\/\/la-maison-chabbert.com\/fr\/wp-json\/wp\/v2\/pages\/82","targetHints":{"allow":["GET"]}}],"collection":[{"href":"https:\/\/la-maison-chabbert.com\/fr\/wp-json\/wp\/v2\/pages"}],"about":[{"href":"https:\/\/la-maison-chabbert.com\/fr\/wp-json\/wp\/v2\/types\/page"}],"author":[{"embeddable":true,"href":"https:\/\/la-maison-chabbert.com\/fr\/wp-json\/wp\/v2\/users\/1"}],"replies":[{"embeddable":true,"href":"https:\/\/la-maison-chabbert.com\/fr\/wp-json\/wp\/v2\/comments?post=82"}],"version-history":[{"count":51,"href":"https:\/\/la-maison-chabbert.com\/fr\/wp-json\/wp\/v2\/pages\/82\/revisions"}],"predecessor-version":[{"id":6747,"href":"https:\/\/la-maison-chabbert.com\/fr\/wp-json\/wp\/v2\/pages\/82\/revisions\/6747"}],"wp:featuredmedia":[{"embeddable":true,"href":"https:\/\/la-maison-chabbert.com\/fr\/wp-json\/wp\/v2\/media\/1399"}],"wp:attachment":[{"href":"https:\/\/la-maison-chabbert.com\/fr\/wp-json\/wp\/v2\/media?parent=82"}],"curies":[{"name":"wp","href":"https:\/\/api.w.org\/{rel}","templated":true}]}}